{"id":12716,"date":"2026-01-28T19:01:39","date_gmt":"2026-01-28T18:01:39","guid":{"rendered":"https:\/\/parapharmacieenligne.ma\/?post_type=product&#038;p=12716"},"modified":"2026-01-28T19:05:00","modified_gmt":"2026-01-28T18:05:00","slug":"centifolia-dentifrice-fluor-haleine-fraicheur-intense-75ml","status":"publish","type":"product","link":"https:\/\/parapharmacieenligne.ma\/en\/product\/centifolia-dentifrice-fluor-haleine-fraicheur-intense-75ml\/","title":{"rendered":"Centifolia Dentifrice Fluor Haleine Fraicheur Intense 75ml"},"content":{"rendered":"<div aria-labelledby=\"tab-title-description\" class=\"woocommerce-Tabs-panel woocommerce-Tabs-panel--description panel entry-content wc-tab\" id=\"tab-description\" role=\"tabpanel\" style=\"\">\n<h2>Description<\/h2>\n<p>Centifolia a choisi, comme ingr\u00e9dient phare, un actif aux merveilleuses vertus : la Menthe verte BIO. Il apporte un go\u00fbt irr\u00e9sistible qui procure une fra\u00eecheur inimitable pour lutter contre la mauvaise haleine.<\/p>\n<p>Ce dentifrice assure une<strong> hygi\u00e8ne buccale parfaite<\/strong>. Il nettoie, purifie et prot\u00e8ge efficacement les dents de toute la famille \u00e0 partir de 7 ans. Sa formule rafra\u00eechissante et purifiante prot\u00e8ge les gencives et respecte l\u2019email des dents, tout en procurant une <strong>haleine fra\u00eeche intense et durable<\/strong>. Il aide \u00e0 \u00e9liminer la plaque dentaire.<\/p>\n<p>Contient du <strong>fluorure de sodium<\/strong> (dosage selon les derni\u00e8res recommandations de l\u2019UFSBD 1450ppm) :<\/p>\n<ul>\n<li>Permet de lutter contre les caries<\/li>\n<li>D\u2019am\u00e9liorer la force des dents<\/li>\n<li>D\u2019am\u00e9liorer la remin\u00e9ralisation de l\u2019\u00e9mail des dents*<\/li>\n<\/ul>\n<p>Selon L\u2019Union Fran\u00e7aise pour la Sant\u00e9 Bucco-Dentaire le fluor est l\u2019actif anti-carie le plus efficace*. Utilis\u00e9 de mani\u00e8re raisonn\u00e9e, le fluor est un alli\u00e9 tr\u00e8s pr\u00e9cieux pour la sant\u00e9 de vos dents.<\/p>\n<p><strong>QUAND UTILISER UN DENTIFRICE SANS FLUOR ? <\/strong><\/p>\n<p>En cas d\u2019apport de fluorures provenant d\u2019autres sources. Si vous \u00eates tr\u00e8s rigoureux (se brosser les dents 3 \u00e0 4 minutes 2 fois par jour). Mais les dentifrices sans fluor ne conviennent pas aux personnes ayant beaucoup de caries dans la famille, ni aux sujets \u00e2g\u00e9s (avec l\u2019\u00e2ge le risque carieux augmente car nous fabriquons moins de salives, au r\u00f4le protecteur contre les caries)**<\/p>\n<p>SACHANT QUE LE BROSSAGE DES FRAN\u00c7AIS ATTEINT 43 SECONDES**<\/p>\n<p>Ils est pr\u00e9f\u00e9rable d\u2019utiliser un dentifrice <strong>avec FLUOR<\/strong> pour vous garantir une sant\u00e9 buccodentaire optimale et ainsi \u00e9viter une surexposition aux caries !<\/p>\n<p>Emballage recyclable et garanti sans phtalate ni Bisph\u00e9nol A. Produit non test\u00e9 sur les animaux.<\/p>\n<\/p><\/div>","protected":false},"excerpt":{"rendered":"<p>Highlights:Fra\u00eecheur longue dur\u00e9eA l\u2019extrait de Menthe verte BIOContient du fluorure de sodium (1450ppm)Convient aux femmes enceintes ou allaitantesSans dioxyde de titane, sans sulfate, sans silice,Sans huiles essentielles<\/p>","protected":false},"featured_media":12788,"comment_status":"open","ping_status":"closed","template":"","meta":[],"product_cat":[88],"product_tag":[],"yith_product_brand":[161],"class_list":{"0":"post-12716","1":"product","2":"type-product","3":"status-publish","4":"has-post-thumbnail","6":"product_cat-soins-bucco-dentaires","7":"yith_product_brand-centifolia","9":"first","10":"instock","11":"sale","12":"shipping-taxable","13":"purchasable","14":"product-type-simple"},"_links":{"self":[{"href":"https:\/\/parapharmacieenligne.ma\/en\/wp-json\/wp\/v2\/product\/12716","targetHints":{"allow":["GET"]}}],"collection":[{"href":"https:\/\/parapharmacieenligne.ma\/en\/wp-json\/wp\/v2\/product"}],"about":[{"href":"https:\/\/parapharmacieenligne.ma\/en\/wp-json\/wp\/v2\/types\/product"}],"replies":[{"embeddable":true,"href":"https:\/\/parapharmacieenligne.ma\/en\/wp-json\/wp\/v2\/comments?post=12716"}],"version-history":[{"count":1,"href":"https:\/\/parapharmacieenligne.ma\/en\/wp-json\/wp\/v2\/product\/12716\/revisions"}],"predecessor-version":[{"id":12789,"href":"https:\/\/parapharmacieenligne.ma\/en\/wp-json\/wp\/v2\/product\/12716\/revisions\/12789"}],"wp:featuredmedia":[{"embeddable":true,"href":"https:\/\/parapharmacieenligne.ma\/en\/wp-json\/wp\/v2\/media\/12788"}],"wp:attachment":[{"href":"https:\/\/parapharmacieenligne.ma\/en\/wp-json\/wp\/v2\/media?parent=12716"}],"wp:term":[{"taxonomy":"product_cat","embeddable":true,"href":"https:\/\/parapharmacieenligne.ma\/en\/wp-json\/wp\/v2\/product_cat?post=12716"},{"taxonomy":"product_tag","embeddable":true,"href":"https:\/\/parapharmacieenligne.ma\/en\/wp-json\/wp\/v2\/product_tag?post=12716"},{"taxonomy":"yith_product_brand","embeddable":true,"href":"https:\/\/parapharmacieenligne.ma\/en\/wp-json\/wp\/v2\/yith_product_brand?post=12716"}],"curies":[{"name":"wp","href":"https:\/\/api.w.org\/{rel}","templated":true}]}}