{"id":12717,"date":"2026-01-28T19:01:39","date_gmt":"2026-01-28T18:01:39","guid":{"rendered":"https:\/\/parapharmacieenligne.ma\/?post_type=product&#038;p=12717"},"modified":"2026-01-28T19:05:10","modified_gmt":"2026-01-28T18:05:10","slug":"centifolia-liquide-vaisselle-bebe-495ml","status":"publish","type":"product","link":"https:\/\/parapharmacieenligne.ma\/en\/product\/centifolia-liquide-vaisselle-bebe-495ml\/","title":{"rendered":"Centifolia Liquide Vaisselle B\u00e9b\u00e9 495Ml"},"content":{"rendered":"<div aria-labelledby=\"tab-title-description\" class=\"woocommerce-Tabs-panel woocommerce-Tabs-panel--description panel entry-content wc-tab\" id=\"tab-description\" role=\"tabpanel\" style=\"\">\n<h2>Description<\/h2>\n<p>Liquide vaisselle Hypoallergenique de Centifolia b\u00e9b\u00e9 est sans parfum, sans huile essentielle, sans colorant, sans azurant optique. Il nettoie et d\u00e9graisse l\u2019ensemble des ustensiles de b\u00e9b\u00e9 : t\u00e9tine biberons vaisselle de b\u00e9b\u00e9 .<\/p>\n<p>Le liquide vaisselle neutre de Centifolia nettoie et d\u00e9graisse. Il peut \u00eatre utilis\u00e9 pour nettoyer tous les ustensiles de b\u00e9b\u00e9 : t\u00e9tines, biberons, vaisselles\u2026<br \/>\n Liquide vaisselle neutre pour b\u00e9b\u00e9 sans parfum, sans huile essentielle, sans colorant, sans azurant optique.<\/p>\n<p>\u2013 Pas de parfum, pas d\u2019agent azurant, pas d\u2019huiles essentielles ni de colorants<br \/>\n \u2013 Peut \u00eatre utilis\u00e9 sur plusieurs surfaces<br \/>\n \u2013 Convient aux peaux sensibles.<br \/>\n Le liquide vaisselle neutre de Centifolia nettoie et d\u00e9graisse. Il peut \u00eatre utilis\u00e9 pour nettoyer tous les ustensiles de b\u00e9b\u00e9: t\u00e9tines, biberons, vaisselles\u2026<br \/>\n Liquide vaisselle neutre pour b\u00e9b\u00e9 sans parfum, sans huile essentielle, sans colorant, sans azurant optique.<\/p>\n<\/p><\/div>","protected":false},"excerpt":{"rendered":"<p>Highlights:Liquide vaisselle hypoallergenique de Centifolia b\u00e9b\u00e9 est sans parfum, sans huile essentielle, sans colorant, sans azurant optique. Il nettoie et d\u00e9graisse l\u2019ensemble des ustensiles de b\u00e9b\u00e9: t\u00e9tine biberons vaisselle de b\u00e9b\u00e9.<\/p>","protected":false},"featured_media":12790,"comment_status":"open","ping_status":"closed","template":"","meta":[],"product_cat":[87],"product_tag":[],"yith_product_brand":[161],"class_list":{"0":"post-12717","1":"product","2":"type-product","3":"status-publish","4":"has-post-thumbnail","6":"product_cat-bebe-et-maman","7":"yith_product_brand-centifolia","9":"first","10":"instock","11":"sale","12":"shipping-taxable","13":"purchasable","14":"product-type-simple"},"_links":{"self":[{"href":"https:\/\/parapharmacieenligne.ma\/en\/wp-json\/wp\/v2\/product\/12717","targetHints":{"allow":["GET"]}}],"collection":[{"href":"https:\/\/parapharmacieenligne.ma\/en\/wp-json\/wp\/v2\/product"}],"about":[{"href":"https:\/\/parapharmacieenligne.ma\/en\/wp-json\/wp\/v2\/types\/product"}],"replies":[{"embeddable":true,"href":"https:\/\/parapharmacieenligne.ma\/en\/wp-json\/wp\/v2\/comments?post=12717"}],"version-history":[{"count":1,"href":"https:\/\/parapharmacieenligne.ma\/en\/wp-json\/wp\/v2\/product\/12717\/revisions"}],"predecessor-version":[{"id":12791,"href":"https:\/\/parapharmacieenligne.ma\/en\/wp-json\/wp\/v2\/product\/12717\/revisions\/12791"}],"wp:featuredmedia":[{"embeddable":true,"href":"https:\/\/parapharmacieenligne.ma\/en\/wp-json\/wp\/v2\/media\/12790"}],"wp:attachment":[{"href":"https:\/\/parapharmacieenligne.ma\/en\/wp-json\/wp\/v2\/media?parent=12717"}],"wp:term":[{"taxonomy":"product_cat","embeddable":true,"href":"https:\/\/parapharmacieenligne.ma\/en\/wp-json\/wp\/v2\/product_cat?post=12717"},{"taxonomy":"product_tag","embeddable":true,"href":"https:\/\/parapharmacieenligne.ma\/en\/wp-json\/wp\/v2\/product_tag?post=12717"},{"taxonomy":"yith_product_brand","embeddable":true,"href":"https:\/\/parapharmacieenligne.ma\/en\/wp-json\/wp\/v2\/yith_product_brand?post=12717"}],"curies":[{"name":"wp","href":"https:\/\/api.w.org\/{rel}","templated":true}]}}