{"id":12720,"date":"2026-01-28T19:01:41","date_gmt":"2026-01-28T18:01:41","guid":{"rendered":"https:\/\/parapharmacieenligne.ma\/?post_type=product&#038;p=12720"},"modified":"2026-01-28T19:05:29","modified_gmt":"2026-01-28T18:05:29","slug":"centifolia-shampoing-creme-antipelliculaire200ml","status":"publish","type":"product","link":"https:\/\/parapharmacieenligne.ma\/en\/product\/centifolia-shampoing-creme-antipelliculaire200ml\/","title":{"rendered":"CENTIFOLIA SHAMPOING CR\u00c8ME ANTIPELLICULAIRE200ml"},"content":{"rendered":"<div aria-labelledby=\"tab-title-description\" class=\"woocommerce-Tabs-panel woocommerce-Tabs-panel--description panel entry-content wc-tab\" id=\"tab-description\" role=\"tabpanel\" style=\"\">\n<h2>Description<\/h2>\n<p>Le Shampoing Cr\u00e8me Antipelliculaire de la marque Centifolia nettoie les cheveux tout en apaisant le cuir chevelu et en diminuant l\u2019apparition des pellicules. Efficacit\u00e9 prouv\u00e9e d\u00e8s la premi\u00e8re utilisation !<\/p>\n<p>Compos\u00e9 d\u2019ingr\u00e9dients naturels et bios, ce shampoing est un vrai bonheur pour les cuirs chevelus irrit\u00e9s qui ont tendance \u00e0 gratter r\u00e9guli\u00e8rement. En plus de limiter l\u2019apparition des pellicules, il nettoie les cheveux en douceur et les laisse l\u00e9gers et tout doux !<\/p>\n<p>Dans sa formule, on retrouve :<\/p>\n<p>&gt; de l\u2019extrait de Ziziphus Joazeiro, un actif antipelliculaire 100% naturel, son efficacit\u00e9 pour apaiser les d\u00e9mangeaisons et r\u00e9duire les pellicules a \u00e9t\u00e9 prouv\u00e9e par des tests<\/p>\n<p>&gt; de l\u2019eucalyptus pour redonner de la l\u00e9g\u00e8ret\u00e9 aux cheveux et purifier le cuir chevelu<\/p>\n<p>&gt; de l\u2019huile de tournesol pour ses propri\u00e9t\u00e9s adoucissantes et nourrissantes<\/p>\n<p>&gt; de la poudre d\u2019amande douce pour faciliter le coiffage.<\/p>\n<p>Sa texture de cr\u00e8me ultra-douce est un vrai bonheur \u00e0 utiliser, son \u00e9mulsion l\u00e9g\u00e8re l\u2019est tout autant !<\/p>\n<p>82% des personnes qui ont test\u00e9 le shampoing ont trouv\u00e9 leur cuir chevelu plus apais\u00e9 et \u00e9quilibr\u00e9 et 86% ont trouv\u00e9 leurs cheveux plus l\u00e9gers. Les tests parlent pour eux !<\/p>\n<p>La formule du shampoing est vegan et contient 98% d\u2019ingr\u00e9dients d\u2019origine naturelle. En plus de tout \u00e7a, 98,4% de la formule est biod\u00e9gradable. Un shampoing qui fait du bien au cuir chevelu et aux oc\u00e9ans !<\/p>\n<\/p><\/div>","protected":false},"excerpt":{"rendered":"<p>Highlights:Le Shampoing Cr\u00e8me Antipelliculaire de la marque Centifolia nettoie les cheveux tout en apaisant le cuir chevelu et en diminuant l\u2019apparition des pellicules. Efficacit\u00e9 prouv\u00e9e d\u00e8s la premi\u00e8re utilisation !<\/p>","protected":false},"featured_media":12801,"comment_status":"open","ping_status":"closed","template":"","meta":[],"product_cat":[84],"product_tag":[],"yith_product_brand":[161],"class_list":{"0":"post-12720","1":"product","2":"type-product","3":"status-publish","4":"has-post-thumbnail","6":"product_cat-soins-cheveux","7":"yith_product_brand-centifolia","9":"first","10":"instock","11":"sale","12":"shipping-taxable","13":"purchasable","14":"product-type-simple"},"_links":{"self":[{"href":"https:\/\/parapharmacieenligne.ma\/en\/wp-json\/wp\/v2\/product\/12720","targetHints":{"allow":["GET"]}}],"collection":[{"href":"https:\/\/parapharmacieenligne.ma\/en\/wp-json\/wp\/v2\/product"}],"about":[{"href":"https:\/\/parapharmacieenligne.ma\/en\/wp-json\/wp\/v2\/types\/product"}],"replies":[{"embeddable":true,"href":"https:\/\/parapharmacieenligne.ma\/en\/wp-json\/wp\/v2\/comments?post=12720"}],"version-history":[{"count":1,"href":"https:\/\/parapharmacieenligne.ma\/en\/wp-json\/wp\/v2\/product\/12720\/revisions"}],"predecessor-version":[{"id":12802,"href":"https:\/\/parapharmacieenligne.ma\/en\/wp-json\/wp\/v2\/product\/12720\/revisions\/12802"}],"wp:featuredmedia":[{"embeddable":true,"href":"https:\/\/parapharmacieenligne.ma\/en\/wp-json\/wp\/v2\/media\/12801"}],"wp:attachment":[{"href":"https:\/\/parapharmacieenligne.ma\/en\/wp-json\/wp\/v2\/media?parent=12720"}],"wp:term":[{"taxonomy":"product_cat","embeddable":true,"href":"https:\/\/parapharmacieenligne.ma\/en\/wp-json\/wp\/v2\/product_cat?post=12720"},{"taxonomy":"product_tag","embeddable":true,"href":"https:\/\/parapharmacieenligne.ma\/en\/wp-json\/wp\/v2\/product_tag?post=12720"},{"taxonomy":"yith_product_brand","embeddable":true,"href":"https:\/\/parapharmacieenligne.ma\/en\/wp-json\/wp\/v2\/yith_product_brand?post=12720"}],"curies":[{"name":"wp","href":"https:\/\/api.w.org\/{rel}","templated":true}]}}