{"id":12721,"date":"2026-01-28T19:01:42","date_gmt":"2026-01-28T18:01:42","guid":{"rendered":"https:\/\/parapharmacieenligne.ma\/?post_type=product&#038;p=12721"},"modified":"2026-01-28T19:05:33","modified_gmt":"2026-01-28T18:05:33","slug":"centifolia-shampoing-creme-reparateur-200ml","status":"publish","type":"product","link":"https:\/\/parapharmacieenligne.ma\/en\/product\/centifolia-shampoing-creme-reparateur-200ml\/","title":{"rendered":"CENTIFOLIA SHAMPOING CR\u00c8ME R\u00c9PARATEUR 200ml"},"content":{"rendered":"<div aria-labelledby=\"tab-title-description\" class=\"woocommerce-Tabs-panel woocommerce-Tabs-panel--description panel entry-content wc-tab\" id=\"tab-description\" role=\"tabpanel\" style=\"\">\n<h2>Description<\/h2>\n<p>Adapt\u00e9 aux <strong>cheveux fragilis\u00e9s et cassants<\/strong>, le shampoing cr\u00e8me r\u00e9parateur Centifolia lave vos cheveux sans les agresser gr\u00e2ce \u00e0 sa formule bio ultra-douce et biod\u00e9gradable. Une texture cr\u00e8me obtenue gr\u00e2ce \u00e0 une v\u00e9ritable \u00e9mulsion, qui consiste \u00e0 m\u00e9langer la phase aqueuse avec de l\u2019huile pour obtenir une jolie cr\u00e8me respectueuse de votre fibre capillaire.<\/p>\n<p>L\u2019<strong>huile de Ricin BIO<\/strong> obtenu par premi\u00e8re pression \u00e0 froid a \u00e9t\u00e9 minutieusement s\u00e9lectionn\u00e9e pour renforcer vos cheveux.<\/p>\n<p>La <strong>K\u00e9ratine V\u00e9g\u00e9tale<\/strong> va pr\u00e9server la structure interne du cheveu face aux agressions en limitant l\u00b4alt\u00e9ration des prot\u00e9ines, constituant majeur de la fibre capillaire. Elle apporte un effet gainant et offre \u00e0 votre chevelure douceur et l\u00e9g\u00e8ret\u00e9.<\/p>\n<p><strong>Mieux prot\u00e9g\u00e9s et r\u00e9par\u00e9s jusqu\u2019 aux pointes<\/strong>, vos cheveux sont fortifi\u00e9s et plus r\u00e9sistants d\u00e8s le 1er shampooing. Doux au toucher, ils sont vraiment plus faciles \u00e0 coiffer.<\/p>\n<p>Pour r\u00e9parer vos cheveux, d\u00e9couvrez votre nouvelle routine capillaire Centifolia : <strong>SOIN REPARATEUR <\/strong><\/p>\n<\/p><\/div>","protected":false},"excerpt":{"rendered":"<p>Highlights:Plus r\u00e9sistants d\u00e8s le 1er shampoingFormul\u00e9 avec de la K\u00e9ratine V\u00e9g\u00e9taleBase lavante extr\u00eamement douceFormule 98,3% BIODEGRADABLE<\/p>","protected":false},"featured_media":12803,"comment_status":"open","ping_status":"closed","template":"","meta":[],"product_cat":[84],"product_tag":[],"yith_product_brand":[161],"class_list":{"0":"post-12721","1":"product","2":"type-product","3":"status-publish","4":"has-post-thumbnail","6":"product_cat-soins-cheveux","7":"yith_product_brand-centifolia","9":"first","10":"instock","11":"sale","12":"shipping-taxable","13":"purchasable","14":"product-type-simple"},"_links":{"self":[{"href":"https:\/\/parapharmacieenligne.ma\/en\/wp-json\/wp\/v2\/product\/12721","targetHints":{"allow":["GET"]}}],"collection":[{"href":"https:\/\/parapharmacieenligne.ma\/en\/wp-json\/wp\/v2\/product"}],"about":[{"href":"https:\/\/parapharmacieenligne.ma\/en\/wp-json\/wp\/v2\/types\/product"}],"replies":[{"embeddable":true,"href":"https:\/\/parapharmacieenligne.ma\/en\/wp-json\/wp\/v2\/comments?post=12721"}],"version-history":[{"count":1,"href":"https:\/\/parapharmacieenligne.ma\/en\/wp-json\/wp\/v2\/product\/12721\/revisions"}],"predecessor-version":[{"id":12804,"href":"https:\/\/parapharmacieenligne.ma\/en\/wp-json\/wp\/v2\/product\/12721\/revisions\/12804"}],"wp:featuredmedia":[{"embeddable":true,"href":"https:\/\/parapharmacieenligne.ma\/en\/wp-json\/wp\/v2\/media\/12803"}],"wp:attachment":[{"href":"https:\/\/parapharmacieenligne.ma\/en\/wp-json\/wp\/v2\/media?parent=12721"}],"wp:term":[{"taxonomy":"product_cat","embeddable":true,"href":"https:\/\/parapharmacieenligne.ma\/en\/wp-json\/wp\/v2\/product_cat?post=12721"},{"taxonomy":"product_tag","embeddable":true,"href":"https:\/\/parapharmacieenligne.ma\/en\/wp-json\/wp\/v2\/product_tag?post=12721"},{"taxonomy":"yith_product_brand","embeddable":true,"href":"https:\/\/parapharmacieenligne.ma\/en\/wp-json\/wp\/v2\/yith_product_brand?post=12721"}],"curies":[{"name":"wp","href":"https:\/\/api.w.org\/{rel}","templated":true}]}}