{"id":12737,"date":"2026-01-28T19:02:46","date_gmt":"2026-01-28T18:02:46","guid":{"rendered":"https:\/\/parapharmacieenligne.ma\/?post_type=product&#038;p=12737"},"modified":"2026-01-28T19:05:55","modified_gmt":"2026-01-28T18:05:55","slug":"centifolia-masque-richesse-extreme-multi-usages-200ml","status":"publish","type":"product","link":"https:\/\/parapharmacieenligne.ma\/en\/product\/centifolia-masque-richesse-extreme-multi-usages-200ml\/","title":{"rendered":"CENTIFOLIA MASQUE RICHESSE EXTR\u00caME MULTI-USAGES 200ml"},"content":{"rendered":"<div aria-labelledby=\"tab-title-description\" class=\"woocommerce-Tabs-panel woocommerce-Tabs-panel--description panel entry-content wc-tab\" id=\"tab-description\" role=\"tabpanel\" style=\"\">\n<h2>Description<\/h2>\n<p>Adapt\u00e9 aux cheveux tr\u00e9s secs m\u00eame fris\u00e9s, le masque richesse extr\u00eame nutrition multi-usages Centifolia nourris et r\u00e9pare vos cheveux d\u00e8s la premi\u00e8re utilisation gr\u00e2ce \u00e0 sa formule bio efficace, ultra-douce et biod\u00e9gradable.<\/p>\n<p>L\u2019Huile d\u2019Abricot BIO a \u00e9t\u00e9 minutieusement s\u00e9lectionn\u00e9e pour nourrir les cheveux dess\u00e9ch\u00e9s, jusqu\u2019aux pointes.<\/p>\n<p>l\u2019ACTIF DE BURITI BIO PHOTO PROTECTEUR, riche en carot\u00e9no\u00efdes et poss\u00e9dant des propri\u00e9t\u00e9s anti-oxydantes, cette huile est aussi photoprotectrice et prot\u00e8ge des m\u00e9faits du soleil en absorbant une partie des UV et en emprisonnant les radicaux libres.<\/p>\n<p>Un soin hautement concentr\u00e9 en huiles, qui p\u00e9n\u00e8tre la fibre capillaire en profondeur afin de la restructurer. Intens\u00e9ment nourris et r\u00e9par\u00e9s de la racine aux pointes, vos cheveux sont extr\u00eamement faciles \u00e0 coiffer. Ils retrouvent une douceur irr\u00e9sistible d\u00e8s la premi\u00e8re utilisation.<\/p>\n<p>Vous allez adorer son utilisation multi-usages avant shampooing sur cheveux secs !<\/p>\n<p><strong>Conseils d\u2019utilisation :<\/strong><\/p>\n<p>MULTI-USAGES selon votre besoin :<\/p>\n<p>EN MASQUE AVANT SHAMPOOING : appliquer une noisette de produit sur cheveux secs, laisser poser 5 minutes pour un soin express ou toute la nuit pour nourrir en profondeur, puis rincer avec un shampooing plusieurs fois.<\/p>\n<p>Astuce : N\u2019h\u00e9sitez pas en fonction de votre type de cheveux (s\u2019ils sont plus ou moins secs) de faire plusieurs shampooings pour bien rincer vos cheveux et ne pas avoir les cheveux gras au s\u00e9chage. En fonction des cheveux les personnes ont besoin de faire un shampooing, ou 2 ou 3 pour bien rincer, \u00e0 ajuster en fonction de vos cheveux.<\/p>\n<p>EN SOIN SANS RIN\u00c7AGE : \u00e0 appliquer sur cheveux secs en petite quantit\u00e9 sur vos pointes pour r\u00e9parer vos pointes s\u00e8ches.<\/p>\n<p>Convient aux cheveux color\u00e9s et boucl\u00e9s.<\/p>\n<\/p><\/div>","protected":false},"excerpt":{"rendered":"<p>Highlights:Soin avant shampoing concentr\u00e9 en huiles pour cheveux tr\u00e8s secs m\u00eame fris\u00e9sDouceur irr\u00e9sistible d\u00e8s la premi\u00e8re utilisationFormul\u00e9 avec un actif de buriti bio photo protecteurFormule 99,9% BIODEGRADABLEPot 100% recycl\u00e9 et recyclable99% d\u2019ingr\u00e9dients d\u2019origine naturelleFormule vegan<\/p>","protected":false},"featured_media":12817,"comment_status":"open","ping_status":"closed","template":"","meta":[],"product_cat":[84],"product_tag":[],"yith_product_brand":[161],"class_list":{"0":"post-12737","1":"product","2":"type-product","3":"status-publish","4":"has-post-thumbnail","6":"product_cat-soins-cheveux","7":"yith_product_brand-centifolia","9":"first","10":"instock","11":"sale","12":"shipping-taxable","13":"purchasable","14":"product-type-simple"},"_links":{"self":[{"href":"https:\/\/parapharmacieenligne.ma\/en\/wp-json\/wp\/v2\/product\/12737","targetHints":{"allow":["GET"]}}],"collection":[{"href":"https:\/\/parapharmacieenligne.ma\/en\/wp-json\/wp\/v2\/product"}],"about":[{"href":"https:\/\/parapharmacieenligne.ma\/en\/wp-json\/wp\/v2\/types\/product"}],"replies":[{"embeddable":true,"href":"https:\/\/parapharmacieenligne.ma\/en\/wp-json\/wp\/v2\/comments?post=12737"}],"version-history":[{"count":1,"href":"https:\/\/parapharmacieenligne.ma\/en\/wp-json\/wp\/v2\/product\/12737\/revisions"}],"predecessor-version":[{"id":12818,"href":"https:\/\/parapharmacieenligne.ma\/en\/wp-json\/wp\/v2\/product\/12737\/revisions\/12818"}],"wp:featuredmedia":[{"embeddable":true,"href":"https:\/\/parapharmacieenligne.ma\/en\/wp-json\/wp\/v2\/media\/12817"}],"wp:attachment":[{"href":"https:\/\/parapharmacieenligne.ma\/en\/wp-json\/wp\/v2\/media?parent=12737"}],"wp:term":[{"taxonomy":"product_cat","embeddable":true,"href":"https:\/\/parapharmacieenligne.ma\/en\/wp-json\/wp\/v2\/product_cat?post=12737"},{"taxonomy":"product_tag","embeddable":true,"href":"https:\/\/parapharmacieenligne.ma\/en\/wp-json\/wp\/v2\/product_tag?post=12737"},{"taxonomy":"yith_product_brand","embeddable":true,"href":"https:\/\/parapharmacieenligne.ma\/en\/wp-json\/wp\/v2\/yith_product_brand?post=12737"}],"curies":[{"name":"wp","href":"https:\/\/api.w.org\/{rel}","templated":true}]}}