{"id":12761,"date":"2026-01-28T19:04:17","date_gmt":"2026-01-28T18:04:17","guid":{"rendered":"https:\/\/parapharmacieenligne.ma\/?post_type=product&#038;p=12761"},"modified":"2026-01-28T19:06:36","modified_gmt":"2026-01-28T18:06:36","slug":"centifolia-huile-de-massage-bebe-100ml","status":"publish","type":"product","link":"https:\/\/parapharmacieenligne.ma\/en\/product\/centifolia-huile-de-massage-bebe-100ml\/","title":{"rendered":"CENTIFOLIA HUILE DE MASSAGE B\u00c9B\u00c9 100ml"},"content":{"rendered":"<div aria-labelledby=\"tab-title-description\" class=\"woocommerce-Tabs-panel woocommerce-Tabs-panel--description panel entry-content wc-tab\" id=\"tab-description\" role=\"tabpanel\" style=\"\">\n<h2>Description<\/h2>\n<p>Cette huile de massage procure un instant privil\u00e9gi\u00e9 de douceur et d\u2019attention pour b\u00e9b\u00e9. Sa texture p\u00e9n\u00e8tre facilement tout en facilitant le massage. Elle permet de nourrir la peau et d\u2019apaiser b\u00e9b\u00e9.<\/p>\n<p>Pour sa gamme b\u00e9b\u00e9, Centifolia a puis\u00e9 des actifs v\u00e9g\u00e9taux parmi les plus doux que nous offre la nature. L\u2019huile de Cam\u00e9lia Japonica est reconnue pour ses propri\u00e9t\u00e9s apaisantes permettant une diminution des rougeurs(1), protectrices gr\u00e2ce \u00e0 son pouvoir antioxydant sup\u00e9rieur \u00e0 celui de la vitamine E et comparable \u00e0 celui de la vitamine C(2) et fortifiantes avec am\u00e9lioration de l\u2019hydratation et du renforcement de la barri\u00e8re cutan\u00e9e(3). Cette huile a \u00e9galement \u00e9t\u00e9 formul\u00e9e avec de l\u2019huile d\u2019Amande douce bio reconnue pour \u00eatre bien tol\u00e9r\u00e9e par les b\u00e9b\u00e9s, pour p\u00e9n\u00e9trer facilement, et pour ses vertus adoucissantes et apaisantes (4). Gr\u00e2ce \u00e0 ces actifs uniques et rigoureusement s\u00e9lectionn\u00e9s, ces produits haute tol\u00e9rance permettent de r\u00e9pondre aux besoins de la peau d\u00e9licate de b\u00e9b\u00e9 au quotidien et d\u00e8s la naissance.<\/p>\n<p>Flacon verre 100% recyclable, garanti sans phtalate ni Bisph\u00e9nol A. Con\u00e7u et fabriqu\u00e9 en France.<\/p>\n<p><strong>Conseils d\u2019utilisation :<\/strong><\/p>\n<section id=\"wrapper\">\n<div id=\"content-wrapper\">\n<div class=\"product-wrapper\">\n<div class=\"container\">\n<section class=\"product-tabs tabs\">\n<div class=\"row\">\n<div class=\"col-md-6 col-xs-12\">\n<div class=\"tab-content\" id=\"tab-content\">\n<div aria-expanded=\"true\" class=\"tab-pane fade in active\" id=\"advices\" role=\"tabpanel\">\n<div class=\"product-advices\">\n<p>Appliquer sur la peau propre et s\u00e8che de b\u00e9b\u00e9 en massant d\u00e9licatement.<\/p>\n<\/p><\/div>\n<\/p><\/div>\n<\/p><\/div>\n<\/p><\/div>\n<\/p><\/div>\n<\/section><\/div>\n<\/p><\/div>\n<\/p><\/div>\n<\/section>\n<section class=\"trustt_section\">\n<div class=\"container\">\n<div id=\"trustbeauty_review_thread\"><\/div>\n<\/p><\/div>\n<\/section><\/div>","protected":false},"excerpt":{"rendered":"<p>Highlights:Pour un moment de douceur et de partageHaute tol\u00e9ranceNe laisse pas la peau collante et grasseD\u00e8s la naissance<\/p>","protected":false},"featured_media":12838,"comment_status":"open","ping_status":"closed","template":"","meta":[],"product_cat":[87],"product_tag":[],"yith_product_brand":[161],"class_list":{"0":"post-12761","1":"product","2":"type-product","3":"status-publish","4":"has-post-thumbnail","6":"product_cat-bebe-et-maman","7":"yith_product_brand-centifolia","9":"first","10":"instock","11":"sale","12":"shipping-taxable","13":"purchasable","14":"product-type-simple"},"_links":{"self":[{"href":"https:\/\/parapharmacieenligne.ma\/en\/wp-json\/wp\/v2\/product\/12761","targetHints":{"allow":["GET"]}}],"collection":[{"href":"https:\/\/parapharmacieenligne.ma\/en\/wp-json\/wp\/v2\/product"}],"about":[{"href":"https:\/\/parapharmacieenligne.ma\/en\/wp-json\/wp\/v2\/types\/product"}],"replies":[{"embeddable":true,"href":"https:\/\/parapharmacieenligne.ma\/en\/wp-json\/wp\/v2\/comments?post=12761"}],"version-history":[{"count":1,"href":"https:\/\/parapharmacieenligne.ma\/en\/wp-json\/wp\/v2\/product\/12761\/revisions"}],"predecessor-version":[{"id":12839,"href":"https:\/\/parapharmacieenligne.ma\/en\/wp-json\/wp\/v2\/product\/12761\/revisions\/12839"}],"wp:featuredmedia":[{"embeddable":true,"href":"https:\/\/parapharmacieenligne.ma\/en\/wp-json\/wp\/v2\/media\/12838"}],"wp:attachment":[{"href":"https:\/\/parapharmacieenligne.ma\/en\/wp-json\/wp\/v2\/media?parent=12761"}],"wp:term":[{"taxonomy":"product_cat","embeddable":true,"href":"https:\/\/parapharmacieenligne.ma\/en\/wp-json\/wp\/v2\/product_cat?post=12761"},{"taxonomy":"product_tag","embeddable":true,"href":"https:\/\/parapharmacieenligne.ma\/en\/wp-json\/wp\/v2\/product_tag?post=12761"},{"taxonomy":"yith_product_brand","embeddable":true,"href":"https:\/\/parapharmacieenligne.ma\/en\/wp-json\/wp\/v2\/yith_product_brand?post=12761"}],"curies":[{"name":"wp","href":"https:\/\/api.w.org\/{rel}","templated":true}]}}