{"id":12796,"date":"2026-01-28T19:05:17","date_gmt":"2026-01-28T18:05:17","guid":{"rendered":"https:\/\/parapharmacieenligne.ma\/?post_type=product&#038;p=12796"},"modified":"2026-01-28T19:07:57","modified_gmt":"2026-01-28T18:07:57","slug":"centifolia-dentifrice-kids-gouts-fruits-rouges-50ml","status":"publish","type":"product","link":"https:\/\/parapharmacieenligne.ma\/en\/product\/centifolia-dentifrice-kids-gouts-fruits-rouges-50ml\/","title":{"rendered":"Centifolia Dentifrice Kids Gouts Fruits rouges 50ml"},"content":{"rendered":"<div aria-labelledby=\"tab-title-description\" class=\"woocommerce-Tabs-panel woocommerce-Tabs-panel--description panel entry-content wc-tab\" id=\"tab-description\" role=\"tabpanel\" style=\"\">\n<h2>Description<\/h2>\n<div class=\"col-md-4 offset-md-1 col-sx-12\">\n<h3 class=\"h2\">La description<\/h3>\n<\/p><\/div>\n<div class=\"col-md-6 col-xs-12\">\n<div class=\"tab-content\" id=\"tab-content\"><\/div>\n<\/p><\/div>\n<p>pour sa gamme de dentifrices enfants, Centifolia a s\u00e9lectionn\u00e9 les actifs les plus doux parmi ceux que la nature a \u00e0 offrir. La formule, au d\u00e9licieux go\u00fbt de fruits rouges, a \u00e9t\u00e9 sp\u00e9cialement con\u00e7ue pour le soin des dents de lait des enfants*. Ce dentifrice doux nettoie, prot\u00e8ge et respecte l\u2019\u00e9mail des dents. Il aide \u00e0 prot\u00e9ger les gencives sensibles de vos enfants pour une hygi\u00e8ne bucco-dentaire parfaite. Il fait du nettoyage des dents un jeu d\u2019enfant.<\/p>\n<p>*Enfants de 3 ans et plus<\/p>\n<h3 class=\"h2\">Conseils<\/h3>\n<p>Apr\u00e8s chaque repas, brossez doucement les dents avec une brosse \u00e0 dents pour enfants, puis rincez \u00e0 l\u2019eau claire.<br \/>\n Utiliser une petite quantit\u00e9, sous la surveillance d\u2019un adulte. Ne pas avaler.<\/p>\n<\/p><\/div>","protected":false},"excerpt":{"rendered":"<p>Highlights:Ledentifrice enfants bio centifoliaest sp\u00e9cialement con\u00e7u pour prendre soin des dents des tout-petits. Formul\u00e9 sans fluor et sans sulfate, il nettoie, prot\u00e8ge et respecte l\u2019\u00e9mail des dents. Il prot\u00e8ge aussi les gencives sensibles de vos enfants pour une hygi\u00e8ne buccale tout en douceur.<\/p>","protected":false},"featured_media":12866,"comment_status":"open","ping_status":"closed","template":"","meta":[],"product_cat":[88],"product_tag":[],"yith_product_brand":[161],"class_list":{"0":"post-12796","1":"product","2":"type-product","3":"status-publish","4":"has-post-thumbnail","6":"product_cat-soins-bucco-dentaires","7":"yith_product_brand-centifolia","9":"first","10":"instock","11":"sale","12":"shipping-taxable","13":"purchasable","14":"product-type-simple"},"_links":{"self":[{"href":"https:\/\/parapharmacieenligne.ma\/en\/wp-json\/wp\/v2\/product\/12796","targetHints":{"allow":["GET"]}}],"collection":[{"href":"https:\/\/parapharmacieenligne.ma\/en\/wp-json\/wp\/v2\/product"}],"about":[{"href":"https:\/\/parapharmacieenligne.ma\/en\/wp-json\/wp\/v2\/types\/product"}],"replies":[{"embeddable":true,"href":"https:\/\/parapharmacieenligne.ma\/en\/wp-json\/wp\/v2\/comments?post=12796"}],"version-history":[{"count":1,"href":"https:\/\/parapharmacieenligne.ma\/en\/wp-json\/wp\/v2\/product\/12796\/revisions"}],"predecessor-version":[{"id":12867,"href":"https:\/\/parapharmacieenligne.ma\/en\/wp-json\/wp\/v2\/product\/12796\/revisions\/12867"}],"wp:featuredmedia":[{"embeddable":true,"href":"https:\/\/parapharmacieenligne.ma\/en\/wp-json\/wp\/v2\/media\/12866"}],"wp:attachment":[{"href":"https:\/\/parapharmacieenligne.ma\/en\/wp-json\/wp\/v2\/media?parent=12796"}],"wp:term":[{"taxonomy":"product_cat","embeddable":true,"href":"https:\/\/parapharmacieenligne.ma\/en\/wp-json\/wp\/v2\/product_cat?post=12796"},{"taxonomy":"product_tag","embeddable":true,"href":"https:\/\/parapharmacieenligne.ma\/en\/wp-json\/wp\/v2\/product_tag?post=12796"},{"taxonomy":"yith_product_brand","embeddable":true,"href":"https:\/\/parapharmacieenligne.ma\/en\/wp-json\/wp\/v2\/yith_product_brand?post=12796"}],"curies":[{"name":"wp","href":"https:\/\/api.w.org\/{rel}","templated":true}]}}