{"id":12827,"date":"2026-01-28T19:06:14","date_gmt":"2026-01-28T18:06:14","guid":{"rendered":"https:\/\/parapharmacieenligne.ma\/?post_type=product&#038;p=12827"},"modified":"2026-01-28T19:08:54","modified_gmt":"2026-01-28T18:08:54","slug":"centifolia-shampoing-sec-en-poudre-kiwi","status":"publish","type":"product","link":"https:\/\/parapharmacieenligne.ma\/en\/product\/centifolia-shampoing-sec-en-poudre-kiwi\/","title":{"rendered":"Centifolia Shampoing Sec En Poudre Kiwi"},"content":{"rendered":"<div aria-labelledby=\"tab-title-description\" class=\"woocommerce-Tabs-panel woocommerce-Tabs-panel--description panel entry-content wc-tab\" id=\"tab-description\" role=\"tabpanel\" style=\"\">\n<h2>Description<\/h2>\n<p>En rempla\u00e7ant 1 shampoing rinc\u00e9\/semaine par 1 shampoing sec Centifolia, vous avez le pouvoir d\u2019\u00e9conomiser des litres d\u2019eau par an !<\/p>\n<p>Pour avoir toujours de beaux cheveux propres en toute circonstance et en un seul geste, d\u00e9couvrez votre nouvelle routine capillaire Centifolia : SHAMPOING SEC EXPRESS<\/p>\n<p>Adapt\u00e9 \u00e0 tous les types de cheveux, le shampoing sec en poudre sans rin\u00e7age au kiwi bio Centifolia permet d\u2019absorber l\u2019exc\u00e8s de s\u00e9bum et d\u2019espacer les shampoings. Sa combinaison de poudres ultra-absorbantes rend les cheveux propres, volumineux et parfum\u00e9s.<\/p>\n<p>Retrouver de beaux cheveux instantan\u00e9ment \u00e0 tout moment de la journ\u00e9e sans besoin d\u2019eau ! Un bon geste pour la plan\u00e8te<\/p>\n<p>Con\u00e7u et fabriqu\u00e9 en France<\/p>\n<p>3 parfums diff\u00e9rents selon vos envies : Framboise, Pamplemousse rose, Kiwi<\/p>\n<\/p><\/div>","protected":false},"excerpt":{"rendered":"<p>Highlights:Espace les shampoings, parfume &#038; donne du volume tous types de cheveux<\/p>","protected":false},"featured_media":12884,"comment_status":"open","ping_status":"closed","template":"","meta":[],"product_cat":[84],"product_tag":[],"yith_product_brand":[161],"class_list":{"0":"post-12827","1":"product","2":"type-product","3":"status-publish","4":"has-post-thumbnail","6":"product_cat-soins-cheveux","7":"yith_product_brand-centifolia","9":"first","10":"instock","11":"sale","12":"shipping-taxable","13":"purchasable","14":"product-type-simple"},"_links":{"self":[{"href":"https:\/\/parapharmacieenligne.ma\/en\/wp-json\/wp\/v2\/product\/12827","targetHints":{"allow":["GET"]}}],"collection":[{"href":"https:\/\/parapharmacieenligne.ma\/en\/wp-json\/wp\/v2\/product"}],"about":[{"href":"https:\/\/parapharmacieenligne.ma\/en\/wp-json\/wp\/v2\/types\/product"}],"replies":[{"embeddable":true,"href":"https:\/\/parapharmacieenligne.ma\/en\/wp-json\/wp\/v2\/comments?post=12827"}],"version-history":[{"count":1,"href":"https:\/\/parapharmacieenligne.ma\/en\/wp-json\/wp\/v2\/product\/12827\/revisions"}],"predecessor-version":[{"id":12885,"href":"https:\/\/parapharmacieenligne.ma\/en\/wp-json\/wp\/v2\/product\/12827\/revisions\/12885"}],"wp:featuredmedia":[{"embeddable":true,"href":"https:\/\/parapharmacieenligne.ma\/en\/wp-json\/wp\/v2\/media\/12884"}],"wp:attachment":[{"href":"https:\/\/parapharmacieenligne.ma\/en\/wp-json\/wp\/v2\/media?parent=12827"}],"wp:term":[{"taxonomy":"product_cat","embeddable":true,"href":"https:\/\/parapharmacieenligne.ma\/en\/wp-json\/wp\/v2\/product_cat?post=12827"},{"taxonomy":"product_tag","embeddable":true,"href":"https:\/\/parapharmacieenligne.ma\/en\/wp-json\/wp\/v2\/product_tag?post=12827"},{"taxonomy":"yith_product_brand","embeddable":true,"href":"https:\/\/parapharmacieenligne.ma\/en\/wp-json\/wp\/v2\/yith_product_brand?post=12827"}],"curies":[{"name":"wp","href":"https:\/\/api.w.org\/{rel}","templated":true}]}}