{"id":13689,"date":"2026-02-09T16:15:21","date_gmt":"2026-02-09T15:15:21","guid":{"rendered":"https:\/\/parapharmacieenligne.ma\/?post_type=product&#038;p=13689"},"modified":"2026-02-09T16:15:23","modified_gmt":"2026-02-09T15:15:23","slug":"la-roche-posay-offre-anthelios-uvmune-400-fluide-anti-taches-spf50-50-ml-serum-mela-b3-10ml-offert","status":"publish","type":"product","link":"https:\/\/parapharmacieenligne.ma\/en\/product\/la-roche-posay-offre-anthelios-uvmune-400-fluide-anti-taches-spf50-50-ml-serum-mela-b3-10ml-offert\/","title":{"rendered":"LA ROCHE POSAY OFFRE ANTHELIOS UVMUNE 400 FLUIDE ANTI TACHES SPF50+ 50 ML + SERUM MELA B3 10ML OFFERT"},"content":{"rendered":"<p><span class=\"relative -mx-px my-[-0.2rem] rounded px-px py-[0.2rem] transition-colors duration-100 ease-in-out\">La<strong>\u00a0Roche-Posay Anthelios UVmune 400 Fluide Anti-Taches SPF 50+<\/strong>\u00a0est une\u00a0<strong>protection solaire<\/strong>\u00a0avanc\u00e9e con\u00e7ue pour prot\u00e9ger efficacement la peau des rayons UV tout en pr\u00e9venant et r\u00e9duisant l&rsquo;apparition des taches pigmentaires.<\/span>\u00a0<span class=\"relative -mx-px my-[-0.2rem] rounded px-px py-[0.2rem] transition-colors duration-100 ease-in-out\">Sa formule innovante\u00a0<strong>associe deux actifs brevet\u00e9s<\/strong>\u00a0pour offrir une d\u00e9fense optimale contre les dommages cutan\u00e9s li\u00e9s au soleil.<\/span><\/p>\n","protected":false},"excerpt":{"rendered":"<p>La\u00a0Roche-Posay Anthelios UVmune 400 Fluide Anti-Taches SPF 50+\u00a0est une\u00a0protection solaire\u00a0avanc\u00e9e con\u00e7ue pour prot\u00e9ger efficacement la peau des rayons UV tout en pr\u00e9venant&hellip;<\/p>","protected":false},"featured_media":13690,"comment_status":"open","ping_status":"closed","template":"","meta":[],"product_cat":[168],"product_tag":[],"yith_product_brand":[202],"class_list":{"0":"post-13689","1":"product","2":"type-product","3":"status-publish","4":"has-post-thumbnail","6":"product_cat-promotions","7":"yith_product_brand-la-roche-posay","9":"first","10":"instock","11":"sale","12":"shipping-taxable","13":"purchasable","14":"product-type-simple"},"_links":{"self":[{"href":"https:\/\/parapharmacieenligne.ma\/en\/wp-json\/wp\/v2\/product\/13689","targetHints":{"allow":["GET"]}}],"collection":[{"href":"https:\/\/parapharmacieenligne.ma\/en\/wp-json\/wp\/v2\/product"}],"about":[{"href":"https:\/\/parapharmacieenligne.ma\/en\/wp-json\/wp\/v2\/types\/product"}],"replies":[{"embeddable":true,"href":"https:\/\/parapharmacieenligne.ma\/en\/wp-json\/wp\/v2\/comments?post=13689"}],"version-history":[{"count":2,"href":"https:\/\/parapharmacieenligne.ma\/en\/wp-json\/wp\/v2\/product\/13689\/revisions"}],"predecessor-version":[{"id":13693,"href":"https:\/\/parapharmacieenligne.ma\/en\/wp-json\/wp\/v2\/product\/13689\/revisions\/13693"}],"wp:featuredmedia":[{"embeddable":true,"href":"https:\/\/parapharmacieenligne.ma\/en\/wp-json\/wp\/v2\/media\/13690"}],"wp:attachment":[{"href":"https:\/\/parapharmacieenligne.ma\/en\/wp-json\/wp\/v2\/media?parent=13689"}],"wp:term":[{"taxonomy":"product_cat","embeddable":true,"href":"https:\/\/parapharmacieenligne.ma\/en\/wp-json\/wp\/v2\/product_cat?post=13689"},{"taxonomy":"product_tag","embeddable":true,"href":"https:\/\/parapharmacieenligne.ma\/en\/wp-json\/wp\/v2\/product_tag?post=13689"},{"taxonomy":"yith_product_brand","embeddable":true,"href":"https:\/\/parapharmacieenligne.ma\/en\/wp-json\/wp\/v2\/yith_product_brand?post=13689"}],"curies":[{"name":"wp","href":"https:\/\/api.w.org\/{rel}","templated":true}]}}