{"id":13943,"date":"2026-02-12T16:44:57","date_gmt":"2026-02-12T15:44:57","guid":{"rendered":"https:\/\/parapharmacieenligne.ma\/shop\/isispharma-teen-derm-%ce%b1-pure-soin-intense-anti-imperfections\/"},"modified":"2026-02-12T16:45:00","modified_gmt":"2026-02-12T15:45:00","slug":"isispharma-teen-derm-%ce%b1-pure-soin-intense-anti-imperfections","status":"publish","type":"product","link":"https:\/\/parapharmacieenligne.ma\/en\/product\/isispharma-teen-derm-%ce%b1-pure-soin-intense-anti-imperfections\/","title":{"rendered":"ISISPHARMA TEEN DERM \u03b1-PURE SOIN INTENSE ANTI-IMPERFECTIONS"},"content":{"rendered":"<p>ISISPHARMA Teen Derm \u03b1-PURE Soin intense anti-imperfections<br \/>\nest un soin intense anti-imperfections s\u00e9v\u00e8res. L\u2019association synergique du complexe \u03b1-PURE\u00ae et d\u2019un actif hypoallerg\u00e9nique enrichi en polyph\u00e9nols renforce l\u2019action des agents apaisants et purifiants pour une efficacit\u00e9 optimale. Imperfections r\u00e9duites. Peau nette, purifi\u00e9e et apais\u00e9e. Texture gel-cr\u00e8me. Effet frais et fini mat. <\/p>\n<p>Efficacit\u00e9 cliniquement prouv\u00e9e. <\/p>\n<p>PROPRI\u00c9T\u00c9S DES PRINCIPAUX ACTIFS <\/p>\n<p>\u2022 [COMPLEXE \u03b1-PURE\u00ae]:  association d\u2019actifs s\u00e9bor\u00e9gulateurs, astringents, exfoliants, purifiants, assainissants, apaisants et hydratants <\/p>\n<p>Cliquer ici pour plus d\u2019informations sur le complexe <\/p>\n<p>\u2022 EXTRAIT DE RENOU\u00c9E DU JAPON + MYRISTYL PCA : assainissant \/ purifiant \/ apaisant <\/p>\n<p>UTILISATION <\/p>\n<p>Appliquer matin et soir sur l\u2019ensemble du visage pr\u00e9alablement nettoy\u00e9 et s\u00e9ch\u00e9 ou comme indiqu\u00e9 par votre dermatologue ou professionnel de sant\u00e9. \u00c9viter le contact avec les yeux. <\/p>\n<p>0% PH\u00c9NOXY\u00c9THANOL  \u2022 HYPOALLERG\u00c9NIQUE <\/p>\n<p>TEST\u00c9 SOUS CONTR\u00d4LE DERMATOLOGIQUE<\/p>\n","protected":false},"excerpt":{"rendered":"<p>ISISPHARMA Teen Derm \u03b1-PURE Soin intense anti-imperfections est un soin intense anti-imperfections s\u00e9v\u00e8res. L\u2019association synergique du complexe \u03b1-PURE\u00ae et d\u2019un actif hypoallerg\u00e9nique&hellip;<\/p>","protected":false},"featured_media":13942,"comment_status":"open","ping_status":"closed","template":"","meta":[],"product_cat":[83],"product_tag":[],"yith_product_brand":[106],"class_list":{"0":"post-13943","1":"product","2":"type-product","3":"status-publish","4":"has-post-thumbnail","6":"product_cat-soins-visage","7":"yith_product_brand-isispharma","9":"first","10":"instock","11":"sale","12":"shipping-taxable","13":"purchasable","14":"product-type-simple"},"_links":{"self":[{"href":"https:\/\/parapharmacieenligne.ma\/en\/wp-json\/wp\/v2\/product\/13943","targetHints":{"allow":["GET"]}}],"collection":[{"href":"https:\/\/parapharmacieenligne.ma\/en\/wp-json\/wp\/v2\/product"}],"about":[{"href":"https:\/\/parapharmacieenligne.ma\/en\/wp-json\/wp\/v2\/types\/product"}],"replies":[{"embeddable":true,"href":"https:\/\/parapharmacieenligne.ma\/en\/wp-json\/wp\/v2\/comments?post=13943"}],"version-history":[{"count":1,"href":"https:\/\/parapharmacieenligne.ma\/en\/wp-json\/wp\/v2\/product\/13943\/revisions"}],"predecessor-version":[{"id":13944,"href":"https:\/\/parapharmacieenligne.ma\/en\/wp-json\/wp\/v2\/product\/13943\/revisions\/13944"}],"wp:featuredmedia":[{"embeddable":true,"href":"https:\/\/parapharmacieenligne.ma\/en\/wp-json\/wp\/v2\/media\/13942"}],"wp:attachment":[{"href":"https:\/\/parapharmacieenligne.ma\/en\/wp-json\/wp\/v2\/media?parent=13943"}],"wp:term":[{"taxonomy":"product_cat","embeddable":true,"href":"https:\/\/parapharmacieenligne.ma\/en\/wp-json\/wp\/v2\/product_cat?post=13943"},{"taxonomy":"product_tag","embeddable":true,"href":"https:\/\/parapharmacieenligne.ma\/en\/wp-json\/wp\/v2\/product_tag?post=13943"},{"taxonomy":"yith_product_brand","embeddable":true,"href":"https:\/\/parapharmacieenligne.ma\/en\/wp-json\/wp\/v2\/yith_product_brand?post=13943"}],"curies":[{"name":"wp","href":"https:\/\/api.w.org\/{rel}","templated":true}]}}