{"id":13961,"date":"2026-02-12T16:48:49","date_gmt":"2026-02-12T15:48:49","guid":{"rendered":"https:\/\/parapharmacieenligne.ma\/shop\/isispharma-geneskin-lift-baume-gel-redensifiant-50-ml\/"},"modified":"2026-02-12T16:48:53","modified_gmt":"2026-02-12T15:48:53","slug":"isispharma-geneskin-lift-baume-gel-redensifiant-50-ml","status":"publish","type":"product","link":"https:\/\/parapharmacieenligne.ma\/en\/product\/isispharma-geneskin-lift-baume-gel-redensifiant-50-ml\/","title":{"rendered":"ISISPHARMA GENESKIN LIFT BAUME GEL REDENSIFIANT 50 ML"},"content":{"rendered":"<p>INDICATIONS &amp; PROPRI\u00c9T\u00c9S<\/p>\n<p>GENESKIN Lift \u2013 Baume gel redensifiant d\u00e9froisse les rides et remod\u00e8le l\u2019ovale du visage en restaurant la densit\u00e9 de la peau. Nourrie et hydrat\u00e9e, elle para\u00eet plus tonique d\u00e8s le r\u00e9veil.<\/p>\n<p>Texture baume-gel fondant adapt\u00e9e aux peaux s\u00e8ches et d\u00e9shydrat\u00e9es en manque de confort.<\/p>\n<p>Efficacit\u00e9 cliniquement prouv\u00e9e.<\/p>\n<p>PROPRI\u00c9T\u00c9S DES INGR\u00c9DIENTS PRINCIPAUX<\/p>\n<p>[COMPLEXE DN-Act] : une association d\u2019actifs brevet\u00e9e offrant une triple efficacit\u00e9 pour agir \u00e0 l\u2019origine du vieillissement cutan\u00e9.<\/p>\n<p>HYDROFILTRAT V\u00c9G\u00c9TAL \/ LIPOPEPTIDE \/ HUILE D\u2019ARGAN : agents restructurants, hydratants, nourrissants et lissants<\/p>\n<p>UTILISATION<\/p>\n<p>Appliquer GENESKIN Lift \u2013 Baume gel redensifiant le soir sur le visage et le cou apr\u00e8s le s\u00e9rum.<\/p>\n<p>TEST\u00c9 SOUS CONTR\u00d4LE DERMATOLOGIQUE<\/p>\n","protected":false},"excerpt":{"rendered":"<p>INDICATIONS &amp; PROPRI\u00c9T\u00c9S GENESKIN Lift \u2013 Baume gel redensifiant d\u00e9froisse les rides et remod\u00e8le l\u2019ovale du visage en restaurant la densit\u00e9 de&hellip;<\/p>","protected":false},"featured_media":13960,"comment_status":"open","ping_status":"closed","template":"","meta":[],"product_cat":[83],"product_tag":[],"yith_product_brand":[106],"class_list":{"0":"post-13961","1":"product","2":"type-product","3":"status-publish","4":"has-post-thumbnail","6":"product_cat-soins-visage","7":"yith_product_brand-isispharma","9":"first","10":"instock","11":"sale","12":"shipping-taxable","13":"purchasable","14":"product-type-simple"},"_links":{"self":[{"href":"https:\/\/parapharmacieenligne.ma\/en\/wp-json\/wp\/v2\/product\/13961","targetHints":{"allow":["GET"]}}],"collection":[{"href":"https:\/\/parapharmacieenligne.ma\/en\/wp-json\/wp\/v2\/product"}],"about":[{"href":"https:\/\/parapharmacieenligne.ma\/en\/wp-json\/wp\/v2\/types\/product"}],"replies":[{"embeddable":true,"href":"https:\/\/parapharmacieenligne.ma\/en\/wp-json\/wp\/v2\/comments?post=13961"}],"version-history":[{"count":1,"href":"https:\/\/parapharmacieenligne.ma\/en\/wp-json\/wp\/v2\/product\/13961\/revisions"}],"predecessor-version":[{"id":13962,"href":"https:\/\/parapharmacieenligne.ma\/en\/wp-json\/wp\/v2\/product\/13961\/revisions\/13962"}],"wp:featuredmedia":[{"embeddable":true,"href":"https:\/\/parapharmacieenligne.ma\/en\/wp-json\/wp\/v2\/media\/13960"}],"wp:attachment":[{"href":"https:\/\/parapharmacieenligne.ma\/en\/wp-json\/wp\/v2\/media?parent=13961"}],"wp:term":[{"taxonomy":"product_cat","embeddable":true,"href":"https:\/\/parapharmacieenligne.ma\/en\/wp-json\/wp\/v2\/product_cat?post=13961"},{"taxonomy":"product_tag","embeddable":true,"href":"https:\/\/parapharmacieenligne.ma\/en\/wp-json\/wp\/v2\/product_tag?post=13961"},{"taxonomy":"yith_product_brand","embeddable":true,"href":"https:\/\/parapharmacieenligne.ma\/en\/wp-json\/wp\/v2\/yith_product_brand?post=13961"}],"curies":[{"name":"wp","href":"https:\/\/api.w.org\/{rel}","templated":true}]}}