{"id":14021,"date":"2026-02-12T16:58:28","date_gmt":"2026-02-12T15:58:28","guid":{"rendered":"https:\/\/parapharmacieenligne.ma\/shop\/isispharma-ilcapil-kr-shampoing-antipelliculaire-150-ml\/"},"modified":"2026-02-12T16:58:32","modified_gmt":"2026-02-12T15:58:32","slug":"isispharma-ilcapil-kr-shampoing-antipelliculaire-150-ml","status":"publish","type":"product","link":"https:\/\/parapharmacieenligne.ma\/en\/product\/isispharma-ilcapil-kr-shampoing-antipelliculaire-150-ml\/","title":{"rendered":"ISISPHARMA ILCAPIL KR SHAMPOING ANTIPELLICULAIRE 150 ML"},"content":{"rendered":"<p>Ilcapil KR \u00e9limine vos pellicules, purifie et soulage votre cuir chevelu. Il agit \u00e0 tous les stades de formation de l\u2019\u00e9tat pelliculaire avec d\u00e9mangeaisons. Vous retrouvez des cheveux doux et souples<\/p>\n<p>Utilisez Ilcapil KR 2 \u00e0 3 fois par semaine en l\u2019appliquant pr\u00e9alablement mouill\u00e9e et en massant doucement. Laissez agir quelques minutes puis rincez abondamment. \u00c9viter le contact avec les yeux.<\/p>","protected":false},"excerpt":{"rendered":"<p>Ilcapil KR \u00e9limine vos pellicules, purifie et soulage votre cuir chevelu. Il agit \u00e0 tous les stades de formation de l\u2019\u00e9tat pelliculaire&hellip;<\/p>","protected":false},"featured_media":14020,"comment_status":"open","ping_status":"closed","template":"","meta":[],"product_cat":[84],"product_tag":[],"yith_product_brand":[106],"class_list":{"0":"post-14021","1":"product","2":"type-product","3":"status-publish","4":"has-post-thumbnail","6":"product_cat-soins-cheveux","7":"yith_product_brand-isispharma","9":"first","10":"instock","11":"sale","12":"shipping-taxable","13":"purchasable","14":"product-type-simple"},"_links":{"self":[{"href":"https:\/\/parapharmacieenligne.ma\/en\/wp-json\/wp\/v2\/product\/14021","targetHints":{"allow":["GET"]}}],"collection":[{"href":"https:\/\/parapharmacieenligne.ma\/en\/wp-json\/wp\/v2\/product"}],"about":[{"href":"https:\/\/parapharmacieenligne.ma\/en\/wp-json\/wp\/v2\/types\/product"}],"replies":[{"embeddable":true,"href":"https:\/\/parapharmacieenligne.ma\/en\/wp-json\/wp\/v2\/comments?post=14021"}],"version-history":[{"count":1,"href":"https:\/\/parapharmacieenligne.ma\/en\/wp-json\/wp\/v2\/product\/14021\/revisions"}],"predecessor-version":[{"id":14022,"href":"https:\/\/parapharmacieenligne.ma\/en\/wp-json\/wp\/v2\/product\/14021\/revisions\/14022"}],"wp:featuredmedia":[{"embeddable":true,"href":"https:\/\/parapharmacieenligne.ma\/en\/wp-json\/wp\/v2\/media\/14020"}],"wp:attachment":[{"href":"https:\/\/parapharmacieenligne.ma\/en\/wp-json\/wp\/v2\/media?parent=14021"}],"wp:term":[{"taxonomy":"product_cat","embeddable":true,"href":"https:\/\/parapharmacieenligne.ma\/en\/wp-json\/wp\/v2\/product_cat?post=14021"},{"taxonomy":"product_tag","embeddable":true,"href":"https:\/\/parapharmacieenligne.ma\/en\/wp-json\/wp\/v2\/product_tag?post=14021"},{"taxonomy":"yith_product_brand","embeddable":true,"href":"https:\/\/parapharmacieenligne.ma\/en\/wp-json\/wp\/v2\/yith_product_brand?post=14021"}],"curies":[{"name":"wp","href":"https:\/\/api.w.org\/{rel}","templated":true}]}}