{"id":14162,"date":"2026-02-12T19:33:42","date_gmt":"2026-02-12T18:33:42","guid":{"rendered":"https:\/\/parapharmacieenligne.ma\/?post_type=product&#038;p=14162"},"modified":"2026-02-12T19:33:47","modified_gmt":"2026-02-12T18:33:47","slug":"isispharma-aquaruboril-solution-micellaire-demaquillante-apaisante-100-ml","status":"publish","type":"product","link":"https:\/\/parapharmacieenligne.ma\/en\/product\/isispharma-aquaruboril-solution-micellaire-demaquillante-apaisante-100-ml\/","title":{"rendered":"ISISPHARMA AQUARUBORIL SOLUTION MICELLAIRE DEMAQUILLANTE APAISANTE 100 ML"},"content":{"rendered":"<p>Isispharma AQUARUBORIL Solution micellaire d\u00e9maquillante a \u00e9t\u00e9 sp\u00e9cialement d\u00e9velopp\u00e9 pour les peaux sensibles et r\u00e9actives. Enrichi en actifs apaisants, elle nettoie et d\u00e9maquille en douceur VISAGE &amp; YEUX tout en participant au maintien de l\u2019\u00e9quilibre naturel de la peau. Excellente tol\u00e9rance cutan\u00e9e et oculaire. <\/p>\n<p>PROPRI\u00c9T\u00c9S DES INGR\u00c9DIENTS PRINCIPAUX <\/p>\n<p>\u2022 EXTRAIT DE FICAIRE FAUSSE-RENONCULE : apaise, adoucit et poss\u00e8de des propri\u00e9t\u00e9s anti-rougeurs <\/p>\n<p>\u2022 DISTILLAT DE CAMOMILLE ROMAINE: apaise et adoucit <\/p>\n<p>UTILISATION <\/p>\n<p>Appliquer AQUARUBORIL\u00ae matin et soir \u00e0 l\u2019aide d\u2019un coton sur le visage et les yeux. Sans rin\u00e7age. <\/p>\n<p>SANS SAVON\u2022 SANS PARFUM  \u2022 PH PHYSIOLOGIQUE \u2022 HYPOALLERG\u00c9NIQUE <\/p>\n<p>TEST\u00c9 SOUS CONTR\u00d4LE DERMATOLOGIQUE ET OPHTALMOLOGIQUE<\/p>","protected":false},"excerpt":{"rendered":"<p>Isispharma AQUARUBORIL Solution micellaire d\u00e9maquillante a \u00e9t\u00e9 sp\u00e9cialement d\u00e9velopp\u00e9 pour les peaux sensibles et r\u00e9actives. Enrichi en actifs apaisants, elle nettoie et&hellip;<\/p>","protected":false},"featured_media":14161,"comment_status":"open","ping_status":"closed","template":"","meta":[],"product_cat":[83],"product_tag":[],"yith_product_brand":[106],"class_list":{"0":"post-14162","1":"product","2":"type-product","3":"status-publish","4":"has-post-thumbnail","6":"product_cat-soins-visage","7":"yith_product_brand-isispharma","9":"first","10":"instock","11":"sale","12":"shipping-taxable","13":"purchasable","14":"product-type-simple"},"_links":{"self":[{"href":"https:\/\/parapharmacieenligne.ma\/en\/wp-json\/wp\/v2\/product\/14162","targetHints":{"allow":["GET"]}}],"collection":[{"href":"https:\/\/parapharmacieenligne.ma\/en\/wp-json\/wp\/v2\/product"}],"about":[{"href":"https:\/\/parapharmacieenligne.ma\/en\/wp-json\/wp\/v2\/types\/product"}],"replies":[{"embeddable":true,"href":"https:\/\/parapharmacieenligne.ma\/en\/wp-json\/wp\/v2\/comments?post=14162"}],"version-history":[{"count":1,"href":"https:\/\/parapharmacieenligne.ma\/en\/wp-json\/wp\/v2\/product\/14162\/revisions"}],"predecessor-version":[{"id":14163,"href":"https:\/\/parapharmacieenligne.ma\/en\/wp-json\/wp\/v2\/product\/14162\/revisions\/14163"}],"wp:featuredmedia":[{"embeddable":true,"href":"https:\/\/parapharmacieenligne.ma\/en\/wp-json\/wp\/v2\/media\/14161"}],"wp:attachment":[{"href":"https:\/\/parapharmacieenligne.ma\/en\/wp-json\/wp\/v2\/media?parent=14162"}],"wp:term":[{"taxonomy":"product_cat","embeddable":true,"href":"https:\/\/parapharmacieenligne.ma\/en\/wp-json\/wp\/v2\/product_cat?post=14162"},{"taxonomy":"product_tag","embeddable":true,"href":"https:\/\/parapharmacieenligne.ma\/en\/wp-json\/wp\/v2\/product_tag?post=14162"},{"taxonomy":"yith_product_brand","embeddable":true,"href":"https:\/\/parapharmacieenligne.ma\/en\/wp-json\/wp\/v2\/yith_product_brand?post=14162"}],"curies":[{"name":"wp","href":"https:\/\/api.w.org\/{rel}","templated":true}]}}