{"id":14239,"date":"2026-02-13T19:18:39","date_gmt":"2026-02-13T18:18:39","guid":{"rendered":"https:\/\/parapharmacieenligne.ma\/?post_type=product&#038;p=14239"},"modified":"2026-02-13T19:18:47","modified_gmt":"2026-02-13T18:18:47","slug":"doppelherz-men-activ-30-comprimes","status":"publish","type":"product","link":"https:\/\/parapharmacieenligne.ma\/en\/product\/doppelherz-men-activ-30-comprimes\/","title":{"rendered":"DOPPELHERZ MEN ACTIV 30 COMPRIMES"},"content":{"rendered":"<p>Aide \u00e0 maintenir une vie intime \u00e9panouie<br \/>\nA base d&rsquo;actifs de plantes: Maca, Ginseng, Gotu kola et caf\u00e9ine<br \/>\nNutriments essentiels pour supporter la fertilit\u00e9 et la fonction du syst\u00e8me reproducteur<\/p>","protected":false},"excerpt":{"rendered":"<p>Aide \u00e0 maintenir une vie intime \u00e9panouie A base d&rsquo;actifs de plantes: Maca, Ginseng, Gotu kola et caf\u00e9ine Nutriments essentiels pour supporter&hellip;<\/p>","protected":false},"featured_media":14238,"comment_status":"open","ping_status":"closed","template":"","meta":[],"product_cat":[92],"product_tag":[],"yith_product_brand":[188],"class_list":{"0":"post-14239","1":"product","2":"type-product","3":"status-publish","4":"has-post-thumbnail","6":"product_cat-complements-alimentaires","7":"yith_product_brand-doppelherz","9":"first","10":"instock","11":"sale","12":"shipping-taxable","13":"purchasable","14":"product-type-simple"},"_links":{"self":[{"href":"https:\/\/parapharmacieenligne.ma\/en\/wp-json\/wp\/v2\/product\/14239","targetHints":{"allow":["GET"]}}],"collection":[{"href":"https:\/\/parapharmacieenligne.ma\/en\/wp-json\/wp\/v2\/product"}],"about":[{"href":"https:\/\/parapharmacieenligne.ma\/en\/wp-json\/wp\/v2\/types\/product"}],"replies":[{"embeddable":true,"href":"https:\/\/parapharmacieenligne.ma\/en\/wp-json\/wp\/v2\/comments?post=14239"}],"version-history":[{"count":1,"href":"https:\/\/parapharmacieenligne.ma\/en\/wp-json\/wp\/v2\/product\/14239\/revisions"}],"predecessor-version":[{"id":14240,"href":"https:\/\/parapharmacieenligne.ma\/en\/wp-json\/wp\/v2\/product\/14239\/revisions\/14240"}],"wp:featuredmedia":[{"embeddable":true,"href":"https:\/\/parapharmacieenligne.ma\/en\/wp-json\/wp\/v2\/media\/14238"}],"wp:attachment":[{"href":"https:\/\/parapharmacieenligne.ma\/en\/wp-json\/wp\/v2\/media?parent=14239"}],"wp:term":[{"taxonomy":"product_cat","embeddable":true,"href":"https:\/\/parapharmacieenligne.ma\/en\/wp-json\/wp\/v2\/product_cat?post=14239"},{"taxonomy":"product_tag","embeddable":true,"href":"https:\/\/parapharmacieenligne.ma\/en\/wp-json\/wp\/v2\/product_tag?post=14239"},{"taxonomy":"yith_product_brand","embeddable":true,"href":"https:\/\/parapharmacieenligne.ma\/en\/wp-json\/wp\/v2\/yith_product_brand?post=14239"}],"curies":[{"name":"wp","href":"https:\/\/api.w.org\/{rel}","templated":true}]}}