{"id":14245,"date":"2026-02-13T19:19:19","date_gmt":"2026-02-13T18:19:19","guid":{"rendered":"https:\/\/parapharmacieenligne.ma\/?post_type=product&#038;p=14245"},"modified":"2026-02-13T19:19:26","modified_gmt":"2026-02-13T18:19:26","slug":"doppelherz-aktiv-uricalm","status":"publish","type":"product","link":"https:\/\/parapharmacieenligne.ma\/en\/product\/doppelherz-aktiv-uricalm\/","title":{"rendered":"DOPPELHERZ AKTIV URICALM"},"content":{"rendered":"<p>Une solution naturelle pour aider \u00e0 maintenir le syst\u00e8me urinaire en bonne sant\u00e9<br \/>\nContient 400 mg d&rsquo;extrait de cranberry correspondant \u00e0 10 g de concentr\u00e9 de fruit par comprim\u00e9<br \/>\nLe pissenlit stimule la diur\u00e8se<\/p>","protected":false},"excerpt":{"rendered":"<p>Une solution naturelle pour aider \u00e0 maintenir le syst\u00e8me urinaire en bonne sant\u00e9 Contient 400 mg d&rsquo;extrait de cranberry correspondant \u00e0 10&hellip;<\/p>","protected":false},"featured_media":14244,"comment_status":"open","ping_status":"closed","template":"","meta":[],"product_cat":[92],"product_tag":[],"yith_product_brand":[188],"class_list":{"0":"post-14245","1":"product","2":"type-product","3":"status-publish","4":"has-post-thumbnail","6":"product_cat-complements-alimentaires","7":"yith_product_brand-doppelherz","9":"first","10":"instock","11":"sale","12":"shipping-taxable","13":"purchasable","14":"product-type-simple"},"_links":{"self":[{"href":"https:\/\/parapharmacieenligne.ma\/en\/wp-json\/wp\/v2\/product\/14245","targetHints":{"allow":["GET"]}}],"collection":[{"href":"https:\/\/parapharmacieenligne.ma\/en\/wp-json\/wp\/v2\/product"}],"about":[{"href":"https:\/\/parapharmacieenligne.ma\/en\/wp-json\/wp\/v2\/types\/product"}],"replies":[{"embeddable":true,"href":"https:\/\/parapharmacieenligne.ma\/en\/wp-json\/wp\/v2\/comments?post=14245"}],"version-history":[{"count":1,"href":"https:\/\/parapharmacieenligne.ma\/en\/wp-json\/wp\/v2\/product\/14245\/revisions"}],"predecessor-version":[{"id":14246,"href":"https:\/\/parapharmacieenligne.ma\/en\/wp-json\/wp\/v2\/product\/14245\/revisions\/14246"}],"wp:featuredmedia":[{"embeddable":true,"href":"https:\/\/parapharmacieenligne.ma\/en\/wp-json\/wp\/v2\/media\/14244"}],"wp:attachment":[{"href":"https:\/\/parapharmacieenligne.ma\/en\/wp-json\/wp\/v2\/media?parent=14245"}],"wp:term":[{"taxonomy":"product_cat","embeddable":true,"href":"https:\/\/parapharmacieenligne.ma\/en\/wp-json\/wp\/v2\/product_cat?post=14245"},{"taxonomy":"product_tag","embeddable":true,"href":"https:\/\/parapharmacieenligne.ma\/en\/wp-json\/wp\/v2\/product_tag?post=14245"},{"taxonomy":"yith_product_brand","embeddable":true,"href":"https:\/\/parapharmacieenligne.ma\/en\/wp-json\/wp\/v2\/yith_product_brand?post=14245"}],"curies":[{"name":"wp","href":"https:\/\/api.w.org\/{rel}","templated":true}]}}