{"id":14248,"date":"2026-02-13T19:19:35","date_gmt":"2026-02-13T18:19:35","guid":{"rendered":"https:\/\/parapharmacieenligne.ma\/?post_type=product&#038;p=14248"},"modified":"2026-02-13T19:19:42","modified_gmt":"2026-02-13T18:19:42","slug":"doppelherz-aktiv-magnesium-et-vitamines-b12ce-30-comprimes","status":"publish","type":"product","link":"https:\/\/parapharmacieenligne.ma\/en\/product\/doppelherz-aktiv-magnesium-et-vitamines-b12ce-30-comprimes\/","title":{"rendered":"DOPPELHERZ AKTIV MAGNESIUM ET VITAMINES B12+C+E 30 COMPRIMES"},"content":{"rendered":"<p>Combine 400 mg de magn\u00e9sium aux vitamines B12, C et E pour soutenir le m\u00e9tabolisme \u00e9nerg\u00e9tique, le fonctionnement normal du syst\u00e8me nerveux et des muscles<br \/>\nFavorise le rel\u00e2chement musculaire et aide \u00e0 \u00e9viter la survenue de crampes<br \/>\nAide \u00e0 am\u00e9liorer les capacit\u00e9s antioxydantes de l&rsquo;organisme<\/p>","protected":false},"excerpt":{"rendered":"<p>Combine 400 mg de magn\u00e9sium aux vitamines B12, C et E pour soutenir le m\u00e9tabolisme \u00e9nerg\u00e9tique, le fonctionnement normal du syst\u00e8me nerveux&hellip;<\/p>","protected":false},"featured_media":14247,"comment_status":"open","ping_status":"closed","template":"","meta":[],"product_cat":[92],"product_tag":[],"yith_product_brand":[188],"class_list":{"0":"post-14248","1":"product","2":"type-product","3":"status-publish","4":"has-post-thumbnail","6":"product_cat-complements-alimentaires","7":"yith_product_brand-doppelherz","9":"first","10":"instock","11":"sale","12":"shipping-taxable","13":"purchasable","14":"product-type-simple"},"_links":{"self":[{"href":"https:\/\/parapharmacieenligne.ma\/en\/wp-json\/wp\/v2\/product\/14248","targetHints":{"allow":["GET"]}}],"collection":[{"href":"https:\/\/parapharmacieenligne.ma\/en\/wp-json\/wp\/v2\/product"}],"about":[{"href":"https:\/\/parapharmacieenligne.ma\/en\/wp-json\/wp\/v2\/types\/product"}],"replies":[{"embeddable":true,"href":"https:\/\/parapharmacieenligne.ma\/en\/wp-json\/wp\/v2\/comments?post=14248"}],"version-history":[{"count":1,"href":"https:\/\/parapharmacieenligne.ma\/en\/wp-json\/wp\/v2\/product\/14248\/revisions"}],"predecessor-version":[{"id":14249,"href":"https:\/\/parapharmacieenligne.ma\/en\/wp-json\/wp\/v2\/product\/14248\/revisions\/14249"}],"wp:featuredmedia":[{"embeddable":true,"href":"https:\/\/parapharmacieenligne.ma\/en\/wp-json\/wp\/v2\/media\/14247"}],"wp:attachment":[{"href":"https:\/\/parapharmacieenligne.ma\/en\/wp-json\/wp\/v2\/media?parent=14248"}],"wp:term":[{"taxonomy":"product_cat","embeddable":true,"href":"https:\/\/parapharmacieenligne.ma\/en\/wp-json\/wp\/v2\/product_cat?post=14248"},{"taxonomy":"product_tag","embeddable":true,"href":"https:\/\/parapharmacieenligne.ma\/en\/wp-json\/wp\/v2\/product_tag?post=14248"},{"taxonomy":"yith_product_brand","embeddable":true,"href":"https:\/\/parapharmacieenligne.ma\/en\/wp-json\/wp\/v2\/yith_product_brand?post=14248"}],"curies":[{"name":"wp","href":"https:\/\/api.w.org\/{rel}","templated":true}]}}