{"id":14251,"date":"2026-02-13T19:19:49","date_gmt":"2026-02-13T18:19:49","guid":{"rendered":"https:\/\/parapharmacieenligne.ma\/?post_type=product&#038;p=14251"},"modified":"2026-02-13T19:20:01","modified_gmt":"2026-02-13T18:20:01","slug":"doppelherz-harmonivit","status":"publish","type":"product","link":"https:\/\/parapharmacieenligne.ma\/en\/product\/doppelherz-harmonivit\/","title":{"rendered":"DOPPELHERZ HARMONIVIT"},"content":{"rendered":"<p>Complexe de vitamines B associ\u00e9es \u00e0 des extraits de m\u00e9lisse et de ginkgo<br \/>\nSoutient le fonctionnement du syst\u00e8me nerveux et aide \u00e0 retrouver le calme en p\u00e9riode de stress<\/p>","protected":false},"excerpt":{"rendered":"<p>Complexe de vitamines B associ\u00e9es \u00e0 des extraits de m\u00e9lisse et de ginkgo Soutient le fonctionnement du syst\u00e8me nerveux et aide \u00e0&hellip;<\/p>","protected":false},"featured_media":14250,"comment_status":"open","ping_status":"closed","template":"","meta":[],"product_cat":[92],"product_tag":[],"yith_product_brand":[188],"class_list":{"0":"post-14251","1":"product","2":"type-product","3":"status-publish","4":"has-post-thumbnail","6":"product_cat-complements-alimentaires","7":"yith_product_brand-doppelherz","9":"first","10":"instock","11":"sale","12":"shipping-taxable","13":"purchasable","14":"product-type-simple"},"_links":{"self":[{"href":"https:\/\/parapharmacieenligne.ma\/en\/wp-json\/wp\/v2\/product\/14251","targetHints":{"allow":["GET"]}}],"collection":[{"href":"https:\/\/parapharmacieenligne.ma\/en\/wp-json\/wp\/v2\/product"}],"about":[{"href":"https:\/\/parapharmacieenligne.ma\/en\/wp-json\/wp\/v2\/types\/product"}],"replies":[{"embeddable":true,"href":"https:\/\/parapharmacieenligne.ma\/en\/wp-json\/wp\/v2\/comments?post=14251"}],"version-history":[{"count":1,"href":"https:\/\/parapharmacieenligne.ma\/en\/wp-json\/wp\/v2\/product\/14251\/revisions"}],"predecessor-version":[{"id":14252,"href":"https:\/\/parapharmacieenligne.ma\/en\/wp-json\/wp\/v2\/product\/14251\/revisions\/14252"}],"wp:featuredmedia":[{"embeddable":true,"href":"https:\/\/parapharmacieenligne.ma\/en\/wp-json\/wp\/v2\/media\/14250"}],"wp:attachment":[{"href":"https:\/\/parapharmacieenligne.ma\/en\/wp-json\/wp\/v2\/media?parent=14251"}],"wp:term":[{"taxonomy":"product_cat","embeddable":true,"href":"https:\/\/parapharmacieenligne.ma\/en\/wp-json\/wp\/v2\/product_cat?post=14251"},{"taxonomy":"product_tag","embeddable":true,"href":"https:\/\/parapharmacieenligne.ma\/en\/wp-json\/wp\/v2\/product_tag?post=14251"},{"taxonomy":"yith_product_brand","embeddable":true,"href":"https:\/\/parapharmacieenligne.ma\/en\/wp-json\/wp\/v2\/yith_product_brand?post=14251"}],"curies":[{"name":"wp","href":"https:\/\/api.w.org\/{rel}","templated":true}]}}