{"id":14254,"date":"2026-02-13T19:20:13","date_gmt":"2026-02-13T18:20:13","guid":{"rendered":"https:\/\/parapharmacieenligne.ma\/?post_type=product&#038;p=14254"},"modified":"2026-02-13T19:20:25","modified_gmt":"2026-02-13T18:20:25","slug":"doppelherz-prostacalm-sante-de-prostate-30-capsules","status":"publish","type":"product","link":"https:\/\/parapharmacieenligne.ma\/en\/product\/doppelherz-prostacalm-sante-de-prostate-30-capsules\/","title":{"rendered":"DOPPELHERZ PROSTACALM SANTE DE PROSTATE 30 CAPSULES"},"content":{"rendered":"<p>Doppelherz\u00ae aktiv Prostacalm est une combinaison d\u2018extraits naturels de plantes et d\u2018antioxydants organiques et min\u00e9raux qui contribuent au fonctionnement normal de la prostate et renforcent les d\u00e9fenses cellulaires face aux effets n\u00e9fastes des radicaux libres.<\/p>\n<p>Conseils d&rsquo;utilisation:<\/p>\n<p>Une fois par jour, apr\u00e8s le repas, avaler une g\u00e9lule avec un grand verre d\u2019eau. Ne pas croquer la g\u00e9lule.<\/p>","protected":false},"excerpt":{"rendered":"<p>Doppelherz\u00ae aktiv Prostacalm est une combinaison d\u2018extraits naturels de plantes et d\u2018antioxydants organiques et min\u00e9raux qui contribuent au fonctionnement normal de la&hellip;<\/p>","protected":false},"featured_media":14253,"comment_status":"open","ping_status":"closed","template":"","meta":[],"product_cat":[92],"product_tag":[],"yith_product_brand":[188],"class_list":{"0":"post-14254","1":"product","2":"type-product","3":"status-publish","4":"has-post-thumbnail","6":"product_cat-complements-alimentaires","7":"yith_product_brand-doppelherz","9":"first","10":"instock","11":"sale","12":"shipping-taxable","13":"purchasable","14":"product-type-simple"},"_links":{"self":[{"href":"https:\/\/parapharmacieenligne.ma\/en\/wp-json\/wp\/v2\/product\/14254","targetHints":{"allow":["GET"]}}],"collection":[{"href":"https:\/\/parapharmacieenligne.ma\/en\/wp-json\/wp\/v2\/product"}],"about":[{"href":"https:\/\/parapharmacieenligne.ma\/en\/wp-json\/wp\/v2\/types\/product"}],"replies":[{"embeddable":true,"href":"https:\/\/parapharmacieenligne.ma\/en\/wp-json\/wp\/v2\/comments?post=14254"}],"version-history":[{"count":1,"href":"https:\/\/parapharmacieenligne.ma\/en\/wp-json\/wp\/v2\/product\/14254\/revisions"}],"predecessor-version":[{"id":14255,"href":"https:\/\/parapharmacieenligne.ma\/en\/wp-json\/wp\/v2\/product\/14254\/revisions\/14255"}],"wp:featuredmedia":[{"embeddable":true,"href":"https:\/\/parapharmacieenligne.ma\/en\/wp-json\/wp\/v2\/media\/14253"}],"wp:attachment":[{"href":"https:\/\/parapharmacieenligne.ma\/en\/wp-json\/wp\/v2\/media?parent=14254"}],"wp:term":[{"taxonomy":"product_cat","embeddable":true,"href":"https:\/\/parapharmacieenligne.ma\/en\/wp-json\/wp\/v2\/product_cat?post=14254"},{"taxonomy":"product_tag","embeddable":true,"href":"https:\/\/parapharmacieenligne.ma\/en\/wp-json\/wp\/v2\/product_tag?post=14254"},{"taxonomy":"yith_product_brand","embeddable":true,"href":"https:\/\/parapharmacieenligne.ma\/en\/wp-json\/wp\/v2\/yith_product_brand?post=14254"}],"curies":[{"name":"wp","href":"https:\/\/api.w.org\/{rel}","templated":true}]}}