{"id":14266,"date":"2026-02-13T19:21:31","date_gmt":"2026-02-13T18:21:31","guid":{"rendered":"https:\/\/parapharmacieenligne.ma\/?post_type=product&#038;p=14266"},"modified":"2026-02-13T19:21:38","modified_gmt":"2026-02-13T18:21:38","slug":"doppelherz-aktiv-capilvit-30-capsules","status":"publish","type":"product","link":"https:\/\/parapharmacieenligne.ma\/en\/product\/doppelherz-aktiv-capilvit-30-capsules\/","title":{"rendered":"DOPPELHERZ AKTIV CAPILVIT 30 CAPSULES"},"content":{"rendered":"<p>Doppelherz aktiv Capilvit est une combinaison sp\u00e9ciale d\u00a0\u00bbextrait de sorgho, d\u00a0\u00bbhuile de germe de bl\u00e9, de biotine, de vitamine B6, de zinc et d\u00a0\u00bbacide pantoth\u00e9nique, \u00e9labor\u00e9e pour des cheveux forts et en bonne sant\u00e9. Capilvit aide \u00e0:<\/p>\n<p>-Stopper la chute de cheveux et favoriser la pousse<\/p>\n<p>-Soutenir la synth\u00e8se de la k\u00e9ratine -Renforcer les cheveux<\/p>\n<p>Conseils d&rsquo;utilisation:<\/p>\n<p>Prendre une gelule par jour<\/p>","protected":false},"excerpt":{"rendered":"<p>Doppelherz aktiv Capilvit est une combinaison sp\u00e9ciale d\u00a0\u00bbextrait de sorgho, d\u00a0\u00bbhuile de germe de bl\u00e9, de biotine, de vitamine B6, de zinc&hellip;<\/p>","protected":false},"featured_media":14265,"comment_status":"open","ping_status":"closed","template":"","meta":[],"product_cat":[92],"product_tag":[],"yith_product_brand":[188],"class_list":{"0":"post-14266","1":"product","2":"type-product","3":"status-publish","4":"has-post-thumbnail","6":"product_cat-complements-alimentaires","7":"yith_product_brand-doppelherz","9":"first","10":"instock","11":"sale","12":"shipping-taxable","13":"purchasable","14":"product-type-simple"},"_links":{"self":[{"href":"https:\/\/parapharmacieenligne.ma\/en\/wp-json\/wp\/v2\/product\/14266","targetHints":{"allow":["GET"]}}],"collection":[{"href":"https:\/\/parapharmacieenligne.ma\/en\/wp-json\/wp\/v2\/product"}],"about":[{"href":"https:\/\/parapharmacieenligne.ma\/en\/wp-json\/wp\/v2\/types\/product"}],"replies":[{"embeddable":true,"href":"https:\/\/parapharmacieenligne.ma\/en\/wp-json\/wp\/v2\/comments?post=14266"}],"version-history":[{"count":1,"href":"https:\/\/parapharmacieenligne.ma\/en\/wp-json\/wp\/v2\/product\/14266\/revisions"}],"predecessor-version":[{"id":14267,"href":"https:\/\/parapharmacieenligne.ma\/en\/wp-json\/wp\/v2\/product\/14266\/revisions\/14267"}],"wp:featuredmedia":[{"embeddable":true,"href":"https:\/\/parapharmacieenligne.ma\/en\/wp-json\/wp\/v2\/media\/14265"}],"wp:attachment":[{"href":"https:\/\/parapharmacieenligne.ma\/en\/wp-json\/wp\/v2\/media?parent=14266"}],"wp:term":[{"taxonomy":"product_cat","embeddable":true,"href":"https:\/\/parapharmacieenligne.ma\/en\/wp-json\/wp\/v2\/product_cat?post=14266"},{"taxonomy":"product_tag","embeddable":true,"href":"https:\/\/parapharmacieenligne.ma\/en\/wp-json\/wp\/v2\/product_tag?post=14266"},{"taxonomy":"yith_product_brand","embeddable":true,"href":"https:\/\/parapharmacieenligne.ma\/en\/wp-json\/wp\/v2\/yith_product_brand?post=14266"}],"curies":[{"name":"wp","href":"https:\/\/api.w.org\/{rel}","templated":true}]}}