{"id":14269,"date":"2026-02-13T19:22:46","date_gmt":"2026-02-13T18:22:46","guid":{"rendered":"https:\/\/parapharmacieenligne.ma\/?post_type=product&#038;p=14269"},"modified":"2026-02-13T19:22:58","modified_gmt":"2026-02-13T18:22:58","slug":"doppelherz-aktiv-vital-yeux-omega3-30-capsules","status":"publish","type":"product","link":"https:\/\/parapharmacieenligne.ma\/en\/product\/doppelherz-aktiv-vital-yeux-omega3-30-capsules\/","title":{"rendered":"DOPPELHERZ AKTIV VITAL YEUX + OMEGA3 30 CAPSULES"},"content":{"rendered":"<p>Regarder la t\u00e9l\u00e9vision ou travailler devant un \u00e9cran d\u2019ordinateur sous de mauvaises conditions d\u2019\u00e9clairage avec une lumi\u00e8re trop forte, trop faible ou de teinte d\u00e9sagr\u00e9able peut fatiguer les yeux. De plus, l\u2019air sec, la pollution et la fum\u00e9e de cigarette affectent la production lacrymale, ce qui accentue les irritations oculaires et d\u00e9t\u00e9riore l\u2019acuit\u00e9 visuelle.<\/p>\n<p>La vitamine A fait partie int\u00e9grante du pourpre r\u00e9tinien, le pigment photosensible des cellules en b\u00e2tonnets, qui est n\u00e9cessaire \u00e0 la perception des contrastes, surtout lorsque la lumi\u00e8re est faible. La vitamine A et la vitamine B2 contribuent \u00e0 maintenir une vision normale.<\/p>\n<p>Les acides gras om\u00e9ga-3 DHA et EPA sont des constituants majeurs de la membrane des cellules en b\u00e2tonnets, o\u00f9 ils soutiennent la production et le fonctionnement du pourpre r\u00e9tinien. Le DHA et l&rsquo;EPA prot\u00e8gent \u00e9galement les photor\u00e9cepteurs contre les dommages occasionn\u00e9s par les radicaux libres. Ils ont aussi une influence positive sur la composition et les propri\u00e9t\u00e9s du film lacrymal.<\/p>\n<p>La lut\u00e9ine et la z\u00e9axanthine sont des pigments pr\u00e9sents en quantit\u00e9s \u00e9lev\u00e9es dans la macula, lui conf\u00e9rant sa couleur jaune caract\u00e9ristique et une protection particuli\u00e8re vis-\u00e0-vis des rayonnements solaires nocifs. Ces pigments n\u2019\u00e9tant pas synth\u00e9tis\u00e9s par l\u2019organisme, doivent \u00eatre apport\u00e9s exclusivement par le biais de l\u2019alimentation.<\/p>\n<p>La vitamine E, la vitamine C, le zinc, le cuivre et le s\u00e9l\u00e9nium font partie de l\u2019arsenal de d\u00e9fense cellulaire contre les m\u00e9canismes oxydatifs qui peuvent entraver le fonctionnement cellulaire. Ces nutriments antioxydants sont d\u2019autant plus importants dans les cellules photor\u00e9ceptrices, qui sont sans cesse soumises aux attaques des radicaux libres produits sous l\u2019action de la lumi\u00e8re.<\/p>\n<p>Conseils d&rsquo;utilisation:<\/p>\n<p>Une fois par jour, apr\u00e8s le repas, prendre 1 capsule avec un grand verre d&rsquo;eau. Ne pas croquer Ia capsule.<\/p>","protected":false},"excerpt":{"rendered":"<p>Regarder la t\u00e9l\u00e9vision ou travailler devant un \u00e9cran d\u2019ordinateur sous de mauvaises conditions d\u2019\u00e9clairage avec une lumi\u00e8re trop forte, trop faible ou&hellip;<\/p>","protected":false},"featured_media":14268,"comment_status":"open","ping_status":"closed","template":"","meta":[],"product_cat":[92],"product_tag":[],"yith_product_brand":[188],"class_list":{"0":"post-14269","1":"product","2":"type-product","3":"status-publish","4":"has-post-thumbnail","6":"product_cat-complements-alimentaires","7":"yith_product_brand-doppelherz","9":"first","10":"instock","11":"sale","12":"shipping-taxable","13":"purchasable","14":"product-type-simple"},"_links":{"self":[{"href":"https:\/\/parapharmacieenligne.ma\/en\/wp-json\/wp\/v2\/product\/14269","targetHints":{"allow":["GET"]}}],"collection":[{"href":"https:\/\/parapharmacieenligne.ma\/en\/wp-json\/wp\/v2\/product"}],"about":[{"href":"https:\/\/parapharmacieenligne.ma\/en\/wp-json\/wp\/v2\/types\/product"}],"replies":[{"embeddable":true,"href":"https:\/\/parapharmacieenligne.ma\/en\/wp-json\/wp\/v2\/comments?post=14269"}],"version-history":[{"count":1,"href":"https:\/\/parapharmacieenligne.ma\/en\/wp-json\/wp\/v2\/product\/14269\/revisions"}],"predecessor-version":[{"id":14270,"href":"https:\/\/parapharmacieenligne.ma\/en\/wp-json\/wp\/v2\/product\/14269\/revisions\/14270"}],"wp:featuredmedia":[{"embeddable":true,"href":"https:\/\/parapharmacieenligne.ma\/en\/wp-json\/wp\/v2\/media\/14268"}],"wp:attachment":[{"href":"https:\/\/parapharmacieenligne.ma\/en\/wp-json\/wp\/v2\/media?parent=14269"}],"wp:term":[{"taxonomy":"product_cat","embeddable":true,"href":"https:\/\/parapharmacieenligne.ma\/en\/wp-json\/wp\/v2\/product_cat?post=14269"},{"taxonomy":"product_tag","embeddable":true,"href":"https:\/\/parapharmacieenligne.ma\/en\/wp-json\/wp\/v2\/product_tag?post=14269"},{"taxonomy":"yith_product_brand","embeddable":true,"href":"https:\/\/parapharmacieenligne.ma\/en\/wp-json\/wp\/v2\/yith_product_brand?post=14269"}],"curies":[{"name":"wp","href":"https:\/\/api.w.org\/{rel}","templated":true}]}}