{"id":14272,"date":"2026-02-13T19:23:11","date_gmt":"2026-02-13T18:23:11","guid":{"rendered":"https:\/\/parapharmacieenligne.ma\/?post_type=product&#038;p=14272"},"modified":"2026-02-13T19:23:21","modified_gmt":"2026-02-13T18:23:21","slug":"doppelherz-aktiv-coenzyme-q10-30-capsules","status":"publish","type":"product","link":"https:\/\/parapharmacieenligne.ma\/en\/product\/doppelherz-aktiv-coenzyme-q10-30-capsules\/","title":{"rendered":"DOPPELHERZ AKTIV COENZYME Q10 30 CAPSULES"},"content":{"rendered":"<p>Des niveaux suffisants en coenzyme Q10 sont n\u00e9cessaires pour assurer le fonctionnement de la cha\u00eene respiratoire, cette voie m\u00e9tabolique indispensable \u00e0 la production d\u2019\u00e9nergie cellulaire et au fonctionnement musculaire. La coenzyme Q10 joue de plus un r\u00f4le important en tant qu\u2019antioxydant puisqu\u2019elle est capable de neutraliser les radicaux libres qui sont en partie responsables du vieillissement cellulaire et cutan\u00e9.<\/p>\n<p>Conseils d&rsquo;utilisation:<\/p>\n<p>Une fois par jour, avec un repas, avaler une capsule avec un grand verre d\u2019eau. Ne pas croquer la capsule.<\/p>","protected":false},"excerpt":{"rendered":"<p>Des niveaux suffisants en coenzyme Q10 sont n\u00e9cessaires pour assurer le fonctionnement de la cha\u00eene respiratoire, cette voie m\u00e9tabolique indispensable \u00e0 la&hellip;<\/p>","protected":false},"featured_media":14271,"comment_status":"open","ping_status":"closed","template":"","meta":[],"product_cat":[92],"product_tag":[],"yith_product_brand":[188],"class_list":{"0":"post-14272","1":"product","2":"type-product","3":"status-publish","4":"has-post-thumbnail","6":"product_cat-complements-alimentaires","7":"yith_product_brand-doppelherz","9":"first","10":"instock","11":"sale","12":"shipping-taxable","13":"purchasable","14":"product-type-simple"},"_links":{"self":[{"href":"https:\/\/parapharmacieenligne.ma\/en\/wp-json\/wp\/v2\/product\/14272","targetHints":{"allow":["GET"]}}],"collection":[{"href":"https:\/\/parapharmacieenligne.ma\/en\/wp-json\/wp\/v2\/product"}],"about":[{"href":"https:\/\/parapharmacieenligne.ma\/en\/wp-json\/wp\/v2\/types\/product"}],"replies":[{"embeddable":true,"href":"https:\/\/parapharmacieenligne.ma\/en\/wp-json\/wp\/v2\/comments?post=14272"}],"version-history":[{"count":1,"href":"https:\/\/parapharmacieenligne.ma\/en\/wp-json\/wp\/v2\/product\/14272\/revisions"}],"predecessor-version":[{"id":14273,"href":"https:\/\/parapharmacieenligne.ma\/en\/wp-json\/wp\/v2\/product\/14272\/revisions\/14273"}],"wp:featuredmedia":[{"embeddable":true,"href":"https:\/\/parapharmacieenligne.ma\/en\/wp-json\/wp\/v2\/media\/14271"}],"wp:attachment":[{"href":"https:\/\/parapharmacieenligne.ma\/en\/wp-json\/wp\/v2\/media?parent=14272"}],"wp:term":[{"taxonomy":"product_cat","embeddable":true,"href":"https:\/\/parapharmacieenligne.ma\/en\/wp-json\/wp\/v2\/product_cat?post=14272"},{"taxonomy":"product_tag","embeddable":true,"href":"https:\/\/parapharmacieenligne.ma\/en\/wp-json\/wp\/v2\/product_tag?post=14272"},{"taxonomy":"yith_product_brand","embeddable":true,"href":"https:\/\/parapharmacieenligne.ma\/en\/wp-json\/wp\/v2\/yith_product_brand?post=14272"}],"curies":[{"name":"wp","href":"https:\/\/api.w.org\/{rel}","templated":true}]}}