{"id":14285,"date":"2026-02-13T19:24:31","date_gmt":"2026-02-13T18:24:31","guid":{"rendered":"https:\/\/parapharmacieenligne.ma\/?post_type=product&#038;p=14285"},"modified":"2026-02-13T19:24:38","modified_gmt":"2026-02-13T18:24:38","slug":"doppelherz-zinc-histidine-vitamine-c","status":"publish","type":"product","link":"https:\/\/parapharmacieenligne.ma\/en\/product\/doppelherz-zinc-histidine-vitamine-c\/","title":{"rendered":"DOPPELHERZ ZINC + HISTIDINE + VITAMINE C"},"content":{"rendered":"<p>Les comprim\u00e9s Zinc+Histidine+Vitamine C de Doppelherz\u00ae b\u00e9n\u00e9ficient de la technologie innovante DEPOT. Celle-ci consiste en un enrobage sp\u00e9cial qui permet la lib\u00e9ration progres-sive des micronutriments sur une p\u00e9riode de plusieurs heures, laissant ainsi \u00e0 l\u2019organisme le temps de pouvoir les assimiler.<\/p>","protected":false},"excerpt":{"rendered":"<p>Les comprim\u00e9s Zinc+Histidine+Vitamine C de Doppelherz\u00ae b\u00e9n\u00e9ficient de la technologie innovante DEPOT. Celle-ci consiste en un enrobage sp\u00e9cial qui permet la lib\u00e9ration&hellip;<\/p>","protected":false},"featured_media":14284,"comment_status":"open","ping_status":"closed","template":"","meta":[],"product_cat":[92],"product_tag":[],"yith_product_brand":[188],"class_list":{"0":"post-14285","1":"product","2":"type-product","3":"status-publish","4":"has-post-thumbnail","6":"product_cat-complements-alimentaires","7":"yith_product_brand-doppelherz","9":"first","10":"instock","11":"sale","12":"shipping-taxable","13":"purchasable","14":"product-type-simple"},"_links":{"self":[{"href":"https:\/\/parapharmacieenligne.ma\/en\/wp-json\/wp\/v2\/product\/14285","targetHints":{"allow":["GET"]}}],"collection":[{"href":"https:\/\/parapharmacieenligne.ma\/en\/wp-json\/wp\/v2\/product"}],"about":[{"href":"https:\/\/parapharmacieenligne.ma\/en\/wp-json\/wp\/v2\/types\/product"}],"replies":[{"embeddable":true,"href":"https:\/\/parapharmacieenligne.ma\/en\/wp-json\/wp\/v2\/comments?post=14285"}],"version-history":[{"count":1,"href":"https:\/\/parapharmacieenligne.ma\/en\/wp-json\/wp\/v2\/product\/14285\/revisions"}],"predecessor-version":[{"id":14286,"href":"https:\/\/parapharmacieenligne.ma\/en\/wp-json\/wp\/v2\/product\/14285\/revisions\/14286"}],"wp:featuredmedia":[{"embeddable":true,"href":"https:\/\/parapharmacieenligne.ma\/en\/wp-json\/wp\/v2\/media\/14284"}],"wp:attachment":[{"href":"https:\/\/parapharmacieenligne.ma\/en\/wp-json\/wp\/v2\/media?parent=14285"}],"wp:term":[{"taxonomy":"product_cat","embeddable":true,"href":"https:\/\/parapharmacieenligne.ma\/en\/wp-json\/wp\/v2\/product_cat?post=14285"},{"taxonomy":"product_tag","embeddable":true,"href":"https:\/\/parapharmacieenligne.ma\/en\/wp-json\/wp\/v2\/product_tag?post=14285"},{"taxonomy":"yith_product_brand","embeddable":true,"href":"https:\/\/parapharmacieenligne.ma\/en\/wp-json\/wp\/v2\/yith_product_brand?post=14285"}],"curies":[{"name":"wp","href":"https:\/\/api.w.org\/{rel}","templated":true}]}}