{"id":14291,"date":"2026-02-13T19:25:10","date_gmt":"2026-02-13T18:25:10","guid":{"rendered":"https:\/\/parapharmacieenligne.ma\/?post_type=product&#038;p=14291"},"modified":"2026-02-13T19:25:22","modified_gmt":"2026-02-13T18:25:22","slug":"doppelherz-kollagen-beauty-10-flacons","status":"publish","type":"product","link":"https:\/\/parapharmacieenligne.ma\/en\/product\/doppelherz-kollagen-beauty-10-flacons\/","title":{"rendered":"DOPPELHERZ KOLLAGEN BEAUTY 10 FLACONS"},"content":{"rendered":"<p>Doppelherz system KOLLAGEN BEAUTY contient des peptides de collag\u00e8ne pour la beaut\u00e9 de l\u2019int\u00e9rieur ainsi qu\u2019une s\u00e9l\u00e9ction de vitamines et oligo\u00e9l\u00e9ments plus de l\u2019extrait de baies d\u2019a\u00e7a\u00ef.<\/p>\n<p>Les nutriments de Doppelherz system KOLLAGEN BEAUTY sont compatibles entre eux :<\/p>\n<p>La vitamine A, le zinc et la biotine contribuent \u00e0 la conservation d\u2019une peau normale<br \/>\nLe cuivre pour contribuer \u00e0 une pigmentation normale de la peau et \u00e0 une formation normale du tissu conjonctif<br \/>\nAvec 100 mg d\u2019extrait d\u2019a\u00e7a\u00ef<br \/>\nFlacons pratiques au go\u00fbt d\u00e9licieux de lychee et melon<br \/>\nCONSEILS D&rsquo;UTILISATION :<\/p>\n<p>1 flacon par jour, apr\u00e8s le repas<\/p>","protected":false},"excerpt":{"rendered":"<p>Doppelherz system KOLLAGEN BEAUTY contient des peptides de collag\u00e8ne pour la beaut\u00e9 de l\u2019int\u00e9rieur ainsi qu\u2019une s\u00e9l\u00e9ction de vitamines et oligo\u00e9l\u00e9ments plus&hellip;<\/p>","protected":false},"featured_media":14290,"comment_status":"open","ping_status":"closed","template":"","meta":[],"product_cat":[92],"product_tag":[],"yith_product_brand":[188],"class_list":{"0":"post-14291","1":"product","2":"type-product","3":"status-publish","4":"has-post-thumbnail","6":"product_cat-complements-alimentaires","7":"yith_product_brand-doppelherz","9":"first","10":"instock","11":"sale","12":"shipping-taxable","13":"purchasable","14":"product-type-simple"},"_links":{"self":[{"href":"https:\/\/parapharmacieenligne.ma\/en\/wp-json\/wp\/v2\/product\/14291","targetHints":{"allow":["GET"]}}],"collection":[{"href":"https:\/\/parapharmacieenligne.ma\/en\/wp-json\/wp\/v2\/product"}],"about":[{"href":"https:\/\/parapharmacieenligne.ma\/en\/wp-json\/wp\/v2\/types\/product"}],"replies":[{"embeddable":true,"href":"https:\/\/parapharmacieenligne.ma\/en\/wp-json\/wp\/v2\/comments?post=14291"}],"version-history":[{"count":1,"href":"https:\/\/parapharmacieenligne.ma\/en\/wp-json\/wp\/v2\/product\/14291\/revisions"}],"predecessor-version":[{"id":14292,"href":"https:\/\/parapharmacieenligne.ma\/en\/wp-json\/wp\/v2\/product\/14291\/revisions\/14292"}],"wp:featuredmedia":[{"embeddable":true,"href":"https:\/\/parapharmacieenligne.ma\/en\/wp-json\/wp\/v2\/media\/14290"}],"wp:attachment":[{"href":"https:\/\/parapharmacieenligne.ma\/en\/wp-json\/wp\/v2\/media?parent=14291"}],"wp:term":[{"taxonomy":"product_cat","embeddable":true,"href":"https:\/\/parapharmacieenligne.ma\/en\/wp-json\/wp\/v2\/product_cat?post=14291"},{"taxonomy":"product_tag","embeddable":true,"href":"https:\/\/parapharmacieenligne.ma\/en\/wp-json\/wp\/v2\/product_tag?post=14291"},{"taxonomy":"yith_product_brand","embeddable":true,"href":"https:\/\/parapharmacieenligne.ma\/en\/wp-json\/wp\/v2\/yith_product_brand?post=14291"}],"curies":[{"name":"wp","href":"https:\/\/api.w.org\/{rel}","templated":true}]}}