{"id":14294,"date":"2026-02-13T19:25:32","date_gmt":"2026-02-13T18:25:32","guid":{"rendered":"https:\/\/parapharmacieenligne.ma\/?post_type=product&#038;p=14294"},"modified":"2026-02-13T19:25:41","modified_gmt":"2026-02-13T18:25:41","slug":"doppelherz-multi-vitamine-junior-gout-orange-150-ml","status":"publish","type":"product","link":"https:\/\/parapharmacieenligne.ma\/en\/product\/doppelherz-multi-vitamine-junior-gout-orange-150-ml\/","title":{"rendered":"DOPPELHERZ MULTI VITAMINE JUNIOR GOUT ORANGE 150 ML"},"content":{"rendered":"<p>Le sirop Doppelherz Multi Vitamine Junior au go\u00fbt d\u2019orange est le compl\u00e9ment id\u00e9al pour r\u00e9pondre aux besoins nutritionnels des enfants. Enrichi en acides gras om\u00e9ga-3, ce sirop aide au d\u00e9veloppement sain du cerveau et du syst\u00e8me nerveux, tout en renfor\u00e7ant le syst\u00e8me immunitaire. Gr\u00e2ce \u00e0 son d\u00e9licieux go\u00fbt d\u2019orange, il est appr\u00e9ci\u00e9 des petits, m\u00eame ceux qui sont r\u00e9ticents \u00e0 consommer du poisson.<\/p>\n<p>Les acides gras om\u00e9ga-3 sont essentiels \u00e0 la croissance et au bon fonctionnement cognitif. Pourtant, de nombreux enfants n\u2019en consomment pas suffisamment dans leur alimentation quotidienne. Ce sirop fournit une solution pratique et savoureuse pour assurer un apport optimal en om\u00e9ga-3 et en vitamines indispensables.<\/p>\n<p>En plus des om\u00e9ga-3, ce sirop contient des vitamines essentielles qui contribuent \u00e0 renforcer l&rsquo;immunit\u00e9, stimuler l&rsquo;\u00e9nergie et maintenir une bonne sant\u00e9 g\u00e9n\u00e9rale. C\u2019est un soutien pr\u00e9cieux pendant les p\u00e9riodes de croissance, d\u2019apprentissage intensif ou de fatigue.<\/p>\n<p>Avec une prise facile et sans contrainte gr\u00e2ce \u00e0 sa saveur fruit\u00e9e, le Doppelherz Multi Vitamine Junior rend le moment des vitamines agr\u00e9able pour les enfants et rassurant pour les parents. Adoptez ce compl\u00e9ment au quotidien pour offrir \u00e0 vos enfants le meilleur soutien nutritionnel et les aider \u00e0 grandir en pleine sant\u00e9.<\/p>\n<p>Conseils d\u2019utilisation<\/p>\n<p>Dosage : Prendre 1 cuill\u00e8re \u00e0 caf\u00e9 (5 ml) par jour.<br \/>\nMoment id\u00e9al : Apr\u00e8s le petit-d\u00e9jeuner pour une meilleure absorption.<br \/>\nConservation : Conserver au frais apr\u00e8s ouverture et consommer sous 2 mois.<br \/>\nComposition :<\/p>\n<p>Huile de poisson microencapsul\u00e9e, L-ascorbate de sodium, cyanocobalamine, ac\u00e9tate de DL-alpha-tocoph\u00e9rol, nicotinamide, palmitate de r\u00e9tinol, pantoth\u00e9nate de D-calcium, chol\u00e9calcif\u00e9rol, hydrochlorure de thiamine, riboflavine, hydrochlorure de pyridoxine, D-biotine, saccharose, eau (solvant, 56.34 %), poudre d\u2019orange (ar\u00f4me, 1.18 %), acide lactique (r\u00e9gulateur de l\u2019acidit\u00e9, 0.60 %), ar\u00f4mes (0.38 %), gomme xanthane (\u00e9paississant, 0.29 %), lactate de calcium (r\u00e9gulateur de l\u2019acidit\u00e9, 0.29 %), sorbate de potassium (agent de conservation, 0.11 %), benzoate de sodium (agent de conservation, 0.02 %), b\u00eata-carot\u00e8ne (colorant, 0.01 %).<\/p>","protected":false},"excerpt":{"rendered":"<p>Le sirop Doppelherz Multi Vitamine Junior au go\u00fbt d\u2019orange est le compl\u00e9ment id\u00e9al pour r\u00e9pondre aux besoins nutritionnels des enfants. Enrichi en&hellip;<\/p>","protected":false},"featured_media":14293,"comment_status":"open","ping_status":"closed","template":"","meta":[],"product_cat":[92],"product_tag":[],"yith_product_brand":[188],"class_list":{"0":"post-14294","1":"product","2":"type-product","3":"status-publish","4":"has-post-thumbnail","6":"product_cat-complements-alimentaires","7":"yith_product_brand-doppelherz","9":"first","10":"instock","11":"sale","12":"shipping-taxable","13":"purchasable","14":"product-type-simple"},"_links":{"self":[{"href":"https:\/\/parapharmacieenligne.ma\/en\/wp-json\/wp\/v2\/product\/14294","targetHints":{"allow":["GET"]}}],"collection":[{"href":"https:\/\/parapharmacieenligne.ma\/en\/wp-json\/wp\/v2\/product"}],"about":[{"href":"https:\/\/parapharmacieenligne.ma\/en\/wp-json\/wp\/v2\/types\/product"}],"replies":[{"embeddable":true,"href":"https:\/\/parapharmacieenligne.ma\/en\/wp-json\/wp\/v2\/comments?post=14294"}],"version-history":[{"count":1,"href":"https:\/\/parapharmacieenligne.ma\/en\/wp-json\/wp\/v2\/product\/14294\/revisions"}],"predecessor-version":[{"id":14295,"href":"https:\/\/parapharmacieenligne.ma\/en\/wp-json\/wp\/v2\/product\/14294\/revisions\/14295"}],"wp:featuredmedia":[{"embeddable":true,"href":"https:\/\/parapharmacieenligne.ma\/en\/wp-json\/wp\/v2\/media\/14293"}],"wp:attachment":[{"href":"https:\/\/parapharmacieenligne.ma\/en\/wp-json\/wp\/v2\/media?parent=14294"}],"wp:term":[{"taxonomy":"product_cat","embeddable":true,"href":"https:\/\/parapharmacieenligne.ma\/en\/wp-json\/wp\/v2\/product_cat?post=14294"},{"taxonomy":"product_tag","embeddable":true,"href":"https:\/\/parapharmacieenligne.ma\/en\/wp-json\/wp\/v2\/product_tag?post=14294"},{"taxonomy":"yith_product_brand","embeddable":true,"href":"https:\/\/parapharmacieenligne.ma\/en\/wp-json\/wp\/v2\/yith_product_brand?post=14294"}],"curies":[{"name":"wp","href":"https:\/\/api.w.org\/{rel}","templated":true}]}}