{"id":14309,"date":"2026-02-13T19:28:39","date_gmt":"2026-02-13T18:28:39","guid":{"rendered":"https:\/\/parapharmacieenligne.ma\/?post_type=product&#038;p=14309"},"modified":"2026-02-13T19:28:55","modified_gmt":"2026-02-13T18:28:55","slug":"doppelherz-aktiv-memovit-30-capsules","status":"publish","type":"product","link":"https:\/\/parapharmacieenligne.ma\/en\/product\/doppelherz-aktiv-memovit-30-capsules\/","title":{"rendered":"DOPPELHERZ AKTIV MEMOVIT 30 CAPSULES"},"content":{"rendered":"<p>Doppelherz aktiv M\u00e9movit est une combinaison intelligente et synergique de nutriments essentiels : l\u00e9cithine, vitamine E et vitamines B. Cette formule avanc\u00e9e a \u00e9t\u00e9 sp\u00e9cifiquement \u00e9labor\u00e9e pour soutenir le m\u00e9tabolisme et le fonctionnement des cellules nerveuses, des \u00e9l\u00e9ments fondamentaux de notre syst\u00e8me cognitif. Elle agit \u00e9galement sur la transmission de l\u2019influx nerveux et la communication entre les neurones, des processus cl\u00e9s pour la vitesse de traitement de l&rsquo;information et la capacit\u00e9 d&rsquo;apprentissage.<\/p>\n<p>Chaque composant de M\u00e9movit joue un r\u00f4le crucial :<\/p>\n<p>La l\u00e9cithine est l&rsquo;un des composants essentiels du syst\u00e8me nerveux. Elle est particuli\u00e8rement importante car elle joue un r\u00f4le cl\u00e9 dans le maintien des propri\u00e9t\u00e9s \u00e9lastiques des membranes des cellules nerveuses. Des membranes saines sont synonymes d&rsquo;une meilleure conductivit\u00e9 nerveuse et d&rsquo;une communication neuronale fluide.<\/p>\n<p>La vitamine E est un puissant antioxydant. Elle s\u2019ins\u00e8re dans la membrane des cellules, o\u00f9 elle exerce son action protectrice en neutralisant les radicaux libres. Ces derniers sont des mol\u00e9cules instables qui peuvent endommager les cellules, y compris les neurones, et acc\u00e9l\u00e9rer leur vieillissement pr\u00e9matur\u00e9. La vitamine E aide ainsi \u00e0 pr\u00e9server la jeunesse et la fonctionnalit\u00e9 de vos cellules c\u00e9r\u00e9brales.<\/p>\n<p>Les vitamines B jouent un r\u00f4le central dans l\u2019entretien et le fonctionnement du syst\u00e8me nerveux.<\/p>\n<p>La vitamine B1 est indispensable au m\u00e9tabolisme \u00e9nerg\u00e9tique des cellules de tous les types, y compris les cellules nerveuses. Un bon apport en \u00e9nergie est vital pour le cerveau, organe tr\u00e8s \u00e9nergivore.<\/p>\n<p>La vitamine B6 et la niacine (vitamine B3) sont incontournables pour un fonctionnement normal du syst\u00e8me nerveux, contribuant \u00e0 la synth\u00e8se de neurotransmetteurs essentiels.<\/p>\n<p>La vitamine B12 et l\u2019acide folique (vitamine B9) sont n\u00e9cessaires aux fonctions cognitives et affectives, jouant un r\u00f4le dans la m\u00e9moire, la concentration et l&rsquo;\u00e9quilibre \u00e9motionnel.<\/p>\n<p>Doppelherz aktiv M\u00e9movit est particuli\u00e8rement adapt\u00e9 pour un large \u00e9ventail de profils :<\/p>\n<p>Les coll\u00e9giens (\u00e0 partir de 12 ans), lyc\u00e9ens et \u00e9tudiants en phase d\u2019apprentissage, de r\u00e9visions et pendant les p\u00e9riodes d\u2019examens, pour les aider \u00e0 optimiser leurs performances intellectuelles.<\/p>\n<p>Ceux qui exercent une profession qui requiert des performances intellectuelles constantes, pour maintenir leur acuit\u00e9 mentale tout au long de la journ\u00e9e.<\/p>\n<p>Les personnes \u00e2g\u00e9es qui veulent rester intellectuellement actives, en soutenant la vitalit\u00e9 de leurs fonctions cognitives.<\/p>\n<p>Conseils d&rsquo;utilisation :<\/p>\n<p>Avaler 1 capsule au repas, avec un grand verre d\u2019eau. Ne pas croquer les capsules.<\/p>","protected":false},"excerpt":{"rendered":"<p>Doppelherz aktiv M\u00e9movit est une combinaison intelligente et synergique de nutriments essentiels : l\u00e9cithine, vitamine E et vitamines B. Cette formule avanc\u00e9e&hellip;<\/p>","protected":false},"featured_media":14308,"comment_status":"open","ping_status":"closed","template":"","meta":[],"product_cat":[92],"product_tag":[],"yith_product_brand":[188],"class_list":{"0":"post-14309","1":"product","2":"type-product","3":"status-publish","4":"has-post-thumbnail","6":"product_cat-complements-alimentaires","7":"yith_product_brand-doppelherz","9":"first","10":"instock","11":"sale","12":"shipping-taxable","13":"purchasable","14":"product-type-simple"},"_links":{"self":[{"href":"https:\/\/parapharmacieenligne.ma\/en\/wp-json\/wp\/v2\/product\/14309","targetHints":{"allow":["GET"]}}],"collection":[{"href":"https:\/\/parapharmacieenligne.ma\/en\/wp-json\/wp\/v2\/product"}],"about":[{"href":"https:\/\/parapharmacieenligne.ma\/en\/wp-json\/wp\/v2\/types\/product"}],"replies":[{"embeddable":true,"href":"https:\/\/parapharmacieenligne.ma\/en\/wp-json\/wp\/v2\/comments?post=14309"}],"version-history":[{"count":1,"href":"https:\/\/parapharmacieenligne.ma\/en\/wp-json\/wp\/v2\/product\/14309\/revisions"}],"predecessor-version":[{"id":14310,"href":"https:\/\/parapharmacieenligne.ma\/en\/wp-json\/wp\/v2\/product\/14309\/revisions\/14310"}],"wp:featuredmedia":[{"embeddable":true,"href":"https:\/\/parapharmacieenligne.ma\/en\/wp-json\/wp\/v2\/media\/14308"}],"wp:attachment":[{"href":"https:\/\/parapharmacieenligne.ma\/en\/wp-json\/wp\/v2\/media?parent=14309"}],"wp:term":[{"taxonomy":"product_cat","embeddable":true,"href":"https:\/\/parapharmacieenligne.ma\/en\/wp-json\/wp\/v2\/product_cat?post=14309"},{"taxonomy":"product_tag","embeddable":true,"href":"https:\/\/parapharmacieenligne.ma\/en\/wp-json\/wp\/v2\/product_tag?post=14309"},{"taxonomy":"yith_product_brand","embeddable":true,"href":"https:\/\/parapharmacieenligne.ma\/en\/wp-json\/wp\/v2\/yith_product_brand?post=14309"}],"curies":[{"name":"wp","href":"https:\/\/api.w.org\/{rel}","templated":true}]}}