{"id":14312,"date":"2026-02-13T19:33:28","date_gmt":"2026-02-13T18:33:28","guid":{"rendered":"https:\/\/parapharmacieenligne.ma\/?post_type=product&#038;p=14312"},"modified":"2026-02-13T19:33:42","modified_gmt":"2026-02-13T18:33:42","slug":"elgydium-dentifrice-anti-plaque-75-ml","status":"publish","type":"product","link":"https:\/\/parapharmacieenligne.ma\/en\/product\/elgydium-dentifrice-anti-plaque-75-ml\/","title":{"rendered":"ELGYDIUM DENTIFRICE ANTI PLAQUE 75 ML"},"content":{"rendered":"<p>ELGYDIUM Antiplaque Dentifrice garantit 93% de plaque dentaire en moins d\u00e8s 3 semaines d&rsquo;utilisation.<br \/>\nSa formule double action \u00e0 98% d&rsquo;origine naturelle contient de la Chlorhexidine aux propri\u00e9t\u00e9s assainissantes et du Carbonate de Calcium \u00e0 l&rsquo;effet polissant, actif dans la remin\u00e9ralisation des dents et l&rsquo;\u00e9quilibre du pH de la bouche. Il apporte une agr\u00e9able sensation de fra\u00eecheur \u00e0 chaque brossage. Convient aux adultes et enfants \u00e0 partir de 12 ans. Porte le label Origine France Garantie.<\/p>\n<p>Les bienfaits :<\/p>\n<p>EFFICACE : aide \u00e0 pr\u00e9venir la formation de la plaque dentaire.<br \/>\nASSAINISSANT : gr\u00e2ce \u00e0 la Chlorhexidine contenue dans sa formule.<br \/>\nPOLISSANT et remin\u00e9ralisant gr\u00e2ce au Carbonate de Calcium.<\/p>\n<p>Conseils d&rsquo;utilisation<br \/>\nIl est recommand\u00e9 de se brosser les dents apr\u00e8s chaque repas, 2 \u00e0 3 fois par jour, pendant 2 minutes, avec une brosse adapt\u00e9e, par exemple la brosse ELGYDIUM Antiplaque.<\/p>","protected":false},"excerpt":{"rendered":"<p>ELGYDIUM Antiplaque Dentifrice garantit 93% de plaque dentaire en moins d\u00e8s 3 semaines d&rsquo;utilisation. Sa formule double action \u00e0 98% d&rsquo;origine naturelle&hellip;<\/p>","protected":false},"featured_media":14311,"comment_status":"open","ping_status":"closed","template":"","meta":[],"product_cat":[88],"product_tag":[],"yith_product_brand":[189],"class_list":{"0":"post-14312","1":"product","2":"type-product","3":"status-publish","4":"has-post-thumbnail","6":"product_cat-soins-bucco-dentaires","7":"yith_product_brand-elgydium","9":"first","10":"instock","11":"sale","12":"shipping-taxable","13":"purchasable","14":"product-type-simple"},"_links":{"self":[{"href":"https:\/\/parapharmacieenligne.ma\/en\/wp-json\/wp\/v2\/product\/14312","targetHints":{"allow":["GET"]}}],"collection":[{"href":"https:\/\/parapharmacieenligne.ma\/en\/wp-json\/wp\/v2\/product"}],"about":[{"href":"https:\/\/parapharmacieenligne.ma\/en\/wp-json\/wp\/v2\/types\/product"}],"replies":[{"embeddable":true,"href":"https:\/\/parapharmacieenligne.ma\/en\/wp-json\/wp\/v2\/comments?post=14312"}],"version-history":[{"count":1,"href":"https:\/\/parapharmacieenligne.ma\/en\/wp-json\/wp\/v2\/product\/14312\/revisions"}],"predecessor-version":[{"id":14313,"href":"https:\/\/parapharmacieenligne.ma\/en\/wp-json\/wp\/v2\/product\/14312\/revisions\/14313"}],"wp:featuredmedia":[{"embeddable":true,"href":"https:\/\/parapharmacieenligne.ma\/en\/wp-json\/wp\/v2\/media\/14311"}],"wp:attachment":[{"href":"https:\/\/parapharmacieenligne.ma\/en\/wp-json\/wp\/v2\/media?parent=14312"}],"wp:term":[{"taxonomy":"product_cat","embeddable":true,"href":"https:\/\/parapharmacieenligne.ma\/en\/wp-json\/wp\/v2\/product_cat?post=14312"},{"taxonomy":"product_tag","embeddable":true,"href":"https:\/\/parapharmacieenligne.ma\/en\/wp-json\/wp\/v2\/product_tag?post=14312"},{"taxonomy":"yith_product_brand","embeddable":true,"href":"https:\/\/parapharmacieenligne.ma\/en\/wp-json\/wp\/v2\/yith_product_brand?post=14312"}],"curies":[{"name":"wp","href":"https:\/\/api.w.org\/{rel}","templated":true}]}}