{"id":14315,"date":"2026-02-13T19:33:51","date_gmt":"2026-02-13T18:33:51","guid":{"rendered":"https:\/\/parapharmacieenligne.ma\/?post_type=product&#038;p=14315"},"modified":"2026-02-13T19:34:04","modified_gmt":"2026-02-13T18:34:04","slug":"elgydium-dentifrice-kids-banane-2-6-ans-50-ml","status":"publish","type":"product","link":"https:\/\/parapharmacieenligne.ma\/en\/product\/elgydium-dentifrice-kids-banane-2-6-ans-50-ml\/","title":{"rendered":"ELGYDIUM DENTIFRICE KIDS BANANE 2- 6 ANS 50 ML"},"content":{"rendered":"<p>ELGYDIUM Dentifrice Kids 2\/6 ans Banane contient du Fluorinol parfaitement dos\u00e9, pour une efficacit\u00e9 renforc\u00e9e dans la protection de l&rsquo;\u00e9mail des dents de lait contre les caries. Avec ses 96 % d&rsquo;ingr\u00e9dients d&rsquo;origine naturelle, ELGYDIUM Kids Banane Dentifrice 2\/6 ans est l&rsquo;alli\u00e9 incontournable des enfants\u2026 mais \u00e9galement des parents. Son agr\u00e9able go\u00fbt de banane, pl\u00e9biscit\u00e9 par 90 % des enfants, leur donne l&rsquo;envie de se brosser les dents et facilite ce moment.<br \/>\nTest r\u00e9alis\u00e9 aupr\u00e8s de 31 enfants pendant trois semaines.<\/p>\n<p>Les bienfaits :<br \/>\n\u2022 NETTOIE les dents de lait des enfants de 2 \u00e0 6 ans.<br \/>\n\u2022 PROT\u00c8GE des attaques acides et des caries.<br \/>\n\u2022 OFFRE un d\u00e9licieux ar\u00f4me de banane qui donne envie de se brosser les dents encore plus souvent.<\/p>\n<p>Conseils d&rsquo;utilisation:<br \/>\nIl est recommand\u00e9 de se brosser les dents apr\u00e8s chaque repas, 2 \u00e0 3 fois par jour, pendant 2 minutes, l&rsquo;\u00e9quivalent d&rsquo;un petit pois de dentifrice sur une brosse \u00e0 dents souple ELGYDIUM Kids.<\/p>","protected":false},"excerpt":{"rendered":"<p>ELGYDIUM Dentifrice Kids 2\/6 ans Banane contient du Fluorinol parfaitement dos\u00e9, pour une efficacit\u00e9 renforc\u00e9e dans la protection de l&rsquo;\u00e9mail des dents&hellip;<\/p>","protected":false},"featured_media":14314,"comment_status":"open","ping_status":"closed","template":"","meta":[],"product_cat":[88],"product_tag":[],"yith_product_brand":[189],"class_list":{"0":"post-14315","1":"product","2":"type-product","3":"status-publish","4":"has-post-thumbnail","6":"product_cat-soins-bucco-dentaires","7":"yith_product_brand-elgydium","9":"first","10":"instock","11":"sale","12":"shipping-taxable","13":"purchasable","14":"product-type-simple"},"_links":{"self":[{"href":"https:\/\/parapharmacieenligne.ma\/en\/wp-json\/wp\/v2\/product\/14315","targetHints":{"allow":["GET"]}}],"collection":[{"href":"https:\/\/parapharmacieenligne.ma\/en\/wp-json\/wp\/v2\/product"}],"about":[{"href":"https:\/\/parapharmacieenligne.ma\/en\/wp-json\/wp\/v2\/types\/product"}],"replies":[{"embeddable":true,"href":"https:\/\/parapharmacieenligne.ma\/en\/wp-json\/wp\/v2\/comments?post=14315"}],"version-history":[{"count":1,"href":"https:\/\/parapharmacieenligne.ma\/en\/wp-json\/wp\/v2\/product\/14315\/revisions"}],"predecessor-version":[{"id":14316,"href":"https:\/\/parapharmacieenligne.ma\/en\/wp-json\/wp\/v2\/product\/14315\/revisions\/14316"}],"wp:featuredmedia":[{"embeddable":true,"href":"https:\/\/parapharmacieenligne.ma\/en\/wp-json\/wp\/v2\/media\/14314"}],"wp:attachment":[{"href":"https:\/\/parapharmacieenligne.ma\/en\/wp-json\/wp\/v2\/media?parent=14315"}],"wp:term":[{"taxonomy":"product_cat","embeddable":true,"href":"https:\/\/parapharmacieenligne.ma\/en\/wp-json\/wp\/v2\/product_cat?post=14315"},{"taxonomy":"product_tag","embeddable":true,"href":"https:\/\/parapharmacieenligne.ma\/en\/wp-json\/wp\/v2\/product_tag?post=14315"},{"taxonomy":"yith_product_brand","embeddable":true,"href":"https:\/\/parapharmacieenligne.ma\/en\/wp-json\/wp\/v2\/yith_product_brand?post=14315"}],"curies":[{"name":"wp","href":"https:\/\/api.w.org\/{rel}","templated":true}]}}