{"id":14318,"date":"2026-02-13T19:34:19","date_gmt":"2026-02-13T18:34:19","guid":{"rendered":"https:\/\/parapharmacieenligne.ma\/?post_type=product&#038;p=14318"},"modified":"2026-02-13T19:34:39","modified_gmt":"2026-02-13T18:34:39","slug":"elgydium-dentifrice-blancheur-75-ml","status":"publish","type":"product","link":"https:\/\/parapharmacieenligne.ma\/en\/product\/elgydium-dentifrice-blancheur-75-ml\/","title":{"rendered":"ELGYDIUM DENTIFRICE BLANCHEUR 75 ML"},"content":{"rendered":"<p>ELGYDIUM Blancheur Dentifrice contribue \u00e0 \u00e9liminer les taches superficielles (alimentation, tabac\u2026) et maintient la blancheur naturelle des dents tout en les respectant. Il prolonge la blancheur des dents apr\u00e8s un d\u00e9tartrage ou un \u00e9claircissement professionnel, pour encore plus de brillance. Il offre \u00e9galement une protection efficace contre les caries. Son effet, visible d\u00e8s deux semaines* sur les taches superficielles des dents, se renforce au fil du temps et des utilisations. Une efficacit\u00e9 rapide et durable a \u00e9t\u00e9 per\u00e7ue par 90% des sujets**. Sa formule contient du Bicarbonate de sodium micropulv\u00e9ris\u00e9, d&rsquo;une taille en moyenne cinq fois plus petite que les cristaux classiques de Bicarbonate de sodium, pour p\u00e9n\u00e9trer plus finement dans les sillons de l&rsquo;\u00e9mail<\/p>\n<p>Les bienfaits:<\/p>\n<p>MAINTIENT la blancheur naturelle des dents apr\u00e8s deux semaines d&rsquo;utilisation.<br \/>\nPROLONGE la blancheur apr\u00e8s un d\u00e9tartrage ou un \u00e9claircissement professionnel.<br \/>\nRESPECTE l&rsquo;\u00e9mail des dents.<\/p>\n<p>Conseils d&rsquo;utilisation:<\/p>\n<p>Il est recommand\u00e9 de se brosser les dents apr\u00e8s chaque repas, 2 \u00e0 3 fois par jour, pendant 2 minutes, avec une brosse adapt\u00e9e, par exemple la brosse ELGYDIUM Blancheur dot\u00e9e du Microball System.<\/p>","protected":false},"excerpt":{"rendered":"<p>ELGYDIUM Blancheur Dentifrice contribue \u00e0 \u00e9liminer les taches superficielles (alimentation, tabac\u2026) et maintient la blancheur naturelle des dents tout en les respectant.&hellip;<\/p>","protected":false},"featured_media":14317,"comment_status":"open","ping_status":"closed","template":"","meta":[],"product_cat":[88],"product_tag":[],"yith_product_brand":[189],"class_list":{"0":"post-14318","1":"product","2":"type-product","3":"status-publish","4":"has-post-thumbnail","6":"product_cat-soins-bucco-dentaires","7":"yith_product_brand-elgydium","9":"first","10":"instock","11":"sale","12":"shipping-taxable","13":"purchasable","14":"product-type-simple"},"_links":{"self":[{"href":"https:\/\/parapharmacieenligne.ma\/en\/wp-json\/wp\/v2\/product\/14318","targetHints":{"allow":["GET"]}}],"collection":[{"href":"https:\/\/parapharmacieenligne.ma\/en\/wp-json\/wp\/v2\/product"}],"about":[{"href":"https:\/\/parapharmacieenligne.ma\/en\/wp-json\/wp\/v2\/types\/product"}],"replies":[{"embeddable":true,"href":"https:\/\/parapharmacieenligne.ma\/en\/wp-json\/wp\/v2\/comments?post=14318"}],"version-history":[{"count":1,"href":"https:\/\/parapharmacieenligne.ma\/en\/wp-json\/wp\/v2\/product\/14318\/revisions"}],"predecessor-version":[{"id":14319,"href":"https:\/\/parapharmacieenligne.ma\/en\/wp-json\/wp\/v2\/product\/14318\/revisions\/14319"}],"wp:featuredmedia":[{"embeddable":true,"href":"https:\/\/parapharmacieenligne.ma\/en\/wp-json\/wp\/v2\/media\/14317"}],"wp:attachment":[{"href":"https:\/\/parapharmacieenligne.ma\/en\/wp-json\/wp\/v2\/media?parent=14318"}],"wp:term":[{"taxonomy":"product_cat","embeddable":true,"href":"https:\/\/parapharmacieenligne.ma\/en\/wp-json\/wp\/v2\/product_cat?post=14318"},{"taxonomy":"product_tag","embeddable":true,"href":"https:\/\/parapharmacieenligne.ma\/en\/wp-json\/wp\/v2\/product_tag?post=14318"},{"taxonomy":"yith_product_brand","embeddable":true,"href":"https:\/\/parapharmacieenligne.ma\/en\/wp-json\/wp\/v2\/yith_product_brand?post=14318"}],"curies":[{"name":"wp","href":"https:\/\/api.w.org\/{rel}","templated":true}]}}