{"id":14321,"date":"2026-02-13T19:34:53","date_gmt":"2026-02-13T18:34:53","guid":{"rendered":"https:\/\/parapharmacieenligne.ma\/?post_type=product&#038;p=14321"},"modified":"2026-02-13T19:35:05","modified_gmt":"2026-02-13T18:35:05","slug":"elgydium-dentifrice-dents-sensibles-75-ml","status":"publish","type":"product","link":"https:\/\/parapharmacieenligne.ma\/en\/product\/elgydium-dentifrice-dents-sensibles-75-ml\/","title":{"rendered":"ELGYDIUM DENTIFRICE DENTS SENSIBLES 75 ML"},"content":{"rendered":"<p>ELGYDIUM Dents Sensibles Dentifrice contribue \u00e0 favoriser la r\u00e9duction de l&rsquo;hypersensibilit\u00e9 dentinaire. D\u00e8s 2 semaines d&rsquo;utilisation, l&rsquo;hypersensibilit\u00e9 dentinaire est r\u00e9duite de 24,5 % (- 67,9 % apr\u00e8s un mois). Ce dentifrice dents sensibles p\u00e9n\u00e8tre dans les espaces interdentaires, dans les sillons et \u00e0 la limite gencive-dent, pour une efficacit\u00e9 globale. Doux et peu abrasif, il prend soin de la surface particuli\u00e8rement fragile des dents sensibles, tout en les prot\u00e9geant des caries gr\u00e2ce au Fluorinol. Sa formulation gel offre un meilleur confort d&rsquo;utilisation, en brossage apr\u00e8s chaque repas. Adapt\u00e9 aux adultes et enfants de plus de 12 ans.<\/p>\n<p>Les bienfaits :<br \/>\nAPAISE l&rsquo;hypersensibilit\u00e9 dentinaire.<br \/>\nRENFORCE les dents en contribuant \u00e0 fixer plus de fluor au niveau de l&rsquo;\u00e9mail.<br \/>\nTEXTURE gel pour un meilleur confort d&rsquo;utilisation.<\/p>\n<p>Conseils d&rsquo;utilisation:<\/p>\n<p>Il est recommand\u00e9 de se brosser les dents apr\u00e8s chaque repas, 2 \u00e0 3 fois par jour, pendant 2 minutes, avec une brosse \u00e0 dents souple. En cas d&rsquo;apport de fluorures provenant d&rsquo;autres sources, consulter un dentiste ou un m\u00e9decin.<\/p>","protected":false},"excerpt":{"rendered":"<p>ELGYDIUM Dents Sensibles Dentifrice contribue \u00e0 favoriser la r\u00e9duction de l&rsquo;hypersensibilit\u00e9 dentinaire. D\u00e8s 2 semaines d&rsquo;utilisation, l&rsquo;hypersensibilit\u00e9 dentinaire est r\u00e9duite de 24,5&hellip;<\/p>","protected":false},"featured_media":14320,"comment_status":"open","ping_status":"closed","template":"","meta":[],"product_cat":[88],"product_tag":[],"yith_product_brand":[189],"class_list":{"0":"post-14321","1":"product","2":"type-product","3":"status-publish","4":"has-post-thumbnail","6":"product_cat-soins-bucco-dentaires","7":"yith_product_brand-elgydium","9":"first","10":"instock","11":"sale","12":"shipping-taxable","13":"purchasable","14":"product-type-simple"},"_links":{"self":[{"href":"https:\/\/parapharmacieenligne.ma\/en\/wp-json\/wp\/v2\/product\/14321","targetHints":{"allow":["GET"]}}],"collection":[{"href":"https:\/\/parapharmacieenligne.ma\/en\/wp-json\/wp\/v2\/product"}],"about":[{"href":"https:\/\/parapharmacieenligne.ma\/en\/wp-json\/wp\/v2\/types\/product"}],"replies":[{"embeddable":true,"href":"https:\/\/parapharmacieenligne.ma\/en\/wp-json\/wp\/v2\/comments?post=14321"}],"version-history":[{"count":1,"href":"https:\/\/parapharmacieenligne.ma\/en\/wp-json\/wp\/v2\/product\/14321\/revisions"}],"predecessor-version":[{"id":14322,"href":"https:\/\/parapharmacieenligne.ma\/en\/wp-json\/wp\/v2\/product\/14321\/revisions\/14322"}],"wp:featuredmedia":[{"embeddable":true,"href":"https:\/\/parapharmacieenligne.ma\/en\/wp-json\/wp\/v2\/media\/14320"}],"wp:attachment":[{"href":"https:\/\/parapharmacieenligne.ma\/en\/wp-json\/wp\/v2\/media?parent=14321"}],"wp:term":[{"taxonomy":"product_cat","embeddable":true,"href":"https:\/\/parapharmacieenligne.ma\/en\/wp-json\/wp\/v2\/product_cat?post=14321"},{"taxonomy":"product_tag","embeddable":true,"href":"https:\/\/parapharmacieenligne.ma\/en\/wp-json\/wp\/v2\/product_tag?post=14321"},{"taxonomy":"yith_product_brand","embeddable":true,"href":"https:\/\/parapharmacieenligne.ma\/en\/wp-json\/wp\/v2\/yith_product_brand?post=14321"}],"curies":[{"name":"wp","href":"https:\/\/api.w.org\/{rel}","templated":true}]}}