{"id":14324,"date":"2026-02-13T19:35:18","date_gmt":"2026-02-13T18:35:18","guid":{"rendered":"https:\/\/parapharmacieenligne.ma\/?post_type=product&#038;p=14324"},"modified":"2026-02-13T19:35:36","modified_gmt":"2026-02-13T18:35:36","slug":"elgydium-dentifrice-kids-3-6-ans-gout-de-fraise","status":"publish","type":"product","link":"https:\/\/parapharmacieenligne.ma\/en\/product\/elgydium-dentifrice-kids-3-6-ans-gout-de-fraise\/","title":{"rendered":"ELGYDIUM DENTIFRICE KIDS 3-6 ANS GOUT DE FRAISE"},"content":{"rendered":"<p>Si son agr\u00e9able go\u00fbt de fraise givr\u00e9e pla\u00eet aux enfants, son Fluorinol\u00ae offre une protection renforc\u00e9e de l&rsquo;\u00e9mail des dents de lait contre les caries gr\u00e2ce \u00e0 une teneur en fluor adapt\u00e9e aux besoins des enfants de 3 \u00e0 6 ans (1000 ppm d&rsquo;ions fluor). Avec ses 96% d&rsquo;ingr\u00e9dients d&rsquo;origine naturelle, ELGYDIUM Dentifrice Kids (3-6 ans) Fraise givr\u00e9e est l&rsquo;alli\u00e9 inconditionnel des enfants\u2026 et des parents. Son go\u00fbt fraise est appr\u00e9ci\u00e9 par 90 % des enfants de 3 \u00e0 6 ans*, le go\u00fbt fraise est l&rsquo;un des plus pl\u00e9biscit\u00e9s. Plus besoin de le r\u00e9p\u00e9ter ni de courir derri\u00e8re les petits pour qu&rsquo;ils acceptent en souriant : les deux brossages quotidiens deviennent des moments sereins !<\/p>\n<p>Les bienfaits :<\/p>\n<p>NETTOIE les dents de lait des enfants de 3 \u00e0 6 ans.<br \/>\nPROT\u00c8GE des attaques acides et des caries.<br \/>\nOFFRE un agr\u00e9able ar\u00f4me de fraise qui donne envie de se brosser les dents.<\/p>\n<p>Conseils d&rsquo;utilisation:<\/p>\n<p>Il est recommand\u00e9 de se brosser les dents apr\u00e8s chaque repas, 2 \u00e0 3 fois par jour, pendant 2 minutes.<br \/>\nD\u00e9poser un petit pois de gel par brossage sur une brosse souple de type ELGYDIUM kids.<\/p>","protected":false},"excerpt":{"rendered":"<p>Si son agr\u00e9able go\u00fbt de fraise givr\u00e9e pla\u00eet aux enfants, son Fluorinol\u00ae offre une protection renforc\u00e9e de l&rsquo;\u00e9mail des dents de lait&hellip;<\/p>","protected":false},"featured_media":14323,"comment_status":"open","ping_status":"closed","template":"","meta":[],"product_cat":[88],"product_tag":[],"yith_product_brand":[189],"class_list":{"0":"post-14324","1":"product","2":"type-product","3":"status-publish","4":"has-post-thumbnail","6":"product_cat-soins-bucco-dentaires","7":"yith_product_brand-elgydium","9":"first","10":"instock","11":"sale","12":"shipping-taxable","13":"purchasable","14":"product-type-simple"},"_links":{"self":[{"href":"https:\/\/parapharmacieenligne.ma\/en\/wp-json\/wp\/v2\/product\/14324","targetHints":{"allow":["GET"]}}],"collection":[{"href":"https:\/\/parapharmacieenligne.ma\/en\/wp-json\/wp\/v2\/product"}],"about":[{"href":"https:\/\/parapharmacieenligne.ma\/en\/wp-json\/wp\/v2\/types\/product"}],"replies":[{"embeddable":true,"href":"https:\/\/parapharmacieenligne.ma\/en\/wp-json\/wp\/v2\/comments?post=14324"}],"version-history":[{"count":1,"href":"https:\/\/parapharmacieenligne.ma\/en\/wp-json\/wp\/v2\/product\/14324\/revisions"}],"predecessor-version":[{"id":14325,"href":"https:\/\/parapharmacieenligne.ma\/en\/wp-json\/wp\/v2\/product\/14324\/revisions\/14325"}],"wp:featuredmedia":[{"embeddable":true,"href":"https:\/\/parapharmacieenligne.ma\/en\/wp-json\/wp\/v2\/media\/14323"}],"wp:attachment":[{"href":"https:\/\/parapharmacieenligne.ma\/en\/wp-json\/wp\/v2\/media?parent=14324"}],"wp:term":[{"taxonomy":"product_cat","embeddable":true,"href":"https:\/\/parapharmacieenligne.ma\/en\/wp-json\/wp\/v2\/product_cat?post=14324"},{"taxonomy":"product_tag","embeddable":true,"href":"https:\/\/parapharmacieenligne.ma\/en\/wp-json\/wp\/v2\/product_tag?post=14324"},{"taxonomy":"yith_product_brand","embeddable":true,"href":"https:\/\/parapharmacieenligne.ma\/en\/wp-json\/wp\/v2\/yith_product_brand?post=14324"}],"curies":[{"name":"wp","href":"https:\/\/api.w.org\/{rel}","templated":true}]}}