{"id":14327,"date":"2026-02-13T19:35:51","date_gmt":"2026-02-13T18:35:51","guid":{"rendered":"https:\/\/parapharmacieenligne.ma\/?post_type=product&#038;p=14327"},"modified":"2026-02-13T19:36:20","modified_gmt":"2026-02-13T18:36:20","slug":"elgydium-eluday-bain-de-bouche-protect-500-ml","status":"publish","type":"product","link":"https:\/\/parapharmacieenligne.ma\/en\/product\/elgydium-eluday-bain-de-bouche-protect-500-ml\/","title":{"rendered":"ELGYDIUM ELUDAY BAIN DE BOUCHE PROTECT 500 ML"},"content":{"rendered":"<p>D\u00e9couvrez ELGYDIUM ELUDAY Bain de Bouche Protect 500 ml, votre alli\u00e9 quotidien pour une hygi\u00e8ne bucco-dentaire impeccable ! Ce bain de bouche sans alcool offre une protection compl\u00e8te en r\u00e9duisant efficacement la formation de plaque dentaire d\u00e8s la premi\u00e8re utilisation. Enrichi en Fluorinol, il renforce l\u2019\u00e9mail tout en favorisant la sant\u00e9 des gencives, vous offrant une bouche fra\u00eeche et prot\u00e9g\u00e9e. Son go\u00fbt menthol\u00e9 agr\u00e9able transforme votre routine en un moment de plaisir, matin et soir.<\/p>\n<p>Pratique et \u00e9cologique, son flacon est fabriqu\u00e9 \u00e0 100% en plastique PET recycl\u00e9, s&rsquo;inscrivant dans une d\u00e9marche respectueuse de l&rsquo;environnement. Adapt\u00e9 aux adultes et adolescents de plus de 12 ans, ce bain de bouche certifi\u00e9 Origine France Garantie assure une hygi\u00e8ne optimale, tout en apportant une sensation de fra\u00eecheur durable. Int\u00e9grez-le dans votre routine pour un sourire \u00e9clatant de sant\u00e9, des gencives prot\u00e9g\u00e9es, et une haleine toujours fra\u00eeche !<\/p>\n<p>Conseils d&rsquo;utilisation :<\/p>\n<p>Utilisation quotidienne : Rincez votre bouche avec 15 ml de solution, deux fois par jour apr\u00e8s le brossage des dents.<br \/>\nDur\u00e9e : Gargarisez pendant 30 secondes, puis recrachez. Ne pas avaler.<br \/>\nFr\u00e9quence : Pour des r\u00e9sultats optimaux, utilisez matin et soir.<\/p>","protected":false},"excerpt":{"rendered":"<p>D\u00e9couvrez ELGYDIUM ELUDAY Bain de Bouche Protect 500 ml, votre alli\u00e9 quotidien pour une hygi\u00e8ne bucco-dentaire impeccable ! Ce bain de bouche&hellip;<\/p>","protected":false},"featured_media":14326,"comment_status":"open","ping_status":"closed","template":"","meta":[],"product_cat":[88],"product_tag":[],"yith_product_brand":[189],"class_list":{"0":"post-14327","1":"product","2":"type-product","3":"status-publish","4":"has-post-thumbnail","6":"product_cat-soins-bucco-dentaires","7":"yith_product_brand-elgydium","9":"first","10":"instock","11":"sale","12":"shipping-taxable","13":"purchasable","14":"product-type-simple"},"_links":{"self":[{"href":"https:\/\/parapharmacieenligne.ma\/en\/wp-json\/wp\/v2\/product\/14327","targetHints":{"allow":["GET"]}}],"collection":[{"href":"https:\/\/parapharmacieenligne.ma\/en\/wp-json\/wp\/v2\/product"}],"about":[{"href":"https:\/\/parapharmacieenligne.ma\/en\/wp-json\/wp\/v2\/types\/product"}],"replies":[{"embeddable":true,"href":"https:\/\/parapharmacieenligne.ma\/en\/wp-json\/wp\/v2\/comments?post=14327"}],"version-history":[{"count":1,"href":"https:\/\/parapharmacieenligne.ma\/en\/wp-json\/wp\/v2\/product\/14327\/revisions"}],"predecessor-version":[{"id":14328,"href":"https:\/\/parapharmacieenligne.ma\/en\/wp-json\/wp\/v2\/product\/14327\/revisions\/14328"}],"wp:featuredmedia":[{"embeddable":true,"href":"https:\/\/parapharmacieenligne.ma\/en\/wp-json\/wp\/v2\/media\/14326"}],"wp:attachment":[{"href":"https:\/\/parapharmacieenligne.ma\/en\/wp-json\/wp\/v2\/media?parent=14327"}],"wp:term":[{"taxonomy":"product_cat","embeddable":true,"href":"https:\/\/parapharmacieenligne.ma\/en\/wp-json\/wp\/v2\/product_cat?post=14327"},{"taxonomy":"product_tag","embeddable":true,"href":"https:\/\/parapharmacieenligne.ma\/en\/wp-json\/wp\/v2\/product_tag?post=14327"},{"taxonomy":"yith_product_brand","embeddable":true,"href":"https:\/\/parapharmacieenligne.ma\/en\/wp-json\/wp\/v2\/yith_product_brand?post=14327"}],"curies":[{"name":"wp","href":"https:\/\/api.w.org\/{rel}","templated":true}]}}