{"id":14330,"date":"2026-02-13T19:36:40","date_gmt":"2026-02-13T18:36:40","guid":{"rendered":"https:\/\/parapharmacieenligne.ma\/?post_type=product&#038;p=14330"},"modified":"2026-02-13T19:36:56","modified_gmt":"2026-02-13T18:36:56","slug":"elgydium-dentifrice-multi-actions-75-ml","status":"publish","type":"product","link":"https:\/\/parapharmacieenligne.ma\/en\/product\/elgydium-dentifrice-multi-actions-75-ml\/","title":{"rendered":"ELGYDIUM DENTIFRICE MULTI ACTIONS 75 ML"},"content":{"rendered":"<p>ELGYDIUM Dentifrice Multi-actions prot\u00e8ge et renforce les gencives gr\u00e2ce \u00e0 ses antioxydants, contribue \u00e0 pr\u00e9venir la plaque dentaire et \u00e0 pr\u00e9server la blancheur naturelle des dents, renforce l&rsquo;\u00e9mail dentaire pour pr\u00e9venir les caries et rafra\u00eechit l&rsquo;haleine. ELGYDIUM Dentifrice Multi-actions est innovant, gr\u00e2ce aux propri\u00e9t\u00e9s de l&rsquo;Aquacyan\u00e9e et au Fluorinol qui contribue \u00e0 remin\u00e9raliser l&rsquo;\u00e9mail dentaire et \u00e0 le prot\u00e9ger. D\u00e8s la deuxi\u00e8me minute de brossage, il permet la fixation sur l&rsquo;\u00e9mail de six fois plus de fluor compar\u00e9 \u00e0 un fluor min\u00e9ral classique. Le Siliglycol contenu dans sa formule favorise la fixation du fluor sur l&rsquo;\u00e9mail, m\u00eame apr\u00e8s rin\u00e7age<\/p>\n<p>Les bienfaits:<\/p>\n<p>PROT\u00c8GE et renforce les gencives.<br \/>\nCONTRIBUE \u00e0 pr\u00e9venir la plaque dentaire.<br \/>\nVEILLE \u00e0 pr\u00e9server la blancheur naturelle des dents.<br \/>\nRENFORCE l&rsquo;\u00e9mail dentaire pour pr\u00e9venir les caries.<br \/>\nRAFRA\u00ceCHIT l&rsquo;haleine<\/p>\n<p>Conseils d&rsquo;utilisation:<\/p>\n<p>Il est recommand\u00e9 de se brosser les dents apr\u00e8s chaque repas, 2 \u00e0 3 fois par jour, pendant 2 minutes.<\/p>","protected":false},"excerpt":{"rendered":"<p>ELGYDIUM Dentifrice Multi-actions prot\u00e8ge et renforce les gencives gr\u00e2ce \u00e0 ses antioxydants, contribue \u00e0 pr\u00e9venir la plaque dentaire et \u00e0 pr\u00e9server la&hellip;<\/p>","protected":false},"featured_media":14329,"comment_status":"open","ping_status":"closed","template":"","meta":[],"product_cat":[88],"product_tag":[],"yith_product_brand":[189],"class_list":{"0":"post-14330","1":"product","2":"type-product","3":"status-publish","4":"has-post-thumbnail","6":"product_cat-soins-bucco-dentaires","7":"yith_product_brand-elgydium","9":"first","10":"instock","11":"sale","12":"shipping-taxable","13":"purchasable","14":"product-type-simple"},"_links":{"self":[{"href":"https:\/\/parapharmacieenligne.ma\/en\/wp-json\/wp\/v2\/product\/14330","targetHints":{"allow":["GET"]}}],"collection":[{"href":"https:\/\/parapharmacieenligne.ma\/en\/wp-json\/wp\/v2\/product"}],"about":[{"href":"https:\/\/parapharmacieenligne.ma\/en\/wp-json\/wp\/v2\/types\/product"}],"replies":[{"embeddable":true,"href":"https:\/\/parapharmacieenligne.ma\/en\/wp-json\/wp\/v2\/comments?post=14330"}],"version-history":[{"count":1,"href":"https:\/\/parapharmacieenligne.ma\/en\/wp-json\/wp\/v2\/product\/14330\/revisions"}],"predecessor-version":[{"id":14331,"href":"https:\/\/parapharmacieenligne.ma\/en\/wp-json\/wp\/v2\/product\/14330\/revisions\/14331"}],"wp:featuredmedia":[{"embeddable":true,"href":"https:\/\/parapharmacieenligne.ma\/en\/wp-json\/wp\/v2\/media\/14329"}],"wp:attachment":[{"href":"https:\/\/parapharmacieenligne.ma\/en\/wp-json\/wp\/v2\/media?parent=14330"}],"wp:term":[{"taxonomy":"product_cat","embeddable":true,"href":"https:\/\/parapharmacieenligne.ma\/en\/wp-json\/wp\/v2\/product_cat?post=14330"},{"taxonomy":"product_tag","embeddable":true,"href":"https:\/\/parapharmacieenligne.ma\/en\/wp-json\/wp\/v2\/product_tag?post=14330"},{"taxonomy":"yith_product_brand","embeddable":true,"href":"https:\/\/parapharmacieenligne.ma\/en\/wp-json\/wp\/v2\/yith_product_brand?post=14330"}],"curies":[{"name":"wp","href":"https:\/\/api.w.org\/{rel}","templated":true}]}}