{"id":14333,"date":"2026-02-13T19:37:19","date_gmt":"2026-02-13T18:37:19","guid":{"rendered":"https:\/\/parapharmacieenligne.ma\/?post_type=product&#038;p=14333"},"modified":"2026-02-13T19:37:32","modified_gmt":"2026-02-13T18:37:32","slug":"elgydium-dentifrice-enfants-grenadine-3-6-ans-50-ml","status":"publish","type":"product","link":"https:\/\/parapharmacieenligne.ma\/en\/product\/elgydium-dentifrice-enfants-grenadine-3-6-ans-50-ml\/","title":{"rendered":"ELGYDIUM DENTIFRICE ENFANTS GRENADINE 3-6 ANS 50 ML"},"content":{"rendered":"<p>Sa formule contient du Fluorinol\u00ae, un actif brevet\u00e9 par Pierre Fabre, reconnu pour son efficacit\u00e9 dans la fixation du fluor sur l\u2019\u00e9mail. R\u00e9sultat : une protection renforc\u00e9e contre les caries et les attaques acides, essentielle \u00e0 cet \u00e2ge o\u00f9 les dents de lait sont plus fragiles et plus fines que les dents d\u00e9finitives. D\u00e8s la premi\u00e8re minute de brossage, jusqu\u2019\u00e0 6 fois plus d\u2019ions fluor sont fix\u00e9s qu\u2019avec un fluor min\u00e9ral classique, garantissant ainsi une protection optimale.<\/p>\n<p>Compos\u00e9 \u00e0 95 % d\u2019ingr\u00e9dients d\u2019origine naturelle, le dentifrice respecte la sensibilit\u00e9 des gencives et la fragilit\u00e9 de l\u2019\u00e9mail des enfants. Sa texture gel douce et agr\u00e9able assure un nettoyage efficace sans agresser la bouche des petits.<\/p>\n<p>B\u00e9n\u00e9fices du dentifrice ELGYDIUM Enfants Grenadine 3-6 ans :<\/p>\n<p>Prot\u00e8ge efficacement les dents de lait contre les caries.<\/p>\n<p>Offre un go\u00fbt gourmand de grenadine qui encourage un brossage r\u00e9gulier.<\/p>\n<p>Apporte une fixation optimale du fluor pour renforcer l\u2019\u00e9mail.<\/p>\n<p>Texture gel douce adapt\u00e9e aux gencives sensibles.<\/p>\n<p>Conseils d\u2019utilisation<br \/>\nBrosser les dents 2 \u00e0 3 fois par jour, id\u00e9alement apr\u00e8s chaque repas.<\/p>\n<p>Utiliser une brosse \u00e0 dents souple adapt\u00e9e aux enfants (ELGYDIUM Kids ou Monster).<\/p>\n<p>Appliquer une noisette de dentifrice \u00e9quivalente \u00e0 un petit pois.<\/p>\n<p>Brosser pendant 2 minutes sous la surveillance d\u2019un adulte.<\/p>\n<p>En cas d\u2019apports suppl\u00e9mentaires en fluor (eau, sel fluor\u00e9, suppl\u00e9ments\u2026), demander l\u2019avis d\u2019un dentiste ou d\u2019un m\u00e9decin.<\/p>\n<p>Composition<br \/>\nHydrogenated Starch Hydrolysate, Aqua, Hydrated Silica, Benzyl Alcohol, Cellulose Gum, Aroma, Nicotinyl Alcohol HF, PEG-12, PEG-12 Allyl Ether, PEG-12 Dimethicone, CI 16035, Sodium Benzoate, Sodium Lauroyl Sarcosinate, Sodium Propionate, Sodium Saccharin, Tetrasodium EDTA<\/p>","protected":false},"excerpt":{"rendered":"<p>Sa formule contient du Fluorinol\u00ae, un actif brevet\u00e9 par Pierre Fabre, reconnu pour son efficacit\u00e9 dans la fixation du fluor sur l\u2019\u00e9mail.&hellip;<\/p>","protected":false},"featured_media":14332,"comment_status":"open","ping_status":"closed","template":"","meta":[],"product_cat":[88],"product_tag":[],"yith_product_brand":[189],"class_list":{"0":"post-14333","1":"product","2":"type-product","3":"status-publish","4":"has-post-thumbnail","6":"product_cat-soins-bucco-dentaires","7":"yith_product_brand-elgydium","9":"first","10":"instock","11":"sale","12":"shipping-taxable","13":"purchasable","14":"product-type-simple"},"_links":{"self":[{"href":"https:\/\/parapharmacieenligne.ma\/en\/wp-json\/wp\/v2\/product\/14333","targetHints":{"allow":["GET"]}}],"collection":[{"href":"https:\/\/parapharmacieenligne.ma\/en\/wp-json\/wp\/v2\/product"}],"about":[{"href":"https:\/\/parapharmacieenligne.ma\/en\/wp-json\/wp\/v2\/types\/product"}],"replies":[{"embeddable":true,"href":"https:\/\/parapharmacieenligne.ma\/en\/wp-json\/wp\/v2\/comments?post=14333"}],"version-history":[{"count":1,"href":"https:\/\/parapharmacieenligne.ma\/en\/wp-json\/wp\/v2\/product\/14333\/revisions"}],"predecessor-version":[{"id":14334,"href":"https:\/\/parapharmacieenligne.ma\/en\/wp-json\/wp\/v2\/product\/14333\/revisions\/14334"}],"wp:featuredmedia":[{"embeddable":true,"href":"https:\/\/parapharmacieenligne.ma\/en\/wp-json\/wp\/v2\/media\/14332"}],"wp:attachment":[{"href":"https:\/\/parapharmacieenligne.ma\/en\/wp-json\/wp\/v2\/media?parent=14333"}],"wp:term":[{"taxonomy":"product_cat","embeddable":true,"href":"https:\/\/parapharmacieenligne.ma\/en\/wp-json\/wp\/v2\/product_cat?post=14333"},{"taxonomy":"product_tag","embeddable":true,"href":"https:\/\/parapharmacieenligne.ma\/en\/wp-json\/wp\/v2\/product_tag?post=14333"},{"taxonomy":"yith_product_brand","embeddable":true,"href":"https:\/\/parapharmacieenligne.ma\/en\/wp-json\/wp\/v2\/yith_product_brand?post=14333"}],"curies":[{"name":"wp","href":"https:\/\/api.w.org\/{rel}","templated":true}]}}