{"id":14336,"date":"2026-02-13T19:37:45","date_gmt":"2026-02-13T18:37:45","guid":{"rendered":"https:\/\/parapharmacieenligne.ma\/?post_type=product&#038;p=14336"},"modified":"2026-02-13T19:38:24","modified_gmt":"2026-02-13T18:38:24","slug":"elgydium-brosse-a-dents-basic-medium","status":"publish","type":"product","link":"https:\/\/parapharmacieenligne.ma\/en\/product\/elgydium-brosse-a-dents-basic-medium\/","title":{"rendered":"ELGYDIUM BROSSE A DENTS BASIC MEDIUM"},"content":{"rendered":"<p>Un manche ergonomique, des brins finement arrondis. Une brosse \u00e0 dents basique, id\u00e9ale pour l&rsquo;hygi\u00e8ne bucco-dentaire quotidienne. Simple et parfaite, pour un usage quotidien, de pr\u00e9f\u00e9rence apr\u00e8s chaque repas.<\/p>\n<p>Les bienfaits :<br \/>\n\u2022 SIMPLE, donc essentielle.<br \/>\n\u2022 MANIABLE : gr\u00e2ce \u00e0 son manche ergonomique.<br \/>\n\u2022 DOUCE : gr\u00e2ce \u00e0 ses brins finement arrondis.<\/p>\n<p>Conseils d&rsquo;utilisation:<\/p>\n<p>Il est recommand\u00e9 de se brosser les dents apr\u00e8s chaque repas, 2 \u00e0 3 fois par jour, pendant 2 minutes, avec un dentifrice destin\u00e9 \u00e0 la protection contre les caries, par exemple ELGYDIUM Protection Caries.<\/p>","protected":false},"excerpt":{"rendered":"<p>Un manche ergonomique, des brins finement arrondis. Une brosse \u00e0 dents basique, id\u00e9ale pour l&rsquo;hygi\u00e8ne bucco-dentaire quotidienne. Simple et parfaite, pour un&hellip;<\/p>","protected":false},"featured_media":14335,"comment_status":"open","ping_status":"closed","template":"","meta":[],"product_cat":[88],"product_tag":[],"yith_product_brand":[189],"class_list":{"0":"post-14336","1":"product","2":"type-product","3":"status-publish","4":"has-post-thumbnail","6":"product_cat-soins-bucco-dentaires","7":"yith_product_brand-elgydium","9":"first","10":"instock","11":"sale","12":"shipping-taxable","13":"purchasable","14":"product-type-simple"},"_links":{"self":[{"href":"https:\/\/parapharmacieenligne.ma\/en\/wp-json\/wp\/v2\/product\/14336","targetHints":{"allow":["GET"]}}],"collection":[{"href":"https:\/\/parapharmacieenligne.ma\/en\/wp-json\/wp\/v2\/product"}],"about":[{"href":"https:\/\/parapharmacieenligne.ma\/en\/wp-json\/wp\/v2\/types\/product"}],"replies":[{"embeddable":true,"href":"https:\/\/parapharmacieenligne.ma\/en\/wp-json\/wp\/v2\/comments?post=14336"}],"version-history":[{"count":1,"href":"https:\/\/parapharmacieenligne.ma\/en\/wp-json\/wp\/v2\/product\/14336\/revisions"}],"predecessor-version":[{"id":14337,"href":"https:\/\/parapharmacieenligne.ma\/en\/wp-json\/wp\/v2\/product\/14336\/revisions\/14337"}],"wp:featuredmedia":[{"embeddable":true,"href":"https:\/\/parapharmacieenligne.ma\/en\/wp-json\/wp\/v2\/media\/14335"}],"wp:attachment":[{"href":"https:\/\/parapharmacieenligne.ma\/en\/wp-json\/wp\/v2\/media?parent=14336"}],"wp:term":[{"taxonomy":"product_cat","embeddable":true,"href":"https:\/\/parapharmacieenligne.ma\/en\/wp-json\/wp\/v2\/product_cat?post=14336"},{"taxonomy":"product_tag","embeddable":true,"href":"https:\/\/parapharmacieenligne.ma\/en\/wp-json\/wp\/v2\/product_tag?post=14336"},{"taxonomy":"yith_product_brand","embeddable":true,"href":"https:\/\/parapharmacieenligne.ma\/en\/wp-json\/wp\/v2\/yith_product_brand?post=14336"}],"curies":[{"name":"wp","href":"https:\/\/api.w.org\/{rel}","templated":true}]}}