{"id":14345,"date":"2026-02-13T19:41:35","date_gmt":"2026-02-13T18:41:35","guid":{"rendered":"https:\/\/parapharmacieenligne.ma\/?post_type=product&#038;p=14345"},"modified":"2026-02-13T19:41:53","modified_gmt":"2026-02-13T18:41:53","slug":"elgydium-brosse-a-dents-junior-soft-7-a-12-ans","status":"publish","type":"product","link":"https:\/\/parapharmacieenligne.ma\/en\/product\/elgydium-brosse-a-dents-junior-soft-7-a-12-ans\/","title":{"rendered":"ELGYDIUM BROSSE A DENTS JUNIOR SOFT 7 A 12 ANS"},"content":{"rendered":"<p>Un bon brossage apr\u00e8s les repas, d\u00e8s que les premi\u00e8res dents d\u00e9finitives apparaissent, est une habitude que devraient prendre tous les enfants et pr\u00e9-adolescents. La flexibilit\u00e9 de l&rsquo;implantation des brins souples et la taille de la t\u00eate de la brosse \u00e0 dents ELGYDIUM Junior sont parfaitement adapt\u00e9es \u00e0 la morphologie des 7\/12 ans. La brosse \u00e0 dents enfant respecte les dents et les gencives et facilite le nettoyage des zones interdentaires. Pour un geste de brossage id\u00e9al, d\u00e8s maintenant !<\/p>\n<p>Les bienfaits :<\/p>\n<p>\u2022 ADAPT\u00c9E aux enfants et pr\u00e9-adolescents entre 7 et 12 ans.<br \/>\n\u2022 DOUCE, la brosse \u00e0 dents ELGYDIUM Junior est compos\u00e9e de brins arrondis non traumatisants pour les gencives et les dents.<br \/>\n\u2022 PR\u00c9CISE: gr\u00e2ce \u00e0 sa coupe en bouquet qui nettoie entre les dents.<\/p>\n<p>Conseils d&rsquo;utilisation:<\/p>\n<p>Il est recommand\u00e9 de se brosser les dents apr\u00e8s chaque repas, 2 \u00e0 3 fois par jour, pendant 2 minutes<\/p>","protected":false},"excerpt":{"rendered":"<p>Un bon brossage apr\u00e8s les repas, d\u00e8s que les premi\u00e8res dents d\u00e9finitives apparaissent, est une habitude que devraient prendre tous les enfants&hellip;<\/p>","protected":false},"featured_media":14344,"comment_status":"open","ping_status":"closed","template":"","meta":[],"product_cat":[88],"product_tag":[],"yith_product_brand":[189],"class_list":{"0":"post-14345","1":"product","2":"type-product","3":"status-publish","4":"has-post-thumbnail","6":"product_cat-soins-bucco-dentaires","7":"yith_product_brand-elgydium","9":"first","10":"instock","11":"sale","12":"shipping-taxable","13":"purchasable","14":"product-type-simple"},"_links":{"self":[{"href":"https:\/\/parapharmacieenligne.ma\/en\/wp-json\/wp\/v2\/product\/14345","targetHints":{"allow":["GET"]}}],"collection":[{"href":"https:\/\/parapharmacieenligne.ma\/en\/wp-json\/wp\/v2\/product"}],"about":[{"href":"https:\/\/parapharmacieenligne.ma\/en\/wp-json\/wp\/v2\/types\/product"}],"replies":[{"embeddable":true,"href":"https:\/\/parapharmacieenligne.ma\/en\/wp-json\/wp\/v2\/comments?post=14345"}],"version-history":[{"count":1,"href":"https:\/\/parapharmacieenligne.ma\/en\/wp-json\/wp\/v2\/product\/14345\/revisions"}],"predecessor-version":[{"id":14346,"href":"https:\/\/parapharmacieenligne.ma\/en\/wp-json\/wp\/v2\/product\/14345\/revisions\/14346"}],"wp:featuredmedia":[{"embeddable":true,"href":"https:\/\/parapharmacieenligne.ma\/en\/wp-json\/wp\/v2\/media\/14344"}],"wp:attachment":[{"href":"https:\/\/parapharmacieenligne.ma\/en\/wp-json\/wp\/v2\/media?parent=14345"}],"wp:term":[{"taxonomy":"product_cat","embeddable":true,"href":"https:\/\/parapharmacieenligne.ma\/en\/wp-json\/wp\/v2\/product_cat?post=14345"},{"taxonomy":"product_tag","embeddable":true,"href":"https:\/\/parapharmacieenligne.ma\/en\/wp-json\/wp\/v2\/product_tag?post=14345"},{"taxonomy":"yith_product_brand","embeddable":true,"href":"https:\/\/parapharmacieenligne.ma\/en\/wp-json\/wp\/v2\/yith_product_brand?post=14345"}],"curies":[{"name":"wp","href":"https:\/\/api.w.org\/{rel}","templated":true}]}}