{"id":14348,"date":"2026-02-13T19:42:08","date_gmt":"2026-02-13T18:42:08","guid":{"rendered":"https:\/\/parapharmacieenligne.ma\/?post_type=product&#038;p=14348"},"modified":"2026-02-13T19:42:29","modified_gmt":"2026-02-13T18:42:29","slug":"elgydium-kids-brosse-a-dents-enfants-souple-2-a-6-ans","status":"publish","type":"product","link":"https:\/\/parapharmacieenligne.ma\/en\/product\/elgydium-kids-brosse-a-dents-enfants-souple-2-a-6-ans\/","title":{"rendered":"ELGYDIUM KIDS BROSSE A DENTS ENFANTS SOUPLE 2 A 6 ANS"},"content":{"rendered":"<p>Ses brins concaves \u00e9pousent parfaitement la forme des dents de lait, pour un nettoyage complet de la surface dentaire. Ses brins color\u00e9s, au centre, ont quant \u00e0 eux \u00e9t\u00e9 dispos\u00e9s l\u00e0 pour aider les enfants \u00e0 bien doser le dentifrice, sans exc\u00e8s. Son manche antid\u00e9rapant et ergonomique tient bien dans la main, m\u00eame lorsqu&rsquo;elle est mouill\u00e9e. Sa ventouse \u00e0 l&rsquo;extr\u00e9mit\u00e9 la maintient rang\u00e9e \u00e0 la verticale, pr\u00eate pour la prochaine utilisation.<\/p>\n<p>Les bienfaits<br \/>\n\u2022 LUDIQUE : pour motiver les enfants \u00e0 se brosser les dents.<br \/>\n\u2022 ERGONOMIQUE et douce pour les dents de lait et les gencives.<br \/>\n\u2022 \u00c9DUCATIVE : gr\u00e2ce aux brins color\u00e9s qui, au centre de la brosse \u00e0 dents enfant, indiquent la juste quantit\u00e9 de dentifrice \u00e0 utiliser.<\/p>\n<p>Conseils d&rsquo;utilisation:<br \/>\nIl est recommand\u00e9 de se brosser les dents apr\u00e8s chaque repas, 2 \u00e0 3 fois par jour, pendant 2 minutes, id\u00e9alement avec le dentifrice ELGYDIUM Kids 2-6 ans (go\u00fbt banane, fraise givr\u00e9e ou grenadine).<\/p>","protected":false},"excerpt":{"rendered":"<p>Ses brins concaves \u00e9pousent parfaitement la forme des dents de lait, pour un nettoyage complet de la surface dentaire. Ses brins color\u00e9s,&hellip;<\/p>","protected":false},"featured_media":14347,"comment_status":"open","ping_status":"closed","template":"","meta":[],"product_cat":[88],"product_tag":[],"yith_product_brand":[189],"class_list":{"0":"post-14348","1":"product","2":"type-product","3":"status-publish","4":"has-post-thumbnail","6":"product_cat-soins-bucco-dentaires","7":"yith_product_brand-elgydium","9":"first","10":"instock","11":"sale","12":"shipping-taxable","13":"purchasable","14":"product-type-simple"},"_links":{"self":[{"href":"https:\/\/parapharmacieenligne.ma\/en\/wp-json\/wp\/v2\/product\/14348","targetHints":{"allow":["GET"]}}],"collection":[{"href":"https:\/\/parapharmacieenligne.ma\/en\/wp-json\/wp\/v2\/product"}],"about":[{"href":"https:\/\/parapharmacieenligne.ma\/en\/wp-json\/wp\/v2\/types\/product"}],"replies":[{"embeddable":true,"href":"https:\/\/parapharmacieenligne.ma\/en\/wp-json\/wp\/v2\/comments?post=14348"}],"version-history":[{"count":1,"href":"https:\/\/parapharmacieenligne.ma\/en\/wp-json\/wp\/v2\/product\/14348\/revisions"}],"predecessor-version":[{"id":14349,"href":"https:\/\/parapharmacieenligne.ma\/en\/wp-json\/wp\/v2\/product\/14348\/revisions\/14349"}],"wp:featuredmedia":[{"embeddable":true,"href":"https:\/\/parapharmacieenligne.ma\/en\/wp-json\/wp\/v2\/media\/14347"}],"wp:attachment":[{"href":"https:\/\/parapharmacieenligne.ma\/en\/wp-json\/wp\/v2\/media?parent=14348"}],"wp:term":[{"taxonomy":"product_cat","embeddable":true,"href":"https:\/\/parapharmacieenligne.ma\/en\/wp-json\/wp\/v2\/product_cat?post=14348"},{"taxonomy":"product_tag","embeddable":true,"href":"https:\/\/parapharmacieenligne.ma\/en\/wp-json\/wp\/v2\/product_tag?post=14348"},{"taxonomy":"yith_product_brand","embeddable":true,"href":"https:\/\/parapharmacieenligne.ma\/en\/wp-json\/wp\/v2\/yith_product_brand?post=14348"}],"curies":[{"name":"wp","href":"https:\/\/api.w.org\/{rel}","templated":true}]}}