{"id":14357,"date":"2026-02-13T19:43:52","date_gmt":"2026-02-13T18:43:52","guid":{"rendered":"https:\/\/parapharmacieenligne.ma\/?post_type=product&#038;p=14357"},"modified":"2026-02-13T19:44:00","modified_gmt":"2026-02-13T18:44:00","slug":"elgydium-brosse-a-dents-anti-plaque-souple","status":"publish","type":"product","link":"https:\/\/parapharmacieenligne.ma\/en\/product\/elgydium-brosse-a-dents-anti-plaque-souple\/","title":{"rendered":"ELGYDIUM BROSSE A DENTS ANTI PLAQUE SOUPLE"},"content":{"rendered":"<p>La lutte contre la plaque dentaire bact\u00e9rienne est d\u00e9clar\u00e9e ! ELGYDIUM Antiplaque brosse \u00e0 dents dispose de brins finement arrondis, crois\u00e9s en X qui facilitent l&rsquo;acc\u00e8s aux zones difficiles d&rsquo;acc\u00e8s permettant d&rsquo;\u00e9liminer plus de plaque dentaire qu&rsquo;une brosse \u00e0 dents manuelle classique. Son manche ergonomique offre un meilleur confort et une bonne prise en main pour combattre efficacement l&rsquo;une des pires ennemies des gencives et des dents.<\/p>\n<p>Les bienfaits :<\/p>\n<p>\u2022 EFFICACE avec ses brins crois\u00e9s en X, particuli\u00e8rement adapt\u00e9s pour lutter contre la plaque dentaire bact\u00e9rienne.<br \/>\n\u2022 DOUCE gr\u00e2ce \u00e0 ses brins finement arrondis.<br \/>\n\u2022 HYGI\u00c9NIQUE gr\u00e2ce \u00e0 son prot\u00e8ge-t\u00eate.<\/p>\n<p>Conseils d&rsquo;utilisation:<br \/>\nIl est recommand\u00e9 de se brosser les dents apr\u00e8s chaque repas, 2 \u00e0 3 fois par jour, pendant 2 minutes, avec un dentifrice destin\u00e9 \u00e0 combattre la plaque dentaire.<\/p>","protected":false},"excerpt":{"rendered":"<p>La lutte contre la plaque dentaire bact\u00e9rienne est d\u00e9clar\u00e9e ! ELGYDIUM Antiplaque brosse \u00e0 dents dispose de brins finement arrondis, crois\u00e9s en&hellip;<\/p>","protected":false},"featured_media":14356,"comment_status":"open","ping_status":"closed","template":"","meta":[],"product_cat":[88],"product_tag":[],"yith_product_brand":[189],"class_list":{"0":"post-14357","1":"product","2":"type-product","3":"status-publish","4":"has-post-thumbnail","6":"product_cat-soins-bucco-dentaires","7":"yith_product_brand-elgydium","9":"first","10":"instock","11":"sale","12":"shipping-taxable","13":"purchasable","14":"product-type-simple"},"_links":{"self":[{"href":"https:\/\/parapharmacieenligne.ma\/en\/wp-json\/wp\/v2\/product\/14357","targetHints":{"allow":["GET"]}}],"collection":[{"href":"https:\/\/parapharmacieenligne.ma\/en\/wp-json\/wp\/v2\/product"}],"about":[{"href":"https:\/\/parapharmacieenligne.ma\/en\/wp-json\/wp\/v2\/types\/product"}],"replies":[{"embeddable":true,"href":"https:\/\/parapharmacieenligne.ma\/en\/wp-json\/wp\/v2\/comments?post=14357"}],"version-history":[{"count":1,"href":"https:\/\/parapharmacieenligne.ma\/en\/wp-json\/wp\/v2\/product\/14357\/revisions"}],"predecessor-version":[{"id":14358,"href":"https:\/\/parapharmacieenligne.ma\/en\/wp-json\/wp\/v2\/product\/14357\/revisions\/14358"}],"wp:featuredmedia":[{"embeddable":true,"href":"https:\/\/parapharmacieenligne.ma\/en\/wp-json\/wp\/v2\/media\/14356"}],"wp:attachment":[{"href":"https:\/\/parapharmacieenligne.ma\/en\/wp-json\/wp\/v2\/media?parent=14357"}],"wp:term":[{"taxonomy":"product_cat","embeddable":true,"href":"https:\/\/parapharmacieenligne.ma\/en\/wp-json\/wp\/v2\/product_cat?post=14357"},{"taxonomy":"product_tag","embeddable":true,"href":"https:\/\/parapharmacieenligne.ma\/en\/wp-json\/wp\/v2\/product_tag?post=14357"},{"taxonomy":"yith_product_brand","embeddable":true,"href":"https:\/\/parapharmacieenligne.ma\/en\/wp-json\/wp\/v2\/yith_product_brand?post=14357"}],"curies":[{"name":"wp","href":"https:\/\/api.w.org\/{rel}","templated":true}]}}