{"id":14372,"date":"2026-02-13T19:47:11","date_gmt":"2026-02-13T18:47:11","guid":{"rendered":"https:\/\/parapharmacieenligne.ma\/?post_type=product&#038;p=14372"},"modified":"2026-02-13T19:47:20","modified_gmt":"2026-02-13T18:47:20","slug":"elgydium-premieres-dents-gel-de-massage-gingival-apaisant-15-ml","status":"publish","type":"product","link":"https:\/\/parapharmacieenligne.ma\/en\/product\/elgydium-premieres-dents-gel-de-massage-gingival-apaisant-15-ml\/","title":{"rendered":"ELGYDIUM PREMIERES DENTS GEL DE MASSAGE GINGIVAL APAISANT 15 ML"},"content":{"rendered":"<p>Un gel de massage gingival contenant de l&rsquo;extrait de fleur de camomille et de l&rsquo;extrait de racine de guimauve, issus de plantes connues pour leurs aux propri\u00e9t\u00e9s apaisantes et adoucissantes. Pansoral Premi\u00e8res Dents apaise l&rsquo;inconfort li\u00e9 \u00e0 l&rsquo;apparition des premi\u00e8res dents des nourrissons. Il s&rsquo;applique trois \u00e0 quatre fois par jour, en massages l\u00e9gers, sur la gencive du nourrisson, pour un apaisement rapide et durable.<\/p>\n<p>Les bienfaits :<\/p>\n<p>APAISE : les gencives des nourrissons d\u00e8s 3 mois gr\u00e2ce \u00e0 sa formule contenant des extraits de fleur de camomille et de racine de guimauve.<br \/>\nFACILITE : le massage des gencives durant les pouss\u00e9es dentaires.<br \/>\nS&rsquo;APPLIQUE: trois \u00e0 quatre fois par jour.\u00a0\u00bb<\/p>\n<p>Conseils d&rsquo;utilisation:<\/p>\n<p>Appliquer une noisette de gel, sur la zone buccale douloureuse, avec le doigt (propre), et masser d\u00e9licatement les gencives, appliquer 3 \u00e0 4 fois par jour, apr\u00e8s les repas et avant le coucher Voie<br \/>\nlocale.<\/p>","protected":false},"excerpt":{"rendered":"<p>Un gel de massage gingival contenant de l&rsquo;extrait de fleur de camomille et de l&rsquo;extrait de racine de guimauve, issus de plantes&hellip;<\/p>","protected":false},"featured_media":14371,"comment_status":"open","ping_status":"closed","template":"","meta":[],"product_cat":[88],"product_tag":[],"yith_product_brand":[189],"class_list":{"0":"post-14372","1":"product","2":"type-product","3":"status-publish","4":"has-post-thumbnail","6":"product_cat-soins-bucco-dentaires","7":"yith_product_brand-elgydium","9":"first","10":"instock","11":"sale","12":"shipping-taxable","13":"purchasable","14":"product-type-simple"},"_links":{"self":[{"href":"https:\/\/parapharmacieenligne.ma\/en\/wp-json\/wp\/v2\/product\/14372","targetHints":{"allow":["GET"]}}],"collection":[{"href":"https:\/\/parapharmacieenligne.ma\/en\/wp-json\/wp\/v2\/product"}],"about":[{"href":"https:\/\/parapharmacieenligne.ma\/en\/wp-json\/wp\/v2\/types\/product"}],"replies":[{"embeddable":true,"href":"https:\/\/parapharmacieenligne.ma\/en\/wp-json\/wp\/v2\/comments?post=14372"}],"version-history":[{"count":1,"href":"https:\/\/parapharmacieenligne.ma\/en\/wp-json\/wp\/v2\/product\/14372\/revisions"}],"predecessor-version":[{"id":14373,"href":"https:\/\/parapharmacieenligne.ma\/en\/wp-json\/wp\/v2\/product\/14372\/revisions\/14373"}],"wp:featuredmedia":[{"embeddable":true,"href":"https:\/\/parapharmacieenligne.ma\/en\/wp-json\/wp\/v2\/media\/14371"}],"wp:attachment":[{"href":"https:\/\/parapharmacieenligne.ma\/en\/wp-json\/wp\/v2\/media?parent=14372"}],"wp:term":[{"taxonomy":"product_cat","embeddable":true,"href":"https:\/\/parapharmacieenligne.ma\/en\/wp-json\/wp\/v2\/product_cat?post=14372"},{"taxonomy":"product_tag","embeddable":true,"href":"https:\/\/parapharmacieenligne.ma\/en\/wp-json\/wp\/v2\/product_tag?post=14372"},{"taxonomy":"yith_product_brand","embeddable":true,"href":"https:\/\/parapharmacieenligne.ma\/en\/wp-json\/wp\/v2\/yith_product_brand?post=14372"}],"curies":[{"name":"wp","href":"https:\/\/api.w.org\/{rel}","templated":true}]}}