{"id":14375,"date":"2026-02-13T19:47:30","date_gmt":"2026-02-13T18:47:30","guid":{"rendered":"https:\/\/parapharmacieenligne.ma\/?post_type=product&#038;p=14375"},"modified":"2026-02-13T19:47:38","modified_gmt":"2026-02-13T18:47:38","slug":"elgydium-brosse-a-dents-blancheur-souple","status":"publish","type":"product","link":"https:\/\/parapharmacieenligne.ma\/en\/product\/elgydium-brosse-a-dents-blancheur-souple\/","title":{"rendered":"ELGYDIUM BROSSE A DENTS BLANCHEUR SOUPLE"},"content":{"rendered":"<p>Les brins munis de microbilles ultrapolissantes (Microball System) d&rsquo;ELGYDIUM Blancheur brosse \u00e0 dents respectent l&rsquo;\u00e9mail et favorisent une meilleure efficacit\u00e9 blanchissante. Son manche ergonomique permet une parfaite prise en main lors des brossages, trois fois par jour apr\u00e8s les repas avec un dentifrice sp\u00e9cifique, par exemple ELGYDIUM Blancheur.<\/p>\n<p>Les bienfaits :<\/p>\n<p>\u2022 EFFICACE gr\u00e2ce ses microbilles ultrapolissantes (Microball System).<br \/>\n\u2022 MANIABLE gr\u00e2ce \u00e0 son manche ergonomique.<br \/>\n\u2022 HYGI\u00c9NIQUE gr\u00e2ce \u00e0 son prot\u00e8ge-t\u00eate.<\/p>\n<p>Conseils d&rsquo;utilisation:<\/p>\n<p>Il est recommand\u00e9 de se brosser les dents apr\u00e8s chaque repas, 2 \u00e0 3 fois par jour, pendant 2 minutes, avec un dentifrice sp\u00e9cifique, par exemple ELGYDIUM Blancheur.<\/p>","protected":false},"excerpt":{"rendered":"<p>Les brins munis de microbilles ultrapolissantes (Microball System) d&rsquo;ELGYDIUM Blancheur brosse \u00e0 dents respectent l&rsquo;\u00e9mail et favorisent une meilleure efficacit\u00e9 blanchissante. Son&hellip;<\/p>","protected":false},"featured_media":14374,"comment_status":"open","ping_status":"closed","template":"","meta":[],"product_cat":[88],"product_tag":[],"yith_product_brand":[189],"class_list":{"0":"post-14375","1":"product","2":"type-product","3":"status-publish","4":"has-post-thumbnail","6":"product_cat-soins-bucco-dentaires","7":"yith_product_brand-elgydium","9":"first","10":"instock","11":"sale","12":"shipping-taxable","13":"purchasable","14":"product-type-simple"},"_links":{"self":[{"href":"https:\/\/parapharmacieenligne.ma\/en\/wp-json\/wp\/v2\/product\/14375","targetHints":{"allow":["GET"]}}],"collection":[{"href":"https:\/\/parapharmacieenligne.ma\/en\/wp-json\/wp\/v2\/product"}],"about":[{"href":"https:\/\/parapharmacieenligne.ma\/en\/wp-json\/wp\/v2\/types\/product"}],"replies":[{"embeddable":true,"href":"https:\/\/parapharmacieenligne.ma\/en\/wp-json\/wp\/v2\/comments?post=14375"}],"version-history":[{"count":1,"href":"https:\/\/parapharmacieenligne.ma\/en\/wp-json\/wp\/v2\/product\/14375\/revisions"}],"predecessor-version":[{"id":14376,"href":"https:\/\/parapharmacieenligne.ma\/en\/wp-json\/wp\/v2\/product\/14375\/revisions\/14376"}],"wp:featuredmedia":[{"embeddable":true,"href":"https:\/\/parapharmacieenligne.ma\/en\/wp-json\/wp\/v2\/media\/14374"}],"wp:attachment":[{"href":"https:\/\/parapharmacieenligne.ma\/en\/wp-json\/wp\/v2\/media?parent=14375"}],"wp:term":[{"taxonomy":"product_cat","embeddable":true,"href":"https:\/\/parapharmacieenligne.ma\/en\/wp-json\/wp\/v2\/product_cat?post=14375"},{"taxonomy":"product_tag","embeddable":true,"href":"https:\/\/parapharmacieenligne.ma\/en\/wp-json\/wp\/v2\/product_tag?post=14375"},{"taxonomy":"yith_product_brand","embeddable":true,"href":"https:\/\/parapharmacieenligne.ma\/en\/wp-json\/wp\/v2\/yith_product_brand?post=14375"}],"curies":[{"name":"wp","href":"https:\/\/api.w.org\/{rel}","templated":true}]}}