{"id":14384,"date":"2026-02-13T19:48:38","date_gmt":"2026-02-13T18:48:38","guid":{"rendered":"https:\/\/parapharmacieenligne.ma\/?post_type=product&#038;p=14384"},"modified":"2026-02-13T19:48:47","modified_gmt":"2026-02-13T18:48:47","slug":"elgydium-diffusion-brosse-a-dents-medium","status":"publish","type":"product","link":"https:\/\/parapharmacieenligne.ma\/en\/product\/elgydium-diffusion-brosse-a-dents-medium\/","title":{"rendered":"ELGYDIUM DIFFUSION BROSSE A DENTS MEDIUM"},"content":{"rendered":"<p>ELGYDIUM Diffusion brosse \u00e0 dents offre un nettoyage complet et en profondeur, m\u00eame des zones difficiles d&rsquo;acc\u00e8s, gr\u00e2ce \u00e0 sa brosse sans agrafe et \u00e0 la configuration unique de ses brins. La technologie innovante Anchor Free Rufting (ou implantation sans agrafe) laisse aux brins \u00e0 l&rsquo;arrondi parfait une totale libert\u00e9 de configuration. La brosse \u00e0 dents s&rsquo;adapte \u00e0 tout, fait preuve de souplesse et assure le meilleur des nettoyages (id\u00e9alement trois fois par jour apr\u00e8s les repas).<\/p>\n<p>Les bienfaits :<br \/>\n\u2022 TECHNOLOGIQUE : sa technologie innovante Anchor Free Rufting (ou implantation sans agrafe) assure la souplesse de configuration des brins.<br \/>\n\u2022 DOUCE : gr\u00e2ce \u00e0 ses brins finement arrondis.<br \/>\n\u2022 HYGI\u00c9NIQUE : gr\u00e2ce \u00e0 son prot\u00e8ge-t\u00eate.<\/p>\n<p>Conseils d&rsquo;utilisation:<br \/>\nIl est recommand\u00e9 de se brosser les dents apr\u00e8s chaque repas, 2 \u00e0 3 fois par jour, pendant 2 minutes, avec un dentifrice destin\u00e9 \u00e0 la protection contre les caries, par exemple ELGYDIUM Protection Caries.<\/p>","protected":false},"excerpt":{"rendered":"<p>ELGYDIUM Diffusion brosse \u00e0 dents offre un nettoyage complet et en profondeur, m\u00eame des zones difficiles d&rsquo;acc\u00e8s, gr\u00e2ce \u00e0 sa brosse sans&hellip;<\/p>","protected":false},"featured_media":14383,"comment_status":"open","ping_status":"closed","template":"","meta":[],"product_cat":[88],"product_tag":[],"yith_product_brand":[189],"class_list":{"0":"post-14384","1":"product","2":"type-product","3":"status-publish","4":"has-post-thumbnail","6":"product_cat-soins-bucco-dentaires","7":"yith_product_brand-elgydium","9":"first","10":"instock","11":"sale","12":"shipping-taxable","13":"purchasable","14":"product-type-simple"},"_links":{"self":[{"href":"https:\/\/parapharmacieenligne.ma\/en\/wp-json\/wp\/v2\/product\/14384","targetHints":{"allow":["GET"]}}],"collection":[{"href":"https:\/\/parapharmacieenligne.ma\/en\/wp-json\/wp\/v2\/product"}],"about":[{"href":"https:\/\/parapharmacieenligne.ma\/en\/wp-json\/wp\/v2\/types\/product"}],"replies":[{"embeddable":true,"href":"https:\/\/parapharmacieenligne.ma\/en\/wp-json\/wp\/v2\/comments?post=14384"}],"version-history":[{"count":1,"href":"https:\/\/parapharmacieenligne.ma\/en\/wp-json\/wp\/v2\/product\/14384\/revisions"}],"predecessor-version":[{"id":14385,"href":"https:\/\/parapharmacieenligne.ma\/en\/wp-json\/wp\/v2\/product\/14384\/revisions\/14385"}],"wp:featuredmedia":[{"embeddable":true,"href":"https:\/\/parapharmacieenligne.ma\/en\/wp-json\/wp\/v2\/media\/14383"}],"wp:attachment":[{"href":"https:\/\/parapharmacieenligne.ma\/en\/wp-json\/wp\/v2\/media?parent=14384"}],"wp:term":[{"taxonomy":"product_cat","embeddable":true,"href":"https:\/\/parapharmacieenligne.ma\/en\/wp-json\/wp\/v2\/product_cat?post=14384"},{"taxonomy":"product_tag","embeddable":true,"href":"https:\/\/parapharmacieenligne.ma\/en\/wp-json\/wp\/v2\/product_tag?post=14384"},{"taxonomy":"yith_product_brand","embeddable":true,"href":"https:\/\/parapharmacieenligne.ma\/en\/wp-json\/wp\/v2\/yith_product_brand?post=14384"}],"curies":[{"name":"wp","href":"https:\/\/api.w.org\/{rel}","templated":true}]}}