{"id":14411,"date":"2026-02-13T19:57:31","date_gmt":"2026-02-13T18:57:31","guid":{"rendered":"https:\/\/parapharmacieenligne.ma\/?post_type=product&#038;p=14411"},"modified":"2026-02-13T19:57:38","modified_gmt":"2026-02-13T18:57:38","slug":"elgydium-brosse-a-dents-classic-souple","status":"publish","type":"product","link":"https:\/\/parapharmacieenligne.ma\/en\/product\/elgydium-brosse-a-dents-classic-souple\/","title":{"rendered":"ELGYDIUM BROSSE A DENTS CLASSIC SOUPLE"},"content":{"rendered":"<p>ELGYDIUM Classic est une brosse \u00e0 dents intemporelle et incontournable, \u00e0 t\u00eate large et aux brins en nylon de haute qualit\u00e9 non traumatisants pour les dents et gencives. L&rsquo;exp\u00e9rience et l&rsquo;expertise d&rsquo;ELGYDIUM au bout d&rsquo;un manche ergonomique, \u00e0 utiliser id\u00e9alement 3 fois par jour apr\u00e8s les repas avec un dentifrice destin\u00e9 \u00e0 la protection contre les caries.<\/p>\n<p>Les bienfaits :<\/p>\n<p>\u2022 SIMPLE.<br \/>\n\u2022 DOUCE gr\u00e2ce \u00e0 ses brins en Tynex non traumatisants pour les dents et gencives.<br \/>\n\u2022 INTEMPORELLE et interg\u00e9n\u00e9rationnelle.<\/p>\n<p>Conseils d&rsquo;utilisation:<\/p>\n<p>Il est recommand\u00e9 de se brosser les dents apr\u00e8s chaque repas, 2 \u00e0 3 fois par jour, pendant 2 minutes, avec un dentifrice destin\u00e9 \u00e0 la protection contre les caries, par exemple ELGYDIUM Protection Caries.<\/p>","protected":false},"excerpt":{"rendered":"<p>ELGYDIUM Classic est une brosse \u00e0 dents intemporelle et incontournable, \u00e0 t\u00eate large et aux brins en nylon de haute qualit\u00e9 non&hellip;<\/p>","protected":false},"featured_media":14410,"comment_status":"open","ping_status":"closed","template":"","meta":[],"product_cat":[88],"product_tag":[],"yith_product_brand":[189],"class_list":{"0":"post-14411","1":"product","2":"type-product","3":"status-publish","4":"has-post-thumbnail","6":"product_cat-soins-bucco-dentaires","7":"yith_product_brand-elgydium","9":"first","10":"instock","11":"sale","12":"shipping-taxable","13":"purchasable","14":"product-type-simple"},"_links":{"self":[{"href":"https:\/\/parapharmacieenligne.ma\/en\/wp-json\/wp\/v2\/product\/14411","targetHints":{"allow":["GET"]}}],"collection":[{"href":"https:\/\/parapharmacieenligne.ma\/en\/wp-json\/wp\/v2\/product"}],"about":[{"href":"https:\/\/parapharmacieenligne.ma\/en\/wp-json\/wp\/v2\/types\/product"}],"replies":[{"embeddable":true,"href":"https:\/\/parapharmacieenligne.ma\/en\/wp-json\/wp\/v2\/comments?post=14411"}],"version-history":[{"count":1,"href":"https:\/\/parapharmacieenligne.ma\/en\/wp-json\/wp\/v2\/product\/14411\/revisions"}],"predecessor-version":[{"id":14412,"href":"https:\/\/parapharmacieenligne.ma\/en\/wp-json\/wp\/v2\/product\/14411\/revisions\/14412"}],"wp:featuredmedia":[{"embeddable":true,"href":"https:\/\/parapharmacieenligne.ma\/en\/wp-json\/wp\/v2\/media\/14410"}],"wp:attachment":[{"href":"https:\/\/parapharmacieenligne.ma\/en\/wp-json\/wp\/v2\/media?parent=14411"}],"wp:term":[{"taxonomy":"product_cat","embeddable":true,"href":"https:\/\/parapharmacieenligne.ma\/en\/wp-json\/wp\/v2\/product_cat?post=14411"},{"taxonomy":"product_tag","embeddable":true,"href":"https:\/\/parapharmacieenligne.ma\/en\/wp-json\/wp\/v2\/product_tag?post=14411"},{"taxonomy":"yith_product_brand","embeddable":true,"href":"https:\/\/parapharmacieenligne.ma\/en\/wp-json\/wp\/v2\/yith_product_brand?post=14411"}],"curies":[{"name":"wp","href":"https:\/\/api.w.org\/{rel}","templated":true}]}}