{"id":14426,"date":"2026-02-13T19:58:56","date_gmt":"2026-02-13T18:58:56","guid":{"rendered":"https:\/\/parapharmacieenligne.ma\/?post_type=product&#038;p=14426"},"modified":"2026-02-13T19:59:09","modified_gmt":"2026-02-13T18:59:09","slug":"elgydium-baby-brosse-a-dent-souple-0-a-2-ans-petite-bebe","status":"publish","type":"product","link":"https:\/\/parapharmacieenligne.ma\/en\/product\/elgydium-baby-brosse-a-dent-souple-0-a-2-ans-petite-bebe\/","title":{"rendered":"ELGYDIUM BABY BROSSE A DENT SOUPLE 0 A 2 ANS PETITE BEBE"},"content":{"rendered":"<p>Des poils ultra-doux pour un brossage tout en douceur<\/p>\n<p>Les poils finement arrondis de la brosse \u00e0 dents Elgydium Baby respectent les gencives fragiles de votre b\u00e9b\u00e9 et massent d\u00e9licatement ses gencives pour les soulager lors de la pouss\u00e9e des dents. La t\u00eate petite et ergonomique permet d&rsquo;atteindre facilement toutes les zones de la bouche, m\u00eame les plus difficiles d&rsquo;acc\u00e8s, pour un nettoyage complet et efficace.<\/p>\n<p>Un manche ergonomique pour une prise en main facile<\/p>\n<p>Le manche long et ergonomique de la brosse \u00e0 dents Elgydium Baby offre une prise en main optimale, m\u00eame pour les petites mains de votre b\u00e9b\u00e9. Cela lui permet de se brosser les dents de mani\u00e8re autonome, d\u00e8s son plus jeune \u00e2ge, tout en d\u00e9veloppant sa motricit\u00e9 fine.<\/p>\n<p>CONSEIL D\u2019UTILISATION<\/p>\n<p>Brossez les dents de votre b\u00e9b\u00e9 deux fois par jour, apr\u00e8s les repas.<br \/>\nUtilisez une quantit\u00e9 de dentifrice adapt\u00e9e \u00e0 l&rsquo;\u00e2ge de votre b\u00e9b\u00e9.<br \/>\nRemplacez la brosse \u00e0 dents tous les 3 mois.<\/p>","protected":false},"excerpt":{"rendered":"<p>Des poils ultra-doux pour un brossage tout en douceur Les poils finement arrondis de la brosse \u00e0 dents Elgydium Baby respectent les&hellip;<\/p>","protected":false},"featured_media":14425,"comment_status":"open","ping_status":"closed","template":"","meta":[],"product_cat":[88],"product_tag":[],"yith_product_brand":[189],"class_list":{"0":"post-14426","1":"product","2":"type-product","3":"status-publish","4":"has-post-thumbnail","6":"product_cat-soins-bucco-dentaires","7":"yith_product_brand-elgydium","9":"first","10":"instock","11":"sale","12":"shipping-taxable","13":"purchasable","14":"product-type-simple"},"_links":{"self":[{"href":"https:\/\/parapharmacieenligne.ma\/en\/wp-json\/wp\/v2\/product\/14426","targetHints":{"allow":["GET"]}}],"collection":[{"href":"https:\/\/parapharmacieenligne.ma\/en\/wp-json\/wp\/v2\/product"}],"about":[{"href":"https:\/\/parapharmacieenligne.ma\/en\/wp-json\/wp\/v2\/types\/product"}],"replies":[{"embeddable":true,"href":"https:\/\/parapharmacieenligne.ma\/en\/wp-json\/wp\/v2\/comments?post=14426"}],"version-history":[{"count":1,"href":"https:\/\/parapharmacieenligne.ma\/en\/wp-json\/wp\/v2\/product\/14426\/revisions"}],"predecessor-version":[{"id":14427,"href":"https:\/\/parapharmacieenligne.ma\/en\/wp-json\/wp\/v2\/product\/14426\/revisions\/14427"}],"wp:featuredmedia":[{"embeddable":true,"href":"https:\/\/parapharmacieenligne.ma\/en\/wp-json\/wp\/v2\/media\/14425"}],"wp:attachment":[{"href":"https:\/\/parapharmacieenligne.ma\/en\/wp-json\/wp\/v2\/media?parent=14426"}],"wp:term":[{"taxonomy":"product_cat","embeddable":true,"href":"https:\/\/parapharmacieenligne.ma\/en\/wp-json\/wp\/v2\/product_cat?post=14426"},{"taxonomy":"product_tag","embeddable":true,"href":"https:\/\/parapharmacieenligne.ma\/en\/wp-json\/wp\/v2\/product_tag?post=14426"},{"taxonomy":"yith_product_brand","embeddable":true,"href":"https:\/\/parapharmacieenligne.ma\/en\/wp-json\/wp\/v2\/yith_product_brand?post=14426"}],"curies":[{"name":"wp","href":"https:\/\/api.w.org\/{rel}","templated":true}]}}