{"id":14429,"date":"2026-02-13T19:59:17","date_gmt":"2026-02-13T18:59:17","guid":{"rendered":"https:\/\/parapharmacieenligne.ma\/?post_type=product&#038;p=14429"},"modified":"2026-02-13T19:59:24","modified_gmt":"2026-02-13T18:59:24","slug":"elgydium-eluday-bain-de-bouche-fraicheur-intense-500-ml","status":"publish","type":"product","link":"https:\/\/parapharmacieenligne.ma\/en\/product\/elgydium-eluday-bain-de-bouche-fraicheur-intense-500-ml\/","title":{"rendered":"ELGYDIUM ELUDAY BAIN DE BOUCHE FRAICHEUR INTENSE 500 ML"},"content":{"rendered":"<p>Gr\u00e2ce \u00e0 ses propri\u00e9t\u00e9s antibact\u00e9riennes, ELGYDIUM ELUDAY combat efficacement les bact\u00e9ries responsables de la plaque dentaire et de la mauvaise haleine. Il compl\u00e8te parfaitement le brossage des dents, surtout dans les zones difficiles d&rsquo;acc\u00e8s o\u00f9 les r\u00e9sidus alimentaires et les bact\u00e9ries peuvent s&rsquo;accumuler.<\/p>\n<p>Sans alcool, ce bain de bouche est id\u00e9al pour les personnes ayant des gencives sensibles. Sa formule douce mais efficace permet d&rsquo;\u00e9liminer les bact\u00e9ries sans causer d&rsquo;irritation, vous garantissant une haleine fra\u00eeche et une bouche saine tout au long de la journ\u00e9e.<\/p>\n<p>Fabriqu\u00e9 en France, ce produit respecte les normes de qualit\u00e9 les plus strictes, vous assurant une hygi\u00e8ne bucco-dentaire irr\u00e9prochable. L&rsquo;usage r\u00e9gulier de ce bain de bouche vous permettra de maintenir une sensation de propret\u00e9 et de fra\u00eecheur, renfor\u00e7ant ainsi votre confiance au quotidien.<\/p>\n<p>Composition<\/p>\n<p>Eau (Aqua), propyl\u00e8ne glycol, glyc\u00e9rine, xylitol, huile de ricin hydrog\u00e9n\u00e9e PEG-40, bleu 1 (CI42090), ar\u00f4me (ar\u00f4me), acide lactique, limon\u00e8ne, o-Cymen-5-Ol, benzoate de sodium, saccharine sodique.<\/p>\n<p>Conseils d&rsquo;utilisation <\/p>\n<p>Utilisez ELGYDIUM ELUDAY BAIN DE BOUCHE FRAICHEUR INTENSE 500 ML matin et soir apr\u00e8s le brossage des dents. Versez 15 ml de bain de bouche non dilu\u00e9 dans votre bouche. Rincez vous la bouche pendant 30 secondes, puis recrachez. Ne rincez pas \u00e0 l&rsquo;eau et ne pas avaler.<\/p>\n<p>Adoptez ce rituel deux fois par jour pour des r\u00e9sultats optimaux et une sensation de fra\u00eecheur in\u00e9gal\u00e9e.<\/p>","protected":false},"excerpt":{"rendered":"<p>Gr\u00e2ce \u00e0 ses propri\u00e9t\u00e9s antibact\u00e9riennes, ELGYDIUM ELUDAY combat efficacement les bact\u00e9ries responsables de la plaque dentaire et de la mauvaise haleine. Il&hellip;<\/p>","protected":false},"featured_media":14428,"comment_status":"open","ping_status":"closed","template":"","meta":[],"product_cat":[88],"product_tag":[],"yith_product_brand":[189],"class_list":{"0":"post-14429","1":"product","2":"type-product","3":"status-publish","4":"has-post-thumbnail","6":"product_cat-soins-bucco-dentaires","7":"yith_product_brand-elgydium","9":"first","10":"instock","11":"sale","12":"shipping-taxable","13":"purchasable","14":"product-type-simple"},"_links":{"self":[{"href":"https:\/\/parapharmacieenligne.ma\/en\/wp-json\/wp\/v2\/product\/14429","targetHints":{"allow":["GET"]}}],"collection":[{"href":"https:\/\/parapharmacieenligne.ma\/en\/wp-json\/wp\/v2\/product"}],"about":[{"href":"https:\/\/parapharmacieenligne.ma\/en\/wp-json\/wp\/v2\/types\/product"}],"replies":[{"embeddable":true,"href":"https:\/\/parapharmacieenligne.ma\/en\/wp-json\/wp\/v2\/comments?post=14429"}],"version-history":[{"count":1,"href":"https:\/\/parapharmacieenligne.ma\/en\/wp-json\/wp\/v2\/product\/14429\/revisions"}],"predecessor-version":[{"id":14430,"href":"https:\/\/parapharmacieenligne.ma\/en\/wp-json\/wp\/v2\/product\/14429\/revisions\/14430"}],"wp:featuredmedia":[{"embeddable":true,"href":"https:\/\/parapharmacieenligne.ma\/en\/wp-json\/wp\/v2\/media\/14428"}],"wp:attachment":[{"href":"https:\/\/parapharmacieenligne.ma\/en\/wp-json\/wp\/v2\/media?parent=14429"}],"wp:term":[{"taxonomy":"product_cat","embeddable":true,"href":"https:\/\/parapharmacieenligne.ma\/en\/wp-json\/wp\/v2\/product_cat?post=14429"},{"taxonomy":"product_tag","embeddable":true,"href":"https:\/\/parapharmacieenligne.ma\/en\/wp-json\/wp\/v2\/product_tag?post=14429"},{"taxonomy":"yith_product_brand","embeddable":true,"href":"https:\/\/parapharmacieenligne.ma\/en\/wp-json\/wp\/v2\/yith_product_brand?post=14429"}],"curies":[{"name":"wp","href":"https:\/\/api.w.org\/{rel}","templated":true}]}}