{"id":14432,"date":"2026-02-13T20:02:54","date_gmt":"2026-02-13T19:02:54","guid":{"rendered":"https:\/\/parapharmacieenligne.ma\/?post_type=product&#038;p=14432"},"modified":"2026-02-13T20:03:02","modified_gmt":"2026-02-13T19:03:02","slug":"elgydium-dentifrice-plaque-et-gums","status":"publish","type":"product","link":"https:\/\/parapharmacieenligne.ma\/en\/product\/elgydium-dentifrice-plaque-et-gums\/","title":{"rendered":"ELGYDIUM DENTIFRICE PLAQUE ET GUMS"},"content":{"rendered":"<p>Elgydium Plaque &amp; Gencives est un produit d&rsquo;hygi\u00e8ne bucco-dentaire qui agit contre la premi\u00e8re cause d&rsquo;irritation des gencives : la plaque dentaire, \u00e0 l&rsquo;origine du tartre.Sa composition contient une association d&rsquo;actifs assainissants reconnus en hygi\u00e8ne bucco-dentaire : le digluconate de chlorhexidine et le chlorure de c\u00e9tylpyridinium pour une efficacit\u00e9 anti-plaque, ainsi que du carbonate de calcium \u00e0 l&rsquo;action polissante.Elgydium Plaque &amp; Gums maintient les gencives en bonne sant\u00e9 et favorise une meilleure hygi\u00e8ne bucco-dentaire. Efficacit\u00e9 cliniquement prouv\u00e9e : r\u00e9duction de 66% de la plaque dentaire d\u00e8s la 4\u00e8me semaine*.<\/p>","protected":false},"excerpt":{"rendered":"<p>Elgydium Plaque &amp; Gencives est un produit d&rsquo;hygi\u00e8ne bucco-dentaire qui agit contre la premi\u00e8re cause d&rsquo;irritation des gencives : la plaque dentaire,&hellip;<\/p>","protected":false},"featured_media":14431,"comment_status":"open","ping_status":"closed","template":"","meta":[],"product_cat":[88],"product_tag":[],"yith_product_brand":[189],"class_list":{"0":"post-14432","1":"product","2":"type-product","3":"status-publish","4":"has-post-thumbnail","6":"product_cat-soins-bucco-dentaires","7":"yith_product_brand-elgydium","9":"first","10":"instock","11":"sale","12":"shipping-taxable","13":"purchasable","14":"product-type-simple"},"_links":{"self":[{"href":"https:\/\/parapharmacieenligne.ma\/en\/wp-json\/wp\/v2\/product\/14432","targetHints":{"allow":["GET"]}}],"collection":[{"href":"https:\/\/parapharmacieenligne.ma\/en\/wp-json\/wp\/v2\/product"}],"about":[{"href":"https:\/\/parapharmacieenligne.ma\/en\/wp-json\/wp\/v2\/types\/product"}],"replies":[{"embeddable":true,"href":"https:\/\/parapharmacieenligne.ma\/en\/wp-json\/wp\/v2\/comments?post=14432"}],"version-history":[{"count":1,"href":"https:\/\/parapharmacieenligne.ma\/en\/wp-json\/wp\/v2\/product\/14432\/revisions"}],"predecessor-version":[{"id":14433,"href":"https:\/\/parapharmacieenligne.ma\/en\/wp-json\/wp\/v2\/product\/14432\/revisions\/14433"}],"wp:featuredmedia":[{"embeddable":true,"href":"https:\/\/parapharmacieenligne.ma\/en\/wp-json\/wp\/v2\/media\/14431"}],"wp:attachment":[{"href":"https:\/\/parapharmacieenligne.ma\/en\/wp-json\/wp\/v2\/media?parent=14432"}],"wp:term":[{"taxonomy":"product_cat","embeddable":true,"href":"https:\/\/parapharmacieenligne.ma\/en\/wp-json\/wp\/v2\/product_cat?post=14432"},{"taxonomy":"product_tag","embeddable":true,"href":"https:\/\/parapharmacieenligne.ma\/en\/wp-json\/wp\/v2\/product_tag?post=14432"},{"taxonomy":"yith_product_brand","embeddable":true,"href":"https:\/\/parapharmacieenligne.ma\/en\/wp-json\/wp\/v2\/yith_product_brand?post=14432"}],"curies":[{"name":"wp","href":"https:\/\/api.w.org\/{rel}","templated":true}]}}