{"id":14438,"date":"2026-02-13T20:07:44","date_gmt":"2026-02-13T19:07:44","guid":{"rendered":"https:\/\/parapharmacieenligne.ma\/?post_type=product&#038;p=14438"},"modified":"2026-02-13T20:07:51","modified_gmt":"2026-02-13T19:07:51","slug":"elgydium-dentifrice-protection-caries-75-ml","status":"publish","type":"product","link":"https:\/\/parapharmacieenligne.ma\/en\/product\/elgydium-dentifrice-protection-caries-75-ml\/","title":{"rendered":"ELGYDIUM DENTIFRICE PROTECTION CARIES 75 ML"},"content":{"rendered":"<p>Le dentifrice ELGYDIUM Protection Caries contient du Fluorinol qui contribue \u00e0 renforcer et prot\u00e9ger les dents des caries. Le r\u00e9sultat : des dents remin\u00e9ralis\u00e9es et une protection renforc\u00e9e contre les attaques acides. ELGYDIUM Protection Caries Dentifrice s&rsquo;utilise \u00e0 chaque brossage.<\/p>\n<p>Les bienfaits:<\/p>\n<p>REMIN\u00c9RALISE : l&rsquo;\u00e9mail gr\u00e2ce au Fluorinol.<br \/>\nRENFORCE : les dents en contribuant \u00e0 fixer plus de fluor au niveau de l&rsquo;\u00e9mail.<br \/>\nEFFICACE : pr\u00e9vient et r\u00e9duit significativement les attaques acides<\/p>\n<p>Conseils d&rsquo;utilisation:<\/p>\n<p>Il est recommand\u00e9 de se brosser les dents apr\u00e8s chaque repas, 2 \u00e0 3 fois par jour, pendant 2 minutes, avec une brosse souple.<br \/>\nEn cas d&rsquo;apport de fluorures provenant d&rsquo;autres sources, consulter un dentiste ou un m\u00e9decin<\/p>","protected":false},"excerpt":{"rendered":"<p>Le dentifrice ELGYDIUM Protection Caries contient du Fluorinol qui contribue \u00e0 renforcer et prot\u00e9ger les dents des caries. Le r\u00e9sultat : des&hellip;<\/p>","protected":false},"featured_media":14437,"comment_status":"open","ping_status":"closed","template":"","meta":[],"product_cat":[88],"product_tag":[],"yith_product_brand":[189],"class_list":{"0":"post-14438","1":"product","2":"type-product","3":"status-publish","4":"has-post-thumbnail","6":"product_cat-soins-bucco-dentaires","7":"yith_product_brand-elgydium","9":"first","10":"instock","11":"sale","12":"shipping-taxable","13":"purchasable","14":"product-type-simple"},"_links":{"self":[{"href":"https:\/\/parapharmacieenligne.ma\/en\/wp-json\/wp\/v2\/product\/14438","targetHints":{"allow":["GET"]}}],"collection":[{"href":"https:\/\/parapharmacieenligne.ma\/en\/wp-json\/wp\/v2\/product"}],"about":[{"href":"https:\/\/parapharmacieenligne.ma\/en\/wp-json\/wp\/v2\/types\/product"}],"replies":[{"embeddable":true,"href":"https:\/\/parapharmacieenligne.ma\/en\/wp-json\/wp\/v2\/comments?post=14438"}],"version-history":[{"count":1,"href":"https:\/\/parapharmacieenligne.ma\/en\/wp-json\/wp\/v2\/product\/14438\/revisions"}],"predecessor-version":[{"id":14439,"href":"https:\/\/parapharmacieenligne.ma\/en\/wp-json\/wp\/v2\/product\/14438\/revisions\/14439"}],"wp:featuredmedia":[{"embeddable":true,"href":"https:\/\/parapharmacieenligne.ma\/en\/wp-json\/wp\/v2\/media\/14437"}],"wp:attachment":[{"href":"https:\/\/parapharmacieenligne.ma\/en\/wp-json\/wp\/v2\/media?parent=14438"}],"wp:term":[{"taxonomy":"product_cat","embeddable":true,"href":"https:\/\/parapharmacieenligne.ma\/en\/wp-json\/wp\/v2\/product_cat?post=14438"},{"taxonomy":"product_tag","embeddable":true,"href":"https:\/\/parapharmacieenligne.ma\/en\/wp-json\/wp\/v2\/product_tag?post=14438"},{"taxonomy":"yith_product_brand","embeddable":true,"href":"https:\/\/parapharmacieenligne.ma\/en\/wp-json\/wp\/v2\/yith_product_brand?post=14438"}],"curies":[{"name":"wp","href":"https:\/\/api.w.org\/{rel}","templated":true}]}}