{"id":14444,"date":"2026-02-13T20:08:24","date_gmt":"2026-02-13T19:08:24","guid":{"rendered":"https:\/\/parapharmacieenligne.ma\/?post_type=product&#038;p=14444"},"modified":"2026-02-13T20:08:33","modified_gmt":"2026-02-13T19:08:33","slug":"elgydium-brosse-a-dents-clinic-ortho-x","status":"publish","type":"product","link":"https:\/\/parapharmacieenligne.ma\/en\/product\/elgydium-brosse-a-dents-clinic-ortho-x\/","title":{"rendered":"ELGYDIUM BROSSE A DENTS CLINIC ORTHO X"},"content":{"rendered":"<p>Les adultes porteurs d&rsquo;appareils orthodontiques connaissent la difficult\u00e9 que repr\u00e9sente un brossage soign\u00e9 et complet. ELGYDIUM Clinic Brosse \u00e0 Dents ORTHO X apporte une solution id\u00e9ale. Sa technologie brevet\u00e9e d&rsquo;implantation des brins arrondis en X permet un brossage optimal des zones inaccessibles et des bagues orthodontiques. Les brins externes crois\u00e9s nettoient les zones difficiles d&rsquo;acc\u00e8s tandis que ses brins centraux facilitent le nettoyage des bagues ou des proth\u00e8ses ortho. Et pour garantir \u00e0 la brosse \u00e0 dents orthodontique ELGYDIUM Clinic un assainissement irr\u00e9prochable, il suffit de la placer au micro-ondes \u00e0 600 W et de patienter \u00e0 peine 60 secondes.<\/p>\n<p>Les bienfaits :<br \/>\n\u2022 PR\u00c9CISE : ses brins externes crois\u00e9s nettoient les zones difficiles d&rsquo;acc\u00e8s et contribuent \u00e0 la protection contre les caries.<\/p>\n<p>\u2022 GLOBALE : ses brins centraux facilitent le nettoyage des dents, des gencives et des bagues ou proth\u00e8ses ortho.<\/p>\n<p>\u2022 HYGI\u00c9NIQUE : elle est assainissable au micro-ondes, \u00e0 600 W, en plongeant la t\u00eate dans l&rsquo;eau une minute seulement.<\/p>\n<p>Conseils d&rsquo;utilisation:<br \/>\nAssainissable au micro-ondes (1 minute \u00e0 600 W en pr\u00e9sence d&rsquo;eau)<\/p>","protected":false},"excerpt":{"rendered":"<p>Les adultes porteurs d&rsquo;appareils orthodontiques connaissent la difficult\u00e9 que repr\u00e9sente un brossage soign\u00e9 et complet. ELGYDIUM Clinic Brosse \u00e0 Dents ORTHO X&hellip;<\/p>","protected":false},"featured_media":14443,"comment_status":"open","ping_status":"closed","template":"","meta":[],"product_cat":[88],"product_tag":[],"yith_product_brand":[189],"class_list":{"0":"post-14444","1":"product","2":"type-product","3":"status-publish","4":"has-post-thumbnail","6":"product_cat-soins-bucco-dentaires","7":"yith_product_brand-elgydium","9":"first","10":"instock","11":"sale","12":"shipping-taxable","13":"purchasable","14":"product-type-simple"},"_links":{"self":[{"href":"https:\/\/parapharmacieenligne.ma\/en\/wp-json\/wp\/v2\/product\/14444","targetHints":{"allow":["GET"]}}],"collection":[{"href":"https:\/\/parapharmacieenligne.ma\/en\/wp-json\/wp\/v2\/product"}],"about":[{"href":"https:\/\/parapharmacieenligne.ma\/en\/wp-json\/wp\/v2\/types\/product"}],"replies":[{"embeddable":true,"href":"https:\/\/parapharmacieenligne.ma\/en\/wp-json\/wp\/v2\/comments?post=14444"}],"version-history":[{"count":1,"href":"https:\/\/parapharmacieenligne.ma\/en\/wp-json\/wp\/v2\/product\/14444\/revisions"}],"predecessor-version":[{"id":14445,"href":"https:\/\/parapharmacieenligne.ma\/en\/wp-json\/wp\/v2\/product\/14444\/revisions\/14445"}],"wp:featuredmedia":[{"embeddable":true,"href":"https:\/\/parapharmacieenligne.ma\/en\/wp-json\/wp\/v2\/media\/14443"}],"wp:attachment":[{"href":"https:\/\/parapharmacieenligne.ma\/en\/wp-json\/wp\/v2\/media?parent=14444"}],"wp:term":[{"taxonomy":"product_cat","embeddable":true,"href":"https:\/\/parapharmacieenligne.ma\/en\/wp-json\/wp\/v2\/product_cat?post=14444"},{"taxonomy":"product_tag","embeddable":true,"href":"https:\/\/parapharmacieenligne.ma\/en\/wp-json\/wp\/v2\/product_tag?post=14444"},{"taxonomy":"yith_product_brand","embeddable":true,"href":"https:\/\/parapharmacieenligne.ma\/en\/wp-json\/wp\/v2\/yith_product_brand?post=14444"}],"curies":[{"name":"wp","href":"https:\/\/api.w.org\/{rel}","templated":true}]}}