{"id":14450,"date":"2026-02-13T20:10:19","date_gmt":"2026-02-13T19:10:19","guid":{"rendered":"https:\/\/parapharmacieenligne.ma\/?post_type=product&#038;p=14450"},"modified":"2026-02-13T20:10:27","modified_gmt":"2026-02-13T19:10:27","slug":"elgydium-dentifrice-junior-7-12-ans-50-ml","status":"publish","type":"product","link":"https:\/\/parapharmacieenligne.ma\/en\/product\/elgydium-dentifrice-junior-7-12-ans-50-ml\/","title":{"rendered":"ELGYDIUM DENTIFRICE JUNIOR 7-12 ANS 50 ML"},"content":{"rendered":"<p>Le Fluorinol contenu dans ELGYDIUM Dentifrice Junior (7-12 ans) Bubble est parfaitement dos\u00e9 et offre une efficacit\u00e9 renforc\u00e9e dans la protection de l&rsquo;\u00e9mail des dents d\u00e9finitives contre les caries. Le dentifrice junior prot\u00e8ge les premi\u00e8res dents d\u00e9finitives contre les attaques acides responsables de caries. Avec ses 95% d&rsquo;ingr\u00e9dients d&rsquo;origine naturelle et son arome Bubble Gum, il transforme le brossage en un moment agr\u00e9able et en fait une excellente habitude.<\/p>\n<p>Les bienfaits:<\/p>\n<p>\u00ab\u00a0\u2022 ADAPT\u00c9 aux dents des enfants et pr\u00e9adolescents entre 7 et 12 ans.<br \/>\n\u2022 AGIT contre les attaques acides et les caries.<br \/>\n\u2022 AROMATIS\u00c9 au Bubble Gum pour encore plus de plaisir d&rsquo;utilisation.\u00a0\u00bb<\/p>\n<p>Conseils d&rsquo;utilisation:<br \/>\nIl est recommand\u00e9 de se brosser les dents apr\u00e8s chaque repas, 2 \u00e0 3 fois par jour, pendant 2 minutes.<br \/>\nD\u00e9poser un petit pois de gel par brossage sur une brosse souple de type ELGYDIUM Junior 7\/12 ans.<\/p>","protected":false},"excerpt":{"rendered":"<p>Le Fluorinol contenu dans ELGYDIUM Dentifrice Junior (7-12 ans) Bubble est parfaitement dos\u00e9 et offre une efficacit\u00e9 renforc\u00e9e dans la protection de&hellip;<\/p>","protected":false},"featured_media":14449,"comment_status":"open","ping_status":"closed","template":"","meta":[],"product_cat":[88],"product_tag":[],"yith_product_brand":[189],"class_list":{"0":"post-14450","1":"product","2":"type-product","3":"status-publish","4":"has-post-thumbnail","6":"product_cat-soins-bucco-dentaires","7":"yith_product_brand-elgydium","9":"first","10":"instock","11":"sale","12":"shipping-taxable","13":"purchasable","14":"product-type-simple"},"_links":{"self":[{"href":"https:\/\/parapharmacieenligne.ma\/en\/wp-json\/wp\/v2\/product\/14450","targetHints":{"allow":["GET"]}}],"collection":[{"href":"https:\/\/parapharmacieenligne.ma\/en\/wp-json\/wp\/v2\/product"}],"about":[{"href":"https:\/\/parapharmacieenligne.ma\/en\/wp-json\/wp\/v2\/types\/product"}],"replies":[{"embeddable":true,"href":"https:\/\/parapharmacieenligne.ma\/en\/wp-json\/wp\/v2\/comments?post=14450"}],"version-history":[{"count":1,"href":"https:\/\/parapharmacieenligne.ma\/en\/wp-json\/wp\/v2\/product\/14450\/revisions"}],"predecessor-version":[{"id":14451,"href":"https:\/\/parapharmacieenligne.ma\/en\/wp-json\/wp\/v2\/product\/14450\/revisions\/14451"}],"wp:featuredmedia":[{"embeddable":true,"href":"https:\/\/parapharmacieenligne.ma\/en\/wp-json\/wp\/v2\/media\/14449"}],"wp:attachment":[{"href":"https:\/\/parapharmacieenligne.ma\/en\/wp-json\/wp\/v2\/media?parent=14450"}],"wp:term":[{"taxonomy":"product_cat","embeddable":true,"href":"https:\/\/parapharmacieenligne.ma\/en\/wp-json\/wp\/v2\/product_cat?post=14450"},{"taxonomy":"product_tag","embeddable":true,"href":"https:\/\/parapharmacieenligne.ma\/en\/wp-json\/wp\/v2\/product_tag?post=14450"},{"taxonomy":"yith_product_brand","embeddable":true,"href":"https:\/\/parapharmacieenligne.ma\/en\/wp-json\/wp\/v2\/yith_product_brand?post=14450"}],"curies":[{"name":"wp","href":"https:\/\/api.w.org\/{rel}","templated":true}]}}