{"id":14453,"date":"2026-02-13T20:10:38","date_gmt":"2026-02-13T19:10:38","guid":{"rendered":"https:\/\/parapharmacieenligne.ma\/?post_type=product&#038;p=14453"},"modified":"2026-02-13T20:10:46","modified_gmt":"2026-02-13T19:10:46","slug":"elgydium-dentifrice-gel-junior-75-ml","status":"publish","type":"product","link":"https:\/\/parapharmacieenligne.ma\/en\/product\/elgydium-dentifrice-gel-junior-75-ml\/","title":{"rendered":"ELGYDIUM DENTIFRICE GEL JUNIOR 75 ML"},"content":{"rendered":"<p>Ce dentifrice Elgydium Junior l&rsquo;Age de Glace est indiqu\u00e9 pour prendre soin des premi\u00e8res dents d\u00e9finitives et les renforcer. Il s&rsquo;adresse aux enfants de 7 \u00e0 12 ans et est aromatis\u00e9 Tutti Frutti, un beau cocktail de fruits pour une explosion de saveurs en bouche !Un produit pour l&rsquo;hygi\u00e8ne quotidienne des dents \u00e0 l&rsquo;effigie des personnages pr\u00e9f\u00e9r\u00e9s des enfants du c\u00e9l\u00e8bre Age de Glace. Sid le paresseux et Scrat l&rsquo;\u00e9cureuil accompagnent les enfants au cours de ce rituel dans la salle de bains.<\/p>","protected":false},"excerpt":{"rendered":"<p>Ce dentifrice Elgydium Junior l&rsquo;Age de Glace est indiqu\u00e9 pour prendre soin des premi\u00e8res dents d\u00e9finitives et les renforcer. Il s&rsquo;adresse aux&hellip;<\/p>","protected":false},"featured_media":14452,"comment_status":"open","ping_status":"closed","template":"","meta":[],"product_cat":[88],"product_tag":[],"yith_product_brand":[189],"class_list":{"0":"post-14453","1":"product","2":"type-product","3":"status-publish","4":"has-post-thumbnail","6":"product_cat-soins-bucco-dentaires","7":"yith_product_brand-elgydium","9":"first","10":"instock","11":"sale","12":"shipping-taxable","13":"purchasable","14":"product-type-simple"},"_links":{"self":[{"href":"https:\/\/parapharmacieenligne.ma\/en\/wp-json\/wp\/v2\/product\/14453","targetHints":{"allow":["GET"]}}],"collection":[{"href":"https:\/\/parapharmacieenligne.ma\/en\/wp-json\/wp\/v2\/product"}],"about":[{"href":"https:\/\/parapharmacieenligne.ma\/en\/wp-json\/wp\/v2\/types\/product"}],"replies":[{"embeddable":true,"href":"https:\/\/parapharmacieenligne.ma\/en\/wp-json\/wp\/v2\/comments?post=14453"}],"version-history":[{"count":1,"href":"https:\/\/parapharmacieenligne.ma\/en\/wp-json\/wp\/v2\/product\/14453\/revisions"}],"predecessor-version":[{"id":14454,"href":"https:\/\/parapharmacieenligne.ma\/en\/wp-json\/wp\/v2\/product\/14453\/revisions\/14454"}],"wp:featuredmedia":[{"embeddable":true,"href":"https:\/\/parapharmacieenligne.ma\/en\/wp-json\/wp\/v2\/media\/14452"}],"wp:attachment":[{"href":"https:\/\/parapharmacieenligne.ma\/en\/wp-json\/wp\/v2\/media?parent=14453"}],"wp:term":[{"taxonomy":"product_cat","embeddable":true,"href":"https:\/\/parapharmacieenligne.ma\/en\/wp-json\/wp\/v2\/product_cat?post=14453"},{"taxonomy":"product_tag","embeddable":true,"href":"https:\/\/parapharmacieenligne.ma\/en\/wp-json\/wp\/v2\/product_tag?post=14453"},{"taxonomy":"yith_product_brand","embeddable":true,"href":"https:\/\/parapharmacieenligne.ma\/en\/wp-json\/wp\/v2\/yith_product_brand?post=14453"}],"curies":[{"name":"wp","href":"https:\/\/api.w.org\/{rel}","templated":true}]}}