{"id":14456,"date":"2026-02-13T20:10:56","date_gmt":"2026-02-13T19:10:56","guid":{"rendered":"https:\/\/parapharmacieenligne.ma\/?post_type=product&#038;p=14456"},"modified":"2026-02-13T20:11:07","modified_gmt":"2026-02-13T19:11:07","slug":"elgydium-brosse-a-dents-pocket-medium","status":"publish","type":"product","link":"https:\/\/parapharmacieenligne.ma\/en\/product\/elgydium-brosse-a-dents-pocket-medium\/","title":{"rendered":"ELGYDIUM BROSSE A DENTS POCKET MEDIUM"},"content":{"rendered":"<p>La brosse \u00e0 dents ELGYDIUM Pocket se replie, se referme et s&#8217;emporte partout, du bureau \u00e0 l&rsquo;avion, de la salle de sport au resto. Ses brins courts respectent l&rsquo;\u00e9mail tandis que ses brins longs atteignent facilement les espaces interdentaires et massent les gencives. Pour se d\u00e9placer sans n\u00e9gliger son hygi\u00e8ne bucco-dentaire.<\/p>\n<p>Les bienfaits :<br \/>\n\u2022 PRATIQUE gr\u00e2ce \u00e0 son format de poche repliable.<br \/>\n\u2022 PRECISE avec ses brins finement arrondis de hauteurs diff\u00e9rentes, elle contribue au meilleur des brossages.<br \/>\n\u2022 HYGI\u00c9NIQUE, une fois repli\u00e9e, sa t\u00eate est parfaitement prot\u00e9g\u00e9e.<\/p>\n<p>Conseils d&rsquo;utilisation:<br \/>\nIl est recommand\u00e9 de se brosser les dents apr\u00e8s chaque repas, 2 \u00e0 3 fois par jour, pendant 2 minutes, avec un dentifrice destin\u00e9 \u00e0 la protection contre les caries, par exemple ELGYDIUM Protection Caries.<\/p>","protected":false},"excerpt":{"rendered":"<p>La brosse \u00e0 dents ELGYDIUM Pocket se replie, se referme et s&#8217;emporte partout, du bureau \u00e0 l&rsquo;avion, de la salle de sport&hellip;<\/p>","protected":false},"featured_media":14455,"comment_status":"open","ping_status":"closed","template":"","meta":[],"product_cat":[88],"product_tag":[],"yith_product_brand":[189],"class_list":{"0":"post-14456","1":"product","2":"type-product","3":"status-publish","4":"has-post-thumbnail","6":"product_cat-soins-bucco-dentaires","7":"yith_product_brand-elgydium","9":"first","10":"instock","11":"sale","12":"shipping-taxable","13":"purchasable","14":"product-type-simple"},"_links":{"self":[{"href":"https:\/\/parapharmacieenligne.ma\/en\/wp-json\/wp\/v2\/product\/14456","targetHints":{"allow":["GET"]}}],"collection":[{"href":"https:\/\/parapharmacieenligne.ma\/en\/wp-json\/wp\/v2\/product"}],"about":[{"href":"https:\/\/parapharmacieenligne.ma\/en\/wp-json\/wp\/v2\/types\/product"}],"replies":[{"embeddable":true,"href":"https:\/\/parapharmacieenligne.ma\/en\/wp-json\/wp\/v2\/comments?post=14456"}],"version-history":[{"count":1,"href":"https:\/\/parapharmacieenligne.ma\/en\/wp-json\/wp\/v2\/product\/14456\/revisions"}],"predecessor-version":[{"id":14457,"href":"https:\/\/parapharmacieenligne.ma\/en\/wp-json\/wp\/v2\/product\/14456\/revisions\/14457"}],"wp:featuredmedia":[{"embeddable":true,"href":"https:\/\/parapharmacieenligne.ma\/en\/wp-json\/wp\/v2\/media\/14455"}],"wp:attachment":[{"href":"https:\/\/parapharmacieenligne.ma\/en\/wp-json\/wp\/v2\/media?parent=14456"}],"wp:term":[{"taxonomy":"product_cat","embeddable":true,"href":"https:\/\/parapharmacieenligne.ma\/en\/wp-json\/wp\/v2\/product_cat?post=14456"},{"taxonomy":"product_tag","embeddable":true,"href":"https:\/\/parapharmacieenligne.ma\/en\/wp-json\/wp\/v2\/product_tag?post=14456"},{"taxonomy":"yith_product_brand","embeddable":true,"href":"https:\/\/parapharmacieenligne.ma\/en\/wp-json\/wp\/v2\/yith_product_brand?post=14456"}],"curies":[{"name":"wp","href":"https:\/\/api.w.org\/{rel}","templated":true}]}}