{"id":14465,"date":"2026-02-13T20:12:27","date_gmt":"2026-02-13T19:12:27","guid":{"rendered":"https:\/\/parapharmacieenligne.ma\/?post_type=product&#038;p=14465"},"modified":"2026-02-13T20:12:39","modified_gmt":"2026-02-13T19:12:39","slug":"elgydium-brosse-a-dents-semi-hard-25-100","status":"publish","type":"product","link":"https:\/\/parapharmacieenligne.ma\/en\/product\/elgydium-brosse-a-dents-semi-hard-25-100\/","title":{"rendered":"ELGYDIUM BROSSE A DENTS SEMI HARD 25-100"},"content":{"rendered":"<p>Avec son manche flexible et son col fin, ELGYDIUM Clinic Brosse \u00e0 Dents semi-hard 25\/100 est un indispensable de la salle de bain. Une brosse \u00e0 dents mi-dure aux brins en nylon de qualit\u00e9 de 25\/100 mm, finement arrondis, pour une sensation de brossage intense mais dans le respect des gencives. Une capsule de protection de la t\u00eate permet de la ranger \u00e0 l&rsquo;abri et de conserver la forme des brins pour plus d&rsquo;efficacit\u00e9. Elle est \u00e9galement assainissable au micro-ondes, \u00e0 600 W, en plongeant la t\u00eate dans l&rsquo;eau une minute seulement.<\/p>\n<p>Les bienfaits :<\/p>\n<p>\u2022 MI-DURE : ses brins en nylon de qualit\u00e9 de 25\/100 mm offrent une sensation de brossage intense et s&rsquo;adaptent aux dents, aux gencives et aux espaces interdentaires.<\/p>\n<p>\u2022 ESSENTIELLE : elle s&#8217;emploie au quotidien, de pr\u00e9f\u00e9rence apr\u00e8s chaque repas.<\/p>\n<p>\u2022 HYGI\u00c9NIQUE : assainissable au micro-ondes (1 minute \u00e0 600 W en pr\u00e9sence d&rsquo;eau) pour \u00e9liminer 99,9 % des bact\u00e9ries.<\/p>\n<p>Conseils d&rsquo;utilisation:<\/p>\n<p>Assainissable au micro-ondes (1 minute \u00e0 600 W en pr\u00e9sence d&rsquo;eau)<\/p>","protected":false},"excerpt":{"rendered":"<p>Avec son manche flexible et son col fin, ELGYDIUM Clinic Brosse \u00e0 Dents semi-hard 25\/100 est un indispensable de la salle de&hellip;<\/p>","protected":false},"featured_media":14464,"comment_status":"open","ping_status":"closed","template":"","meta":[],"product_cat":[88],"product_tag":[],"yith_product_brand":[189],"class_list":{"0":"post-14465","1":"product","2":"type-product","3":"status-publish","4":"has-post-thumbnail","6":"product_cat-soins-bucco-dentaires","7":"yith_product_brand-elgydium","9":"first","10":"instock","11":"sale","12":"shipping-taxable","13":"purchasable","14":"product-type-simple"},"_links":{"self":[{"href":"https:\/\/parapharmacieenligne.ma\/en\/wp-json\/wp\/v2\/product\/14465","targetHints":{"allow":["GET"]}}],"collection":[{"href":"https:\/\/parapharmacieenligne.ma\/en\/wp-json\/wp\/v2\/product"}],"about":[{"href":"https:\/\/parapharmacieenligne.ma\/en\/wp-json\/wp\/v2\/types\/product"}],"replies":[{"embeddable":true,"href":"https:\/\/parapharmacieenligne.ma\/en\/wp-json\/wp\/v2\/comments?post=14465"}],"version-history":[{"count":1,"href":"https:\/\/parapharmacieenligne.ma\/en\/wp-json\/wp\/v2\/product\/14465\/revisions"}],"predecessor-version":[{"id":14466,"href":"https:\/\/parapharmacieenligne.ma\/en\/wp-json\/wp\/v2\/product\/14465\/revisions\/14466"}],"wp:featuredmedia":[{"embeddable":true,"href":"https:\/\/parapharmacieenligne.ma\/en\/wp-json\/wp\/v2\/media\/14464"}],"wp:attachment":[{"href":"https:\/\/parapharmacieenligne.ma\/en\/wp-json\/wp\/v2\/media?parent=14465"}],"wp:term":[{"taxonomy":"product_cat","embeddable":true,"href":"https:\/\/parapharmacieenligne.ma\/en\/wp-json\/wp\/v2\/product_cat?post=14465"},{"taxonomy":"product_tag","embeddable":true,"href":"https:\/\/parapharmacieenligne.ma\/en\/wp-json\/wp\/v2\/product_tag?post=14465"},{"taxonomy":"yith_product_brand","embeddable":true,"href":"https:\/\/parapharmacieenligne.ma\/en\/wp-json\/wp\/v2\/yith_product_brand?post=14465"}],"curies":[{"name":"wp","href":"https:\/\/api.w.org\/{rel}","templated":true}]}}